{"id":2305,"date":"2020-06-30T15:52:43","date_gmt":"2020-06-30T15:52:43","guid":{"rendered":"https:\/\/staging.justgopink.com\/welcome-to-the-dosha-test\/"},"modified":"2021-02-02T15:15:55","modified_gmt":"2021-02-02T15:15:55","slug":"bienvenue-au-test-des-doshas","status":"publish","type":"page","link":"https:\/\/justgopink.com\/fr\/bienvenue-au-test-des-doshas\/","title":{"rendered":"Bienvenue au test des Doshas!"},"content":{"rendered":"<h4 style=\"text-align: center;\"><strong>Selon l&rsquo;Ayurveda, ce que tu manges joue un r\u00f4le majeur dans l&rsquo;obtention et le maintien d&rsquo;une bonne sant\u00e9. Tu es ce que tu manges.<\/strong><\/h4>\n<p>Chaque cellule de ton corps se renouvelle plusieurs fois au cours de ta vie. Les \u00e9l\u00e9ments constitutifs sont issus en grande partie de ton alimentation. Ce que tu manges a donc un effet tr\u00e8s direct sur ton corps. Tu trouveras des informations g\u00e9n\u00e9rales et plus d\u00e9taill\u00e9es sur l&rsquo;Ayurveda dans notre <a href=\"https:\/\/justgopink.com\/fr\/guide-du-debutant-pour-une-vie-plus-saine-et-plus-heureuse\/\" style=\"outline: none;\" target=\"_blank\" rel=\"noopener\">Guide du d\u00e9butant pour une vie plus saine et plus heureuse<\/a>, ou consultez l&rsquo;article suivant sur notre blog :<\/p>\n<p><span><img decoding=\"async\" alt=\"An Introduction to Proper Nutrition According to Ayurveda\" data-id=\"2953\" width=\"428\" data-init-width=\"1024\" height=\"285\" data-init-height=\"682\" title=\"An Introduction to Proper Nutrition According to Ayurveda-s\" loading=\"lazy\" src=\"http:\/\/justgopink.com\/wp-content\/uploads\/2020\/08\/An-Introduction-to-Proper-Nutrition-According-to-Ayurveda-s-1024x682.jpg\" data-width=\"428\" data-height=\"285\"><\/span><\/p>\n<p><a href=\"https:\/\/justgopink.com\/fr\/introduction-a-une-alimentation-equilibree-selon-layurveda\/\" target=\"_blank\" style=\"outline: none;\" rel=\"noopener\"><span data-attr-link=\"0\" data-attr-rel=\"0\" data-attr-target=\"0\" data-extra_key=\"\" data-option-inline=\"1\" data-shortcode=\"tcb_post_title\" data-shortcode-name=\"Post title\">Introduction \u00e0 une alimentation \u00e9quilibr\u00e9e selon l\u2019Ayurv\u00e9da<\/span><\/a><\/p>\n<h4 style=\"text-align: center;\">Ce que nous te proposons ici est une liste longue et d\u00e9taill\u00e9e de recommandations alimentaires bas\u00e9es sur ta constitution ayurv\u00e9dique individuelle.<\/h4>\n<p>La liste contient environ 350 aliments, soigneusement regroup\u00e9s en 12 cat\u00e9gories distinctes. Dans chaque cat\u00e9gorie, les aliments sont class\u00e9s par ordre alphab\u00e9tique et, derri\u00e8re chaque aliment, une indication allant de recommand\u00e9 (en bleu), avec mod\u00e9ration (en jaune), ou \u00e0 \u00e9viter (en rouge). La liste est pr\u00e9sent\u00e9e sous forme de fichier PDF t\u00e9l\u00e9chargeable (<a href=\"http:\/\/justgopink.com\/wp-content\/examples\/foodlist_fr.pdf\" rel=\"nofollow noopener\" style=\"outline: none;\" target=\"_blank\">voir l&rsquo;exemple<\/a>) que tu peux facilement imprimer ou t\u00e9l\u00e9charger sur n&rsquo;importe quel appareil.<\/p>\n<h4>Comment cela fonctionne-t-il ? Il y a trois \u00e9tapes simples :<\/h4>\n<ol>\n<li>remplis le Test des Doshas* pour d\u00e9terminer ta constitution ;<\/li>\n<li>paye \u20ac 10,00;<\/li>\n<li>t\u00e9l\u00e9charge ta liste personnelle de recommandations alimentaires.<\/li>\n<\/ol>\n<p style=\"text-align: center;\">Et voil\u00e0. C&rsquo;est tout ce qu&rsquo;il y a \u00e0 faire! \u263a\ufe0f<\/p>\n<p style=\"line-height: 1.75em !important;\">Si tu es un professionnel de l&rsquo;Ayurveda et que tu souhaites cr\u00e9er des listes personnalis\u00e9es de recommandations alimentaires pour tes clients, nous te recommandons de visiter <a href=\"https:\/\/ananda.justgopink.com\" target=\"_blank\" style=\"outline: none;\" rel=\"noopener\">Ananda<\/a>.<\/p>\n<p><em><span style=\"text-decoration: underline; font-size: 14px;\"><\/span><span style=\"font-size: 14px;\"><span style=\"text-decoration: underline;\">Avertissement<\/span> : nous ne sommes en aucun cas responsables de ta sant\u00e9. La liste que nous te fournissons est cens\u00e9e te permettre de prendre le contr\u00f4le de ton alimentation. Toutefois, si tu es malade et\/ou si tu as besoin d&rsquo;un soutien plus personnel, nous te conseillons vivement d&rsquo;aller consulter un nutritionniste, un professionnel ou un m\u00e9decin ayurv\u00e9dique.<\/span><\/em><\/p>\n<p><em><span style=\"font-size: 14px;\">*Ce Test des Doshas est bas\u00e9 sur le questionnaire d\u00e9velopp\u00e9 par <a href=\"http:\/\/www.atreya.com\/ayurveda\/index.php\" target=\"_blank\" style=\"outline: none;\" rel=\"noopener\">Atreya Smith<\/a>.<\/span><\/em><\/p>\n","protected":false},"excerpt":{"rendered":"<p>Selon l&rsquo;Ayurveda, ce que tu manges joue un r\u00f4le majeur dans l&rsquo;obtention et le maintien d&rsquo;une bonne sant\u00e9. Tu es ce que tu manges. Chaque cellule de ton corps se renouvelle plusieurs fois au cours de ta vie. Les \u00e9l\u00e9ments constitutifs sont issus en grande partie de ton alimentation. Ce que tu manges a donc [&hellip;]<\/p>\n","protected":false},"author":1,"featured_media":0,"parent":0,"menu_order":0,"comment_status":"closed","ping_status":"closed","template":"","meta":{"footnotes":""},"_links":{"self":[{"href":"https:\/\/justgopink.com\/fr\/wp-json\/wp\/v2\/pages\/2305"}],"collection":[{"href":"https:\/\/justgopink.com\/fr\/wp-json\/wp\/v2\/pages"}],"about":[{"href":"https:\/\/justgopink.com\/fr\/wp-json\/wp\/v2\/types\/page"}],"author":[{"embeddable":true,"href":"https:\/\/justgopink.com\/fr\/wp-json\/wp\/v2\/users\/1"}],"replies":[{"embeddable":true,"href":"https:\/\/justgopink.com\/fr\/wp-json\/wp\/v2\/comments?post=2305"}],"version-history":[{"count":0,"href":"https:\/\/justgopink.com\/fr\/wp-json\/wp\/v2\/pages\/2305\/revisions"}],"wp:attachment":[{"href":"https:\/\/justgopink.com\/fr\/wp-json\/wp\/v2\/media?parent=2305"}],"curies":[{"name":"wp","href":"https:\/\/api.w.org\/{rel}","templated":true}]}}