{"id":2383,"date":"2020-07-11T16:00:17","date_gmt":"2020-07-11T16:00:17","guid":{"rendered":"https:\/\/staging.justgopink.com\/test-des-dosha\/leave-us-a-testimonial-for-the-food-list\/"},"modified":"2020-09-10T08:28:47","modified_gmt":"2020-09-10T08:28:47","slug":"laisse-nous-un-temoignage-pour-la-liste-des-aliments","status":"publish","type":"page","link":"https:\/\/justgopink.com\/fr\/test-des-dosha\/laisse-nous-un-temoignage-pour-la-liste-des-aliments\/","title":{"rendered":"Laisse-nous un t\u00e9moignage pour la liste des aliments"},"content":{"rendered":"<p>Remove Picture<span>Pourquoi as-tu achet\u00e9 ta liste personnelle de recommandations alimentaires ayurv\u00e9diques ?<\/span><span>Quelle est ton opinion concernant la liste ?<\/span><span>De quelle mani\u00e8re cela t&rsquo;a-t-il aid\u00e9 ?<\/span>Envoyer<img decoding=\"async\" src=\"http:\/\/justgopink.com\/wp-content\/plugins\/thrive-ovation\/templates\/css\/images\/capture-default-image.png\" alt=\"\" height=\"94\" width=\"100\"\/><\/p>\n<p>Merci d&rsquo;avoir d\u00e9pos\u00e9 ton t\u00e9moignage.<\/p>\n","protected":false},"excerpt":{"rendered":"<p>Remove PicturePourquoi as-tu achet\u00e9 ta liste personnelle de recommandations alimentaires ayurv\u00e9diques ?Quelle est ton opinion concernant la liste ?De quelle mani\u00e8re cela t&rsquo;a-t-il aid\u00e9 ?Envoyer Merci d&rsquo;avoir d\u00e9pos\u00e9 ton t\u00e9moignage.<\/p>\n","protected":false},"author":1,"featured_media":0,"parent":2319,"menu_order":0,"comment_status":"closed","ping_status":"closed","template":"","meta":{"footnotes":""},"_links":{"self":[{"href":"https:\/\/justgopink.com\/fr\/wp-json\/wp\/v2\/pages\/2383"}],"collection":[{"href":"https:\/\/justgopink.com\/fr\/wp-json\/wp\/v2\/pages"}],"about":[{"href":"https:\/\/justgopink.com\/fr\/wp-json\/wp\/v2\/types\/page"}],"author":[{"embeddable":true,"href":"https:\/\/justgopink.com\/fr\/wp-json\/wp\/v2\/users\/1"}],"replies":[{"embeddable":true,"href":"https:\/\/justgopink.com\/fr\/wp-json\/wp\/v2\/comments?post=2383"}],"version-history":[{"count":0,"href":"https:\/\/justgopink.com\/fr\/wp-json\/wp\/v2\/pages\/2383\/revisions"}],"up":[{"embeddable":true,"href":"https:\/\/justgopink.com\/fr\/wp-json\/wp\/v2\/pages\/2319"}],"wp:attachment":[{"href":"https:\/\/justgopink.com\/fr\/wp-json\/wp\/v2\/media?parent=2383"}],"curies":[{"name":"wp","href":"https:\/\/api.w.org\/{rel}","templated":true}]}}