{"id":2384,"date":"2020-07-12T14:13:39","date_gmt":"2020-07-12T14:13:39","guid":{"rendered":"https:\/\/staging.justgopink.com\/form-about-an-e-course-in-ayurvedic-nutrition\/"},"modified":"2020-07-21T08:23:59","modified_gmt":"2020-07-21T08:23:59","slug":"formulaire-pour-un-cours-en-ligne-sur-la-nutrition-ayurvedique","status":"publish","type":"page","link":"https:\/\/justgopink.com\/fr\/formulaire-pour-un-cours-en-ligne-sur-la-nutrition-ayurvedique\/","title":{"rendered":"Formulaire Pour un Cours en Ligne sur la Nutrition Ayurv\u00e9dique"},"content":{"rendered":"<p>Tu aimerais apprendre \u00e0 int\u00e9grer la nutrition ayurv\u00e9dique dans ta vie quotidienne ? L&rsquo;ayurv\u00e9da est un grand sujet et si tu es novice en la mati\u00e8re, cela peut te sembler compliqu\u00e9. Alors, par o\u00f9 et comment commencer ? En quoi consiste r\u00e9ellement l&rsquo;Ayurveda ? Et s&rsquo;il s&rsquo;agit d&rsquo;une question de constitution individuelle, n&rsquo;y a-t-il pas de r\u00e8gles g\u00e9n\u00e9rales ?<\/p>\n<p>Nous sommes en train de d\u00e9velopper un cours en ligne pour t&rsquo;enseigner cela et bien plus encore. Tu peux nous aider en nous faisant savoir quelles sont tes difficult\u00e9s en mati\u00e8re de nutrition et ce dont tu penses avoir besoin pour les surmonter. Dans ce cas, prends un moment pour remplir le formulaire ci-dessous. En \u00e9change de ton aide, nous te ferons savoir quand le cours sera mis en ligne et nous t&rsquo;accorderons une r\u00e9duction si tu t&rsquo;inscris.<\/p>\n","protected":false},"excerpt":{"rendered":"<p>Tu aimerais apprendre \u00e0 int\u00e9grer la nutrition ayurv\u00e9dique dans ta vie quotidienne ? L&rsquo;ayurv\u00e9da est un grand sujet et si tu es novice en la mati\u00e8re, cela peut te sembler compliqu\u00e9. Alors, par o\u00f9 et comment commencer ? En quoi consiste r\u00e9ellement l&rsquo;Ayurveda ? Et s&rsquo;il s&rsquo;agit d&rsquo;une question de constitution individuelle, n&rsquo;y a-t-il pas [&hellip;]<\/p>\n","protected":false},"author":1,"featured_media":0,"parent":0,"menu_order":0,"comment_status":"closed","ping_status":"closed","template":"","meta":{"footnotes":""},"_links":{"self":[{"href":"https:\/\/justgopink.com\/fr\/wp-json\/wp\/v2\/pages\/2384"}],"collection":[{"href":"https:\/\/justgopink.com\/fr\/wp-json\/wp\/v2\/pages"}],"about":[{"href":"https:\/\/justgopink.com\/fr\/wp-json\/wp\/v2\/types\/page"}],"author":[{"embeddable":true,"href":"https:\/\/justgopink.com\/fr\/wp-json\/wp\/v2\/users\/1"}],"replies":[{"embeddable":true,"href":"https:\/\/justgopink.com\/fr\/wp-json\/wp\/v2\/comments?post=2384"}],"version-history":[{"count":0,"href":"https:\/\/justgopink.com\/fr\/wp-json\/wp\/v2\/pages\/2384\/revisions"}],"wp:attachment":[{"href":"https:\/\/justgopink.com\/fr\/wp-json\/wp\/v2\/media?parent=2384"}],"curies":[{"name":"wp","href":"https:\/\/api.w.org\/{rel}","templated":true}]}}