{"id":2385,"date":"2020-07-12T10:35:11","date_gmt":"2020-07-12T10:35:11","guid":{"rendered":"https:\/\/staging.justgopink.com\/get-2-months-of-free-nutritional-counseling\/"},"modified":"2020-09-08T10:22:53","modified_gmt":"2020-09-08T10:22:53","slug":"beneficie-de-deux-mois-de-conseils-nutritionnels-gratuits","status":"publish","type":"page","link":"https:\/\/justgopink.com\/fr\/beneficie-de-deux-mois-de-conseils-nutritionnels-gratuits\/","title":{"rendered":"B\u00e9n\u00e9ficie de Deux Mois de Conseils Nutritionnels GRATUITS"},"content":{"rendered":"<p>Salut, c&rsquo;est Karen. Je suis une th\u00e9rapeute nutritionnelle ayurv\u00e9dique certifi\u00e9e depuis 2010. Jusqu&rsquo;\u00e0 pr\u00e9sent, j&rsquo;ai toujours travaill\u00e9 avec les gens en chair et en os. Ce que j&rsquo;ai d\u00fb arr\u00eater lorsque nous avons d\u00e9cid\u00e9 de devenir des nomades num\u00e9riques.<\/p>\n<p><span><img decoding=\"async\" alt=\"Karen\" data-id=\"849\" width=\"245\" data-init-width=\"300\" height=\"187\" data-init-height=\"229\" title=\"About Karen\" loading=\"lazy\" src=\"http:\/\/justgopink.com\/wp-content\/uploads\/2020\/04\/About-Karen-300x229.jpg\" data-width=\"245\" data-height=\"187\" style=\"\"><\/span><\/p>\n<p>Puisque j&rsquo;aime passionn\u00e9ment aider les gens \u00e0 contr\u00f4ler leur sant\u00e9 par le biais de la nutrition, j&rsquo;aimerais voir si je peux utiliser les techniques modernes (appel vid\u00e9o et courrier \u00e9lectronique) pour continuer \u00e0 travailler comme th\u00e9rapeute.<\/p>\n<p>A titre d&rsquo;essai, <strong>je recherche 5 volontaires<\/strong>. Je ne cherche pas seulement des personnes qui veulent un cadeau. Je veux des gens qui sont pr\u00eats \u00e0 s&rsquo;engager comme s&rsquo;ils payaient pour mon aide.<\/p>\n<h3 style=\"text-align: center;\"><strong>Ce que j&rsquo;offre :<\/strong><\/h3>\n<ul>\n<li><span>Appel vid\u00e9o d&rsquo;accueil : dure entre 30 minutes et deux heures.<\/span><\/li>\n<li><span>Suivi d&rsquo;appels vid\u00e9o : 30 minutes par semaine pendant 2 mois.<\/span><\/li>\n<li><span>R\u00e9sum\u00e9 \u00e9crit de chaque consultation par courrier \u00e9lectronique.<\/span><\/li>\n<li><span>Tout cela gratuitement.<\/span><\/li>\n<\/ul>\n<h3 style=\"text-align: center;\"><strong>L&rsquo;engagement que je recherche :<\/strong><\/h3>\n<ul>\n<li><span>me fournir un<strong> journal d\u00e9taill\u00e9 <\/strong>de tout ce que tu manges et bois <strong>pendant sept jours cons\u00e9cutifs<\/strong> avant la premi\u00e8re prise de rendez-vous. D\u00e9cris-moi ce que tu manges, en quelle quantit\u00e9, \u00e0 quelle heure et comment tu te sens, tant physiquement que mentalement ;<\/span><\/li>\n<li><span><strong>ne jamais annuler une consultation ;<\/strong><\/span><\/li>\n<li><span>me donner un retour d&rsquo;<strong>information honn\u00eate <\/strong>afin que je puisse am\u00e9liorer ma saisie en ligne.<\/span><\/li>\n<\/ul>\n<ul>\n<li>Tu as des <strong>probl\u00e8mes de sant\u00e9<\/strong> (surpoids, reflux acide, hypertension, psoriasis, arthrite, etc.)<\/li>\n<\/ul>\n<ul>\n<li style=\"text-align: left;\">Tu souhaites obtenir une<strong>&nbsp;aide professionnelle pour r\u00e9gler ton alimentation<\/strong>?<\/li>\n<li style=\"text-align: justify;\">Es-tu <strong>pr\u00eat \u00e0 y consacrer du temps et des efforts<\/strong>?<\/li>\n<\/ul>\n<p>Contacte-moi. <em>Toutes les informations sont trait\u00e9es de mani\u00e8re confidentielle.<\/em><\/p>\n<p>NomCourrielMessage<a href=\"#\" style=\"font-size: var(--tve-font-size, 18px)  !important;\"><span style=\"\"><span style=\"\">Envoi du message<\/span><\/span><\/a><\/p>\n","protected":false},"excerpt":{"rendered":"<p>Salut, c&rsquo;est Karen. Je suis une th\u00e9rapeute nutritionnelle ayurv\u00e9dique certifi\u00e9e depuis 2010. Jusqu&rsquo;\u00e0 pr\u00e9sent, j&rsquo;ai toujours travaill\u00e9 avec les gens en chair et en os. Ce que j&rsquo;ai d\u00fb arr\u00eater lorsque nous avons d\u00e9cid\u00e9 de devenir des nomades num\u00e9riques. Puisque j&rsquo;aime passionn\u00e9ment aider les gens \u00e0 contr\u00f4ler leur sant\u00e9 par le biais de la nutrition, [&hellip;]<\/p>\n","protected":false},"author":1,"featured_media":0,"parent":0,"menu_order":0,"comment_status":"closed","ping_status":"closed","template":"","meta":{"footnotes":""},"_links":{"self":[{"href":"https:\/\/justgopink.com\/fr\/wp-json\/wp\/v2\/pages\/2385"}],"collection":[{"href":"https:\/\/justgopink.com\/fr\/wp-json\/wp\/v2\/pages"}],"about":[{"href":"https:\/\/justgopink.com\/fr\/wp-json\/wp\/v2\/types\/page"}],"author":[{"embeddable":true,"href":"https:\/\/justgopink.com\/fr\/wp-json\/wp\/v2\/users\/1"}],"replies":[{"embeddable":true,"href":"https:\/\/justgopink.com\/fr\/wp-json\/wp\/v2\/comments?post=2385"}],"version-history":[{"count":0,"href":"https:\/\/justgopink.com\/fr\/wp-json\/wp\/v2\/pages\/2385\/revisions"}],"wp:attachment":[{"href":"https:\/\/justgopink.com\/fr\/wp-json\/wp\/v2\/media?parent=2385"}],"curies":[{"name":"wp","href":"https:\/\/api.w.org\/{rel}","templated":true}]}}