{"id":4066,"date":"2020-11-05T10:41:41","date_gmt":"2020-11-05T10:41:41","guid":{"rendered":"http:\/\/justgopink.com\/?page_id=4066"},"modified":"2021-11-09T17:30:23","modified_gmt":"2021-11-09T17:30:23","slug":"karen-drost-ton-coach-nutritionnel-ayurvedique-personnel","status":"publish","type":"page","link":"https:\/\/justgopink.com\/fr\/karen-drost-ton-coach-nutritionnel-ayurvedique-personnel\/","title":{"rendered":"Karen Drost, ton coach nutritionnel ayurv\u00e9dique personnel"},"content":{"rendered":"<p><span style=\"width: 100%;\"><img decoding=\"async\" alt=\"Pomme Seiler\" title=\"PommeSeiler\" data-id=\"5194\" src=\"http:\/\/justgopink.com\/wp-content\/uploads\/2021\/04\/PommeSeiler-300x300.jpg\" style=\"\" width=\"157\" height=\"157\" data-width=\"157\" data-height=\"157\" data-init-width=\"300\" data-init-height=\"300\" mt-d=\"0\" ml-d=\"0\" loading=\"lazy\"><\/span><\/p>\n<p style=\"text-align: left;\"><span style=\"\">Quelle d\u00e9couverte, quel appuie et pr\u00e9cieuse aide me concernant!<\/span><\/p>\n<p style=\"text-align: left;\">\n<p style=\"text-align: left;\"><span style=\"\">J&rsquo;ai de gros probl\u00e8mes de digestion, de ballonnements&#8230; Pourtant avant de rencontrer Karen j&rsquo;avais d\u00e9j\u00e0 une tr\u00e8s bonne hygi\u00e8ne de vie, beaucoup de notions sur la nutrition. Mais voil\u00e0 qu&rsquo;elle m&rsquo;a ouvert les yeux sur tous les faux avis universels. Nous sommes tous diff\u00e9rents et avons des besoins diff\u00e9rents.<\/span><\/p>\n<p style=\"text-align: left;\">\n<p style=\"text-align: left;\"><span style=\"\">Gr\u00e2ce \u00e0 leur liste d&rsquo;aliments sp\u00e9cifiquement destin\u00e9 \u00e0 mes doshas, la p\u00e9dagogie de Karen, son \u00e9coute, sa bienveillance et sa montagne de connaissance. Elle a su prendre les choses petits \u00e0 petits, sans que je ne me sente oppress\u00e9e par ces changements et ces nouvelles habitudes.<\/span><\/p>\n<p style=\"text-align: left;\">\n<p style=\"text-align: left;\"><span style=\"\">J&rsquo;ai suivi toutes ces recommandations. Apr\u00e8s 2 mois, me voil\u00e0 bien plus libre, avec une meilleure connaissance de moi-m\u00eame. Mon ventre va mieux, moins de ballonnements et une sensation d&rsquo;\u00e9quilibre certain.<\/span><\/p>\n<p style=\"text-align: left;\">\n<p style=\"text-align: left;\"><span style=\"\">Merci pour cet accompagnement que je souhaite \u00e0 tous ceux qui en ressente le besoin.<\/span><\/p>\n<p><a href=\"https:\/\/www.youtube.com\/channel\/UCIrl8fSOUrvwzcLKzPQNQwA\" target=\"_blank\" style=\"outline: none;\" rel=\"noopener\"><span><span><span><em><span style=\"font-size: 23px; font-family: Literata;\">Pomme Seiler<\/span><\/em><\/span><\/span><\/span><\/a><span><span><span><em><span style=\"font-size: 23px;\">, 33 ans<\/span><\/em><\/span><\/span><span><span>&nbsp;<\/span><\/span><\/span><span><span><span style=\"color: rgb(119, 113, 113);\">&#8211; France<\/span><\/span><\/span><span><span><span style=\"color: rgb(119, 113, 113);\"><\/span><\/span><\/span><\/p>\n<p>Que tu sois confront\u00e9 \u00e0 des probl\u00e8mes de poids, de psoriasis, d&rsquo;endom\u00e9triose, d&rsquo;hypertension, de manque d&rsquo;\u00e9nergie, de gaz, d&rsquo;obstruction ou \u00e0 tout autre probl\u00e8me physique ou m\u00eame mental, la nutrition joue un r\u00f4le crucial. \u00a0\u00bb Tu es ce que tu manges \u00a0\u00bb n&rsquo;est pas un simple dicton, c&rsquo;est vrai.Chaque cellule de ton corps se renouvelle \u00e0 un certain intervalle entre quelques semaines (peau) et dix ans (cerveau). Et devine d&rsquo;o\u00f9 viennent les \u00e9l\u00e9ments de base qui permettent de cr\u00e9er ces cellules ? Oui, de ta nourriture.<\/p>\n<p><span style=\"width: 100%;\"><img decoding=\"async\" alt=\"Portrait of Bill Grover\" title=\"Bill Grover\" data-id=\"4040\" src=\"http:\/\/justgopink.com\/wp-content\/uploads\/2020\/11\/Bill-Grover.jpg\" style=\"\" width=\"181\" height=\"151\" data-width=\"181\" data-height=\"151\" data-init-width=\"600\" data-init-height=\"503\" mt-d=\"0\" ml-d=\"-2\" loading=\"lazy\"><\/span><\/p>\n<p style=\"text-align: left;\"><span style=\"\">J&rsquo;ai souffert de psoriasis presque toute ma vie. Apr\u00e8s une consultation individuelle et l&rsquo;examen des r\u00e9sultats de mon test des Doshas avec Karen, j&rsquo;ai chang\u00e9 certaines de mes habitudes alimentaires et mon mode de vie. Au cours des 30 prochains jours, mes sympt\u00f4mes se sont consid\u00e9rablement am\u00e9lior\u00e9s et la fluctuation de mon poids s&rsquo;est stabilis\u00e9e. Karen m&rsquo;a fait prendre conscience des aliments que je dois consommer ou \u00e9viter, et ils sont faciles \u00e0 retenir.Je suis enfin libre. Je vis en Malaisie et je n&rsquo;ai plus besoin de porter des chemises \u00e0 manches longues dans ce climat tropical pour \u00e9viter d&rsquo;\u00eatre g\u00ean\u00e9. Je peux maintenant porter des shorts, nager dans une piscine publique ou aller me faire masser. Merci, Karen, je n&rsquo;aurais pas pu le faire tout seul.<\/span><\/p>\n<p><span style=\"\"><span><span><em><span style=\"font-size: 23px;\">Bill Grover, 64 ans<\/span><\/em><\/span><\/span><span><span>&nbsp;<\/span><\/span><\/span><span style=\"\"><span><span style=\"color: rgb(119, 113, 113);\">&#8211;&nbsp;<\/span><\/span><\/span><span style=\"\"><span><span style=\"color: rgb(119, 113, 113);\">Malaysia<\/span><\/span><\/span><\/p>\n<h3 style=\"\"><span style=\"\">R\u00e9serve <\/span><span style=\"\">maintenant<\/span><\/h3>\n<h3 style=\"\"><span style=\"\">une visio gratuite<\/span><\/h3>\n<p>Faisons une <strong>visio<\/strong><strong>&nbsp;Zoom de 20 minutes<\/strong> pour savoir si je suis le bon coach nutritionnel ayurv\u00e9dique pour te guider vers une alimentation plus saine. C&rsquo;est gratuit et sans obligation.<\/p>\n<p><span><img decoding=\"async\" alt=\"\" data-id=\"57180\" width=\"65\" height=\"33\" title=\"CTA_arrow_02\" src=\"https:\/\/lp-build.thrivethemes.com\/wp-content\/uploads\/2020\/01\/CTA_arrow_02.png\" style=\"\" loading=\"lazy\"><\/span><span><img decoding=\"async\" alt=\"\" data-id=\"57179\" width=\"65\" height=\"33\" title=\"CTA_arrow_01\" src=\"https:\/\/lp-build.thrivethemes.com\/wp-content\/uploads\/2020\/01\/CTA_arrow_01.png\" style=\"\" loading=\"lazy\"><\/span><\/p>\n<p>Tu es donc litt\u00e9ralement ce que tu manges. Et m\u00eame si nous sommes tous cr\u00e9\u00e9s \u00e9gaux, nous ne sommes pas tous les m\u00eames. Au contraire, il n&rsquo;y a pas deux personnes qui soient exactement identiques. Cela signifie que nous avons tous besoin d&rsquo;un r\u00e9gime alimentaire (l\u00e9g\u00e8rement) diff\u00e9rent pour \u00eatre en bonne sant\u00e9 et pouvoir nous \u00e9panouir.<\/p>\n<p>L&rsquo;Ayurveda est tr\u00e8s clair \u00e0 ce sujet : nous avons tous notre propre constitution unique. Et sur cette base, il est possible de d\u00e9terminer quels aliments sont bons et mauvais pour nous. Je suis ici pour t&rsquo;aider dans cette t\u00e2che.<\/p>\n<h2>Mon offre de coaching nutritionnel<\/h2>\n<p style=\"\">Mes outils sont la <strong>nutrition<\/strong> et le <strong>coaching personnel<\/strong>.<\/p>\n<p><span><img decoding=\"async\" alt=\"Karen\" data-id=\"849\" width=\"259\" data-init-width=\"300\" height=\"198\" data-init-height=\"229\" title=\"About Karen\" src=\"http:\/\/justgopink.com\/wp-content\/uploads\/2020\/04\/About-Karen-300x229.jpg\" data-width=\"259\" data-height=\"198\" style=\"\" loading=\"lazy\"><\/span><\/p>\n<p style=\"\">J&rsquo;ai obtenu mon dipl\u00f4me de <strong>C<\/strong><strong>oach Nutritionnel Ayurv\u00e9dique<\/strong> en 2010 et depuis, j&rsquo;adore aider les gens \u00e0 modifier leur alimentation et \u00e0 am\u00e9liorer leur sant\u00e9. <a href=\"https:\/\/justgopink.com\/fr\/comment-une-alimentation-saine-ma-gueri-de-endometriose-une-maladie-incurable-et-redonne-vie\/\" target=\"_blank\" style=\"outline: none;\" rel=\"noopener\">Ma propre exp\u00e9rience du pouvoir d&rsquo;une alimentation \u00e9quilibr\u00e9e<\/a> a \u00e9t\u00e9 ma premi\u00e8re inspiration, mais je continue \u00e0 me r\u00e9jouir avec chaque personne que j&rsquo;aide \u00e0 modifier son alimentation.<\/p>\n<p style=\"\">Contrairement \u00e0 ce que j&rsquo;ai fait moi-m\u00eame (= changer radicalement mon alimentation d&rsquo;un jour \u00e0 l&rsquo;autre), je reconnais que pour la plupart des gens, cela ne marchera pas. S&rsquo;y prendre de cette fa\u00e7on, c&rsquo;est se pr\u00e9parer \u00e0 l&rsquo;\u00e9chec. C&rsquo;est pourquoi, dans la plupart des cas, j&rsquo;accompagne les gens sur un <strong>chemin de petites \u00e9tapes progressives<\/strong>.<\/p>\n<p style=\"text-align: center;\">Et cela fonctionne \u00e0 chaque fois. Il s&rsquo;agit de se pr\u00e9parer \u00e0 r\u00e9ussir.<\/p>\n<p>J&rsquo;\u00e9coute tr\u00e8s attentivement ce que tu as \u00e0 dire et je pose beaucoup de questions. Plus tu m&rsquo;informeras, mieux je pourrai t&rsquo;aider. Je ferai le point sur tous les probl\u00e8mes (physiques) et les obstacles (mentaux) que tu rencontres. Mais je ne suis pas m\u00e9decin et je ne \u00ab\u00a0traiterai\u00a0\u00bb aucun de ces probl\u00e8mes et obstacles comme tels.<\/p>\n<p>Au lieu de cela, j<strong>e te guiderais simplement sur ton chemin unique vers des habitudes alimentaires saines<\/strong>. Ensemble, nous d\u00e9terminerons les \u00e9tapes qui te conviennent \u00e0 un moment donn\u00e9. Et tu constateras que certains de tes probl\u00e8mes dispara\u00eetront comme \u00e7a. Tout comme <a href=\"https:\/\/justgopink.com\/fr\/comment-une-alimentation-saine-ma-gueri-de-endometriose-une-maladie-incurable-et-redonne-vie\/\" target=\"_blank\" style=\"outline: none;\" rel=\"noopener\">ma maladie incurable<\/a> pour moi.<\/p>\n<p>Tu feras de tout petits changements. Chaque semaine, nous discuterons et je ferai des suggestions de changements. Tu ne t&rsquo;engageras qu&rsquo;envers ceux qui te concernent. La plupart du temps, il convient que tu te sentes en confiance (\u00ab\u00a0je peux faire \u00e7a !\u00a0\u00bb). Certaines choses seront peut-\u00eatre un peu plus difficiles, mais une fois que tu auras compris l&rsquo;importance et les avantages qu&rsquo;elles t&rsquo;apporteront, tu seras tellement motiv\u00e9 que tu r\u00e9ussiras.<\/p>\n<h3 style=\"text-align: left;\">Pr\u00eat pour un RV?<\/h3>\n<h3 style=\"text-align: left;\">R\u00e9serve maintenant ta visio&nbsp;<strong>gratuite<\/strong> de 20 minutes!<\/h3>\n<h3>Pas de stress<\/h3>\n<p>En raison de l&rsquo;impact que le stress a sur nous, j&rsquo;essaie de ne pas en ajouter \u00e0 ton stress. Au contraire, j&rsquo;essaie de t&rsquo;aider \u00e0 te d\u00e9tendre et \u00e0 t&rsquo;installer dans une <strong>nouvelle routine <\/strong>qui te convient. Pour que tu puisses te lib\u00e9rer d&rsquo;une partie du stress quotidien et \u00eatre plus joyeux.Le corps, l&rsquo;esprit et l&rsquo;\u00e2me sont intimement li\u00e9s. Par cons\u00e9quent, si tu parviens \u00e0 changer tes sentiments pour plus de bonheur, tu te sentiras mieux (= en meilleure sant\u00e9). Tout devient plus facile de cette fa\u00e7on.<\/p>\n<p><em><strong>Dans l&rsquo;ensemble, je t&#8217;emm\u00e8nerai dans un voyage passionnant et inspirant d&rsquo;apprentissage et de d\u00e9couverte.<\/strong><\/em><\/p>\n<h3>Co\u00fbt et engagement<\/h3>\n<p>Les consultations se font par visioconf\u00e9rence, \u00e0 l&rsquo;aide de <a href=\"https:\/\/zoom.us\/fr-fr\/meetings.html\" target=\"_blank\" style=\"outline: none;\" rel=\"noopener\">Zoom<\/a>. Apr\u00e8s chaque consultation, je t&rsquo;enverrai un courriel avec un r\u00e9sum\u00e9 de ce qui a \u00e9t\u00e9 discut\u00e9. Je peux \u00e9galement consulter d&rsquo;autres sp\u00e9cialistes ayurv\u00e9diques de mon r\u00e9seau si tu as des questions particuli\u00e8res que je ne connais pas ou dont je ne suis pas s\u00fbr.La premi\u00e8re consultation durera entre 1 et 2 heures; les consultations suivantes durent g\u00e9n\u00e9ralement entre 30 et 45 minutes.<\/p>\n<h4>Conditions pr\u00e9alables:<\/h4>\n<p>Avant la premi\u00e8re consultation, je te demande de tenir un journal de 7 jours cons\u00e9cutifs, dans lequel tu notes:<\/p>\n<ul>\n<li>quand manges-tu ou bois-tu (moment de la journ\u00e9e);<\/li>\n<li>ce que tu manges ou bois;<\/li>\n<li>la quantit\u00e9 de nourriture\/boisson que tu consommes;<\/li>\n<li>comment te sens-tu apr\u00e8s, tant physiquement que mentalement.<\/li>\n<\/ul>\n<p>Merci de m&rsquo;envoyer cet agenda par courriel au moins 24 heures avant notre premi\u00e8re rencontre.<\/p>\n<p>Je comprends tout \u00e0 fait si tu veux faire ma connaissance avant de t&rsquo;engager dans un voyage de coaching. Apr\u00e8s tout, c&rsquo;est assez personnel et nous devons tous les deux ressentir un lien pour que cela fonctionne de mani\u00e8re optimale. C&rsquo;est pourquoi tu peux <a href=\"https:\/\/calendly.com\/karendrost\/20-minute-zoom-meeting\" target=\"_blank\" style=\"outline: none;\" rel=\"noopener\">r\u00e9serve ici une visio Zoom gratuite de 20 minutes<\/a>, rien que pour cela.<\/p>\n<h3>Mes honoraires sont:<\/h3>\n<ul>\n<li>250 \u20ac par mois pour les consultations hebdomadaires,<\/li>\n<li>ou 600 \u20ac pour 3 mois de consultations hebdomadaires.<\/li>\n<li>125 \u20ac par mois pour des consultations tous les quinze jours,<\/li>\n<li>ou 300 \u20ac pour 3 mois de consultations tous les quinze jours.<\/li>\n<\/ul>\n<p>Je recommande de commencer par des consultations hebdomadaires. Apr\u00e8s un certain temps, tu &nbsp;pourras revenir \u00e0 un rythme moins intense, \u00e0 savoir une fois tous les quinze jours.<\/p>\n<p style=\"\"><em><span style=\"text-decoration: underline;\">Tous les frais doivent \u00eatre pay\u00e9s \u00e0 l&rsquo;avance. Le mois commence le jour de la premi\u00e8re consultation.<\/span><\/em><\/p>\n<h3 style=\"text-align: left;\"><span style=\"\">R\u00e9serve ton <\/span><span style=\"\"><strong>appel Zoom<\/strong><\/span><span style=\"\"> gratuit<\/span><\/h3>\n<p>D\u00e9couvrons si nous sommes compatibles en faisant connaissance au cours d&rsquo;un <strong>appel vid\u00e9o <\/strong><strong>de 20 minutes.<\/strong><\/p>\n","protected":false},"excerpt":{"rendered":"<p>Quelle d\u00e9couverte, quel appuie et pr\u00e9cieuse aide me concernant! J&rsquo;ai de gros probl\u00e8mes de digestion, de ballonnements&#8230; Pourtant avant de rencontrer Karen j&rsquo;avais d\u00e9j\u00e0 une tr\u00e8s bonne hygi\u00e8ne de vie, beaucoup de notions sur la nutrition. Mais voil\u00e0 qu&rsquo;elle m&rsquo;a ouvert les yeux sur tous les faux avis universels. Nous sommes tous diff\u00e9rents et avons [&hellip;]<\/p>\n","protected":false},"author":1,"featured_media":2243,"parent":0,"menu_order":0,"comment_status":"closed","ping_status":"closed","template":"","meta":{"footnotes":""},"_links":{"self":[{"href":"https:\/\/justgopink.com\/fr\/wp-json\/wp\/v2\/pages\/4066"}],"collection":[{"href":"https:\/\/justgopink.com\/fr\/wp-json\/wp\/v2\/pages"}],"about":[{"href":"https:\/\/justgopink.com\/fr\/wp-json\/wp\/v2\/types\/page"}],"author":[{"embeddable":true,"href":"https:\/\/justgopink.com\/fr\/wp-json\/wp\/v2\/users\/1"}],"replies":[{"embeddable":true,"href":"https:\/\/justgopink.com\/fr\/wp-json\/wp\/v2\/comments?post=4066"}],"version-history":[{"count":2,"href":"https:\/\/justgopink.com\/fr\/wp-json\/wp\/v2\/pages\/4066\/revisions"}],"predecessor-version":[{"id":5685,"href":"https:\/\/justgopink.com\/fr\/wp-json\/wp\/v2\/pages\/4066\/revisions\/5685"}],"wp:featuredmedia":[{"embeddable":true,"href":"https:\/\/justgopink.com\/fr\/wp-json\/wp\/v2\/media\/2243"}],"wp:attachment":[{"href":"https:\/\/justgopink.com\/fr\/wp-json\/wp\/v2\/media?parent=4066"}],"curies":[{"name":"wp","href":"https:\/\/api.w.org\/{rel}","templated":true}]}}