{"id":5117,"date":"2021-03-11T16:20:13","date_gmt":"2021-03-11T16:20:13","guid":{"rendered":"http:\/\/justgopink.com\/ayurveda\/"},"modified":"2021-06-14T12:45:33","modified_gmt":"2021-06-14T12:45:33","slug":"ayurveda-fr","status":"publish","type":"page","link":"https:\/\/justgopink.com\/fr\/ayurveda-fr\/","title":{"rendered":"Ayurveda"},"content":{"rendered":"<h1 style=\"text-align: center;\">Utilise les connaissances ancestrales de l&rsquo;Ayurveda pour am\u00e9liorer ta sant\u00e9 et ton bonheur.<\/h1>\n<p style=\"text-align: center;\">L&rsquo;Ayurveda est un syst\u00e8me de gu\u00e9rison holistique qui a vu le jour il y a des milliers d&rsquo;ann\u00e9es en Inde. Il repose sur la notion qu&rsquo;une bonne sant\u00e9 d\u00e9pend de l&rsquo;\u00e9quilibre entre l&rsquo;esprit, le corps et l&rsquo;\u00e2me. L&rsquo;Ayurveda met l&rsquo;accent sur la bonne sant\u00e9, la pr\u00e9vention et le traitement des maladies par des pratiques de style de vie telles que l&rsquo;alimentation, la m\u00e9ditation et le yoga.<\/p>\n<h2 style=\"text-align: center;\">La th\u00e9orie des trois Dosha<\/h2>\n<p style=\"text-align: center;\">Selon l&rsquo;Ayurveda, l&rsquo;univers est constitu\u00e9 de cinq \u00e9l\u00e9ments primordiaux, \u00e0 savoir la terre, l&rsquo;air, le feu, l&rsquo;eau et l&rsquo;\u00e9ther. Lorsque ces cinq substances \u00e9ternelles se combinent pour former le corps humain, elles le font en cr\u00e9ant trois \u00e9nergies vitales, ou doshas. Ce sont les forces qui r\u00e9gissent toutes les fonctions psychophysiologiques du corps et de l&rsquo;esprit respectivement. Elles construisent le corps et servent \u00e0 le maintenir dans un \u00e9tat de sant\u00e9 dynamique.<\/p>\n<p><span><img decoding=\"async\" alt=\"Vata\" data-id=\"2761\" width=\"52\" data-init-width=\"87\" height=\"52\" data-init-height=\"87\" title=\"Vata\" src=\"http:\/\/justgopink.com\/wp-content\/uploads\/2020\/08\/vata-s.png\" data-width=\"52\" data-height=\"52\" style=\"\" loading=\"lazy\"><\/span><\/p>\n<h4 style=\"text-align: center;\">Vata<\/h4>\n<p style=\"text-align: center;\">Vata se traduit par \u00ab\u00a0ce qui fait bouger les choses\u00a0\u00bb. Les \u00e9l\u00e9ments associ\u00e9s \u00e0 Vata sont l&rsquo;air et l&rsquo;espace. Les caract\u00e9ristiques de Vata sont : sec, rugueux, l\u00e9ger, froid, subtil et mobile. Vata est souvent appel\u00e9 le \u00ab\u00a0roi des Dosha\u00a0\u00bb, car il donne du mouvement \u00e0 Pitta et Kapha.<\/p>\n<p><span><img decoding=\"async\" alt=\"Pitta\" data-id=\"2763\" width=\"52\" data-init-width=\"87\" height=\"52\" data-init-height=\"87\" title=\"Pitta\" src=\"http:\/\/justgopink.com\/wp-content\/uploads\/2020\/08\/pitta-s.png\" data-width=\"52\" data-height=\"52\" style=\"\" loading=\"lazy\"><\/span><\/p>\n<h4 style=\"text-align: center;\">Pitta<\/h4>\n<p style=\"text-align: center;\">Pitta signifie \u00ab\u00a0ce qui transforme et dig\u00e8re\u00a0\u00bb. L&rsquo;\u00e9l\u00e9ment principal associ\u00e9 \u00e0 Pitta est le feu. Cela se refl\u00e8te dans ses caract\u00e9ristiques : chaud, vif, p\u00e9n\u00e9trant, et quelque peu volatile et huileux. La nature huileuse de Pitta est li\u00e9e \u00e0 l&rsquo;\u00e9l\u00e9ment secondaire qu&rsquo;est l&rsquo;eau.<\/p>\n<p><span><img decoding=\"async\" alt=\"Kapha\" data-id=\"2765\" width=\"52\" data-init-width=\"87\" height=\"52\" data-init-height=\"87\" title=\"Kapha\" src=\"http:\/\/justgopink.com\/wp-content\/uploads\/2020\/08\/kapha-s.png\" data-width=\"52\" data-height=\"52\" style=\"\" loading=\"lazy\"><\/span><\/p>\n<h4 style=\"text-align: center;\">Kapha<\/h4>\n<p style=\"text-align: center;\">Kapha repr\u00e9sente la croissance. Les \u00e9l\u00e9ments associ\u00e9s \u00e0 Kapha sont la terre et l&rsquo;eau. Les caract\u00e9ristiques Kapha-dosha refl\u00e8tent les qualit\u00e9s terreuses de Kapha : onctueux, frais, lourd, lent, lisse, doux et stable. Il est \u00e9galement dense, nuageux et visqueux.<\/p>\n<h1 style=\"text-align: right;\"><span style=\"font-weight: normal;\">Fais le test des Dosha et d\u00e9termine ta constitution.<\/span><\/h1>\n<p style=\"text-align: right;\">Sur la base de ta constitution unique, nous g\u00e9n\u00e9rons une liste de recommandations alimentaires contenant plus de 340 aliments r\u00e9partis en 12 cat\u00e9gories. Sur cette liste, tu peux voir clairement quels aliments sont bons, mauvais ou entre les deux pour toi.<\/p>\n<h3>Nutrition<\/h3>\n<div class=\"tcb-post-list tve-content-list thrv_wrapper\" data-type=\"list\" data-pagination-type=\"none\" data-pages_near_current=\"2\" data-css=\"tve-u-1717e5ca4c7\" data-total_post_count=\"4\" data-total_sticky_count=\"0\" data-no_posts_text=\"There are no posts to display.\" data-featured-list=\"tve-u-170a054d4ef\" data-disabled-links=\"0\"><article id=\"post-1401\" class=\"post-1401 post type-post status-publish format-standard has-post-thumbnail hentry category-ayurveda-fr post-wrapper thrv_wrapper thrive-animated-item \" shortcode=\"tcb_post_list\" data-id=\"1401\" data-selector=\".post-wrapper\"><style class=\"tcb-post-list-dynamic-style\" type=\"text\/css\">@media (min-width: 300px){[].tcb-post-list #post-1401 []{background-image: url(\u00ab\u00a0https:\/\/justgopink.com\/wp-content\/uploads\/2020\/08\/An-Introduction-to-Proper-Nutrition-According-to-Ayurveda-s-150x150.jpg\u00ab\u00a0) !important;}[].tcb-post-list #post-1401 []{background-image: url(\u00ab\u00a0https:\/\/justgopink.com\/wp-content\/uploads\/2020\/08\/An-Introduction-to-Proper-Nutrition-According-to-Ayurveda-s-150x150.jpg\u00ab\u00a0) !important;}}<\/style><a href=\"https:\/\/justgopink.com\/fr\/introduction-a-une-alimentation-equilibree-selon-layurveda\/\" dynamic-postlink=\"tcb_post_the_permalink\" data-shortcode-id=\"1323\"><\/a><\/p>\n<h2 style=\"\"><span data-attr-css=\"tve-u-1717e3753c4\" data-attr-link=\"1\" data-attr-rel=\"0\" data-attr-static-link=\"{&quot;className&quot;:&quot;tve-froala fr-basic&quot;,&quot;href&quot;:&quot;http:\/\/justgopink.com\/an-introduction-to-ayurvedic-nutrition\/&quot;,&quot;title&quot;:&quot;An Introduction to Proper Nutrition According to Ayurveda&quot;,&quot;data-css&quot;:&quot;tve-u-1717e3753c4&quot;,&quot;class&quot;:&quot;tve-froala fr-basic&quot;}\" data-attr-target=\"0\" data-extra_key=\"\" data-option-inline=\"1\" data-shortcode=\"tcb_post_title\" data-shortcode-name=\"Post title\"><a href=\"https:\/\/justgopink.com\/fr\/introduction-a-une-alimentation-equilibree-selon-layurveda\/\" title=\"Introduction \u00e0 une Alimentation \u00c9quilibr\u00e9e Selon l\u2019Ayurv\u00e9da\" data-css=\"tve-u-1717e3753c4\" class=\"tve-froala fr-basic\">Introduction \u00e0 une Alimentation \u00c9quilibr\u00e9e Selon l\u2019Ayurv\u00e9da<\/a><\/span><\/h2>\n<p><a href=\"https:\/\/justgopink.com\/fr\/introduction-a-une-alimentation-equilibree-selon-layurveda\/\" style=\"\"><span><\/span><span><span><\/span><\/span><\/a><\/article><article id=\"post-2520\" class=\"post-2520 post type-post status-publish format-standard has-post-thumbnail hentry category-ayurveda-fr post-wrapper thrv_wrapper thrive-animated-item \" shortcode=\"tcb_post_list\" data-id=\"2520\" data-selector=\".post-wrapper\"><style class=\"tcb-post-list-dynamic-style\" type=\"text\/css\">@media (min-width: 300px){[].tcb-post-list #post-2520 []{background-image: url(\u00ab\u00a0https:\/\/justgopink.com\/wp-content\/uploads\/2020\/07\/Comment-Utiliser-Ta-Liste-Personnelle-de-Recommandations-Alimentaires-Ayurve\u0301diques-pour-Inspirer-le-Changement-150x150.png\u00ab\u00a0) !important;}[].tcb-post-list #post-2520 []{background-image: url(\u00ab\u00a0https:\/\/justgopink.com\/wp-content\/uploads\/2020\/07\/Comment-Utiliser-Ta-Liste-Personnelle-de-Recommandations-Alimentaires-Ayurve\u0301diques-pour-Inspirer-le-Changement-150x150.png\u00ab\u00a0) !important;}}<\/style><a href=\"https:\/\/justgopink.com\/fr\/comment-utiliser-ta-liste-personnelle-de-recommandations-alimentaires-ayurvediques-pour-inspirer-le-changement\/\" dynamic-postlink=\"tcb_post_the_permalink\" data-shortcode-id=\"1323\"><\/a><\/p>\n<h2 style=\"\"><span data-attr-css=\"tve-u-1717e3753c4\" data-attr-link=\"1\" data-attr-rel=\"0\" data-attr-static-link=\"{&quot;className&quot;:&quot;tve-froala fr-basic&quot;,&quot;href&quot;:&quot;http:\/\/justgopink.com\/an-introduction-to-ayurvedic-nutrition\/&quot;,&quot;title&quot;:&quot;An Introduction to Proper Nutrition According to Ayurveda&quot;,&quot;data-css&quot;:&quot;tve-u-1717e3753c4&quot;,&quot;class&quot;:&quot;tve-froala fr-basic&quot;}\" data-attr-target=\"0\" data-extra_key=\"\" data-option-inline=\"1\" data-shortcode=\"tcb_post_title\" data-shortcode-name=\"Post title\"><a href=\"https:\/\/justgopink.com\/fr\/comment-utiliser-ta-liste-personnelle-de-recommandations-alimentaires-ayurvediques-pour-inspirer-le-changement\/\" title=\"Comment Utiliser Ta Liste Personnelle de Recommandations Alimentaires Ayurv\u00e9diques pour Inspirer le Changement\" data-css=\"tve-u-1717e3753c4\" class=\"tve-froala fr-basic\">Comment Utiliser Ta Liste Personnelle de Recommandations Alimentaires Ayurv\u00e9diques pour Inspirer le Changement<\/a><\/span><\/h2>\n<p><a href=\"https:\/\/justgopink.com\/fr\/comment-utiliser-ta-liste-personnelle-de-recommandations-alimentaires-ayurvediques-pour-inspirer-le-changement\/\" style=\"\"><span><\/span><span><span><\/span><\/span><\/a><\/article><article id=\"post-3102\" class=\"post-3102 post type-post status-publish format-standard has-post-thumbnail hentry category-ayurveda-fr post-wrapper thrv_wrapper thrive-animated-item \" shortcode=\"tcb_post_list\" data-id=\"3102\" data-selector=\".post-wrapper\"><style class=\"tcb-post-list-dynamic-style\" type=\"text\/css\">@media (min-width: 300px){[].tcb-post-list #post-3102 []{background-image: url(\u00ab\u00a0https:\/\/justgopink.com\/wp-content\/uploads\/2020\/09\/Human-evolutions-150x150.png\u00ab\u00a0) !important;}[].tcb-post-list #post-3102 []{background-image: url(\u00ab\u00a0https:\/\/justgopink.com\/wp-content\/uploads\/2020\/09\/Human-evolutions-150x150.png\u00ab\u00a0) !important;}}<\/style><a href=\"https:\/\/justgopink.com\/fr\/levolution-de-lalimentation-de-lage-de-pierre-a-nos-jours\/\" dynamic-postlink=\"tcb_post_the_permalink\" data-shortcode-id=\"1323\"><\/a><\/p>\n<h2 style=\"\"><span data-attr-css=\"tve-u-1717e3753c4\" data-attr-link=\"1\" data-attr-rel=\"0\" data-attr-static-link=\"{&quot;className&quot;:&quot;tve-froala fr-basic&quot;,&quot;href&quot;:&quot;http:\/\/justgopink.com\/an-introduction-to-ayurvedic-nutrition\/&quot;,&quot;title&quot;:&quot;An Introduction to Proper Nutrition According to Ayurveda&quot;,&quot;data-css&quot;:&quot;tve-u-1717e3753c4&quot;,&quot;class&quot;:&quot;tve-froala fr-basic&quot;}\" data-attr-target=\"0\" data-extra_key=\"\" data-option-inline=\"1\" data-shortcode=\"tcb_post_title\" data-shortcode-name=\"Post title\"><a href=\"https:\/\/justgopink.com\/fr\/levolution-de-lalimentation-de-lage-de-pierre-a-nos-jours\/\" title=\"L\u2019\u00c9volution de l\u2019Alimentation: de l\u2019\u00c2ge de Pierre \u00e0 nos Jours\" data-css=\"tve-u-1717e3753c4\" class=\"tve-froala fr-basic\">L\u2019\u00c9volution de l\u2019Alimentation: de l\u2019\u00c2ge de Pierre \u00e0 nos Jours<\/a><\/span><\/h2>\n<p><a href=\"https:\/\/justgopink.com\/fr\/levolution-de-lalimentation-de-lage-de-pierre-a-nos-jours\/\" style=\"\"><span><\/span><span><span><\/span><\/span><\/a><\/article><article id=\"post-3827\" class=\"post-3827 post type-post status-publish format-standard has-post-thumbnail hentry category-ayurveda-fr post-wrapper thrv_wrapper thrive-animated-item \" shortcode=\"tcb_post_list\" data-id=\"3827\" data-selector=\".post-wrapper\"><style class=\"tcb-post-list-dynamic-style\" type=\"text\/css\">@media (min-width: 300px){[].tcb-post-list #post-3827 []{background-image: url(\u00ab\u00a0https:\/\/justgopink.com\/wp-content\/uploads\/2020\/10\/bonne-digestion-150x150.jpg\u00ab\u00a0) !important;}[].tcb-post-list #post-3827 []{background-image: url(\u00ab\u00a0https:\/\/justgopink.com\/wp-content\/uploads\/2020\/10\/bonne-digestion-150x150.jpg\u00ab\u00a0) !important;}}<\/style><a href=\"https:\/\/justgopink.com\/fr\/limpact-digestion-sur-sante-et-lameliorer\/\" dynamic-postlink=\"tcb_post_the_permalink\" data-shortcode-id=\"1323\"><\/a><\/p>\n<h2 style=\"\"><span data-attr-css=\"tve-u-1717e3753c4\" data-attr-link=\"1\" data-attr-rel=\"0\" data-attr-static-link=\"{&quot;className&quot;:&quot;tve-froala fr-basic&quot;,&quot;href&quot;:&quot;http:\/\/justgopink.com\/an-introduction-to-ayurvedic-nutrition\/&quot;,&quot;title&quot;:&quot;An Introduction to Proper Nutrition According to Ayurveda&quot;,&quot;data-css&quot;:&quot;tve-u-1717e3753c4&quot;,&quot;class&quot;:&quot;tve-froala fr-basic&quot;}\" data-attr-target=\"0\" data-extra_key=\"\" data-option-inline=\"1\" data-shortcode=\"tcb_post_title\" data-shortcode-name=\"Post title\"><a href=\"https:\/\/justgopink.com\/fr\/limpact-digestion-sur-sante-et-lameliorer\/\" title=\"L\u2019impact Profond de la Digestion sur Ta Sant\u00e9 et Comment Tu Peux l\u2019Am\u00e9liorer\" data-css=\"tve-u-1717e3753c4\" class=\"tve-froala fr-basic\">L\u2019impact Profond de la Digestion sur Ta Sant\u00e9 et Comment Tu Peux l\u2019Am\u00e9liorer<\/a><\/span><\/h2>\n<p><a href=\"https:\/\/justgopink.com\/fr\/limpact-digestion-sur-sante-et-lameliorer\/\" style=\"\"><span><\/span><span><span><\/span><\/span><\/a><\/article><\/div>\n<h3>Maladies sp\u00e9cifiques<\/h3>\n<div class=\"tcb-post-list tve-content-list thrv_wrapper\" data-type=\"list\" data-pagination-type=\"none\" data-pages_near_current=\"2\" data-css=\"tve-u-17822456c13\" data-total_post_count=\"3\" data-total_sticky_count=\"0\" data-no_posts_text=\"There are no posts to display.\" data-featured-list=\"tve-u-170a054d4ef\" data-disabled-links=\"0\"><article id=\"post-5448\" class=\"post-5448 post type-post status-publish format-standard has-post-thumbnail hentry category-ayurveda-fr post-wrapper thrv_wrapper thrive-animated-item \" shortcode=\"tcb_post_list\" data-id=\"5448\" data-selector=\".post-wrapper\"><style class=\"tcb-post-list-dynamic-style\" type=\"text\/css\">@media (min-width: 300px){[].tcb-post-list #post-5448 []{background-image: url(\u00ab\u00a0https:\/\/justgopink.com\/wp-content\/uploads\/2021\/06\/Screenshot-2021-06-17-at-15.28.47-150x150.png\u00ab\u00a0) !important;}[].tcb-post-list #post-5448 []{background-image: url(\u00ab\u00a0https:\/\/justgopink.com\/wp-content\/uploads\/2021\/06\/Screenshot-2021-06-17-at-15.28.47-150x150.png\u00ab\u00a0) !important;}}<\/style><a href=\"https:\/\/justgopink.com\/fr\/hypothyroidie-6-methodes-naturelles-pour-taider-si-tu-souffres-de-cette-maladie\/\" dynamic-postlink=\"tcb_post_the_permalink\" data-shortcode-id=\"5448\"><\/a><\/p>\n<h2 style=\"\"><span data-attr-css=\"tve-u-17822456c1b\" data-attr-link=\"1\" data-attr-rel=\"0\" data-attr-static-link=\"{&quot;className&quot;:&quot;tve-froala fr-basic&quot;,&quot;href&quot;:&quot;http:\/\/justgopink.com\/hypothyroidie-6-methodes-naturelles-pour-taider-si-tu-souffres-de-cette-maladie\/&quot;,&quot;title&quot;:&quot;Hypothyro\u00efdie : 6 M\u00e9thodes Naturelles Pour t\u2019Aider Si Tu Souffres De Cette Maladie&quot;,&quot;data-css&quot;:&quot;tve-u-17822456c1b&quot;,&quot;class&quot;:&quot;tve-froala fr-basic&quot;}\" data-attr-target=\"0\" data-extra_key=\"\" data-option-inline=\"1\" data-shortcode=\"tcb_post_title\" data-shortcode-name=\"Post title\"><a href=\"https:\/\/justgopink.com\/fr\/hypothyroidie-6-methodes-naturelles-pour-taider-si-tu-souffres-de-cette-maladie\/\" title=\"Hypothyro\u00efdie : 6 M\u00e9thodes Naturelles Pour t\u2019Aider Si Tu Souffres De Cette Maladie\" data-css=\"tve-u-17822456c1b\" class=\"tve-froala fr-basic\">Hypothyro\u00efdie : 6 M\u00e9thodes Naturelles Pour t\u2019Aider Si Tu Souffres De Cette Maladie<\/a><\/span><\/h2>\n<p><a href=\"https:\/\/justgopink.com\/fr\/hypothyroidie-6-methodes-naturelles-pour-taider-si-tu-souffres-de-cette-maladie\/\" style=\"\"><span><\/span><span><span><\/span><\/span><\/a><\/article><article id=\"post-3252\" class=\"post-3252 post type-post status-publish format-standard has-post-thumbnail hentry category-ayurveda-fr post-wrapper thrv_wrapper thrive-animated-item \" shortcode=\"tcb_post_list\" data-id=\"3252\" data-selector=\".post-wrapper\"><style class=\"tcb-post-list-dynamic-style\" type=\"text\/css\">@media (min-width: 300px){[].tcb-post-list #post-3252 []{background-image: url(\u00ab\u00a0https:\/\/justgopink.com\/wp-content\/uploads\/2020\/09\/psoriasis-150x150.jpg\u00ab\u00a0) !important;}[].tcb-post-list #post-3252 []{background-image: url(\u00ab\u00a0https:\/\/justgopink.com\/wp-content\/uploads\/2020\/09\/psoriasis-150x150.jpg\u00ab\u00a0) !important;}}<\/style><a href=\"https:\/\/justgopink.com\/fr\/psoriasis-comment-utiliser-layurveda-pour-saider-soi-meme\/\" dynamic-postlink=\"tcb_post_the_permalink\" data-shortcode-id=\"5448\"><\/a><\/p>\n<h2 style=\"\"><span data-attr-css=\"tve-u-17822456c1b\" data-attr-link=\"1\" data-attr-rel=\"0\" data-attr-static-link=\"{&quot;className&quot;:&quot;tve-froala fr-basic&quot;,&quot;href&quot;:&quot;http:\/\/justgopink.com\/hypothyroidie-6-methodes-naturelles-pour-taider-si-tu-souffres-de-cette-maladie\/&quot;,&quot;title&quot;:&quot;Hypothyro\u00efdie : 6 M\u00e9thodes Naturelles Pour t\u2019Aider Si Tu Souffres De Cette Maladie&quot;,&quot;data-css&quot;:&quot;tve-u-17822456c1b&quot;,&quot;class&quot;:&quot;tve-froala fr-basic&quot;}\" data-attr-target=\"0\" data-extra_key=\"\" data-option-inline=\"1\" data-shortcode=\"tcb_post_title\" data-shortcode-name=\"Post title\"><a href=\"https:\/\/justgopink.com\/fr\/psoriasis-comment-utiliser-layurveda-pour-saider-soi-meme\/\" title=\"Psoriasis; Comment Utiliser l\u2019Ayurveda Pour s\u2019Aider Soi-M\u00eame\" data-css=\"tve-u-17822456c1b\" class=\"tve-froala fr-basic\">Psoriasis; Comment Utiliser l\u2019Ayurveda Pour s\u2019Aider Soi-M\u00eame<\/a><\/span><\/h2>\n<p><a href=\"https:\/\/justgopink.com\/fr\/psoriasis-comment-utiliser-layurveda-pour-saider-soi-meme\/\" style=\"\"><span><\/span><span><span><\/span><\/span><\/a><\/article><article id=\"post-2979\" class=\"post-2979 post type-post status-publish format-standard has-post-thumbnail hentry category-ayurveda-fr post-wrapper thrv_wrapper thrive-animated-item \" shortcode=\"tcb_post_list\" data-id=\"2979\" data-selector=\".post-wrapper\"><style class=\"tcb-post-list-dynamic-style\" type=\"text\/css\">@media (min-width: 300px){[].tcb-post-list #post-2979 []{background-image: url(\u00ab\u00a0https:\/\/justgopink.com\/wp-content\/uploads\/2020\/08\/Ayurveda_Arthrosis-FR-150x150.jpg\u00ab\u00a0) !important;}[].tcb-post-list #post-2979 []{background-image: url(\u00ab\u00a0https:\/\/justgopink.com\/wp-content\/uploads\/2020\/08\/Ayurveda_Arthrosis-FR-150x150.jpg\u00ab\u00a0) !important;}}<\/style><a href=\"https:\/\/justgopink.com\/fr\/4-recommandations-ayurvediques-pour-reduire-les-souffrances-dues-a-larthrose\/\" dynamic-postlink=\"tcb_post_the_permalink\" data-shortcode-id=\"5448\"><\/a><\/p>\n<h2 style=\"\"><span data-attr-css=\"tve-u-17822456c1b\" data-attr-link=\"1\" data-attr-rel=\"0\" data-attr-static-link=\"{&quot;className&quot;:&quot;tve-froala fr-basic&quot;,&quot;href&quot;:&quot;http:\/\/justgopink.com\/hypothyroidie-6-methodes-naturelles-pour-taider-si-tu-souffres-de-cette-maladie\/&quot;,&quot;title&quot;:&quot;Hypothyro\u00efdie : 6 M\u00e9thodes Naturelles Pour t\u2019Aider Si Tu Souffres De Cette Maladie&quot;,&quot;data-css&quot;:&quot;tve-u-17822456c1b&quot;,&quot;class&quot;:&quot;tve-froala fr-basic&quot;}\" data-attr-target=\"0\" data-extra_key=\"\" data-option-inline=\"1\" data-shortcode=\"tcb_post_title\" data-shortcode-name=\"Post title\"><a href=\"https:\/\/justgopink.com\/fr\/4-recommandations-ayurvediques-pour-reduire-les-souffrances-dues-a-larthrose\/\" title=\"4 Recommandations Ayurv\u00e9diques pour R\u00e9duire les Souffrances dues \u00e0 l\u2019Arthrose\" data-css=\"tve-u-17822456c1b\" class=\"tve-froala fr-basic\">4 Recommandations Ayurv\u00e9diques pour R\u00e9duire les Souffrances dues \u00e0 l\u2019Arthrose<\/a><\/span><\/h2>\n<p><a href=\"https:\/\/justgopink.com\/fr\/4-recommandations-ayurvediques-pour-reduire-les-souffrances-dues-a-larthrose\/\" style=\"\"><span><\/span><span><span><\/span><\/span><\/a><\/article><\/div>\n<h2 style=\"\">Rejoins-nous et ne rate jamais un article!<\/h2>\n<p style=\"\">Et obtiens en plus gratuitement notre <strong>Fiche de Changement<\/strong>. Utilise-la pour commencer \u00e0 mettre en \u0153uvre sans difficult\u00e9 de petits ajustements, tout en \u00e9vitant ta r\u00e9sistance inn\u00e9e au changement. \u00c0 long terme, elle t&rsquo;aidera \u00e0 faire de grands changements vers plus de sant\u00e9 et de bonheur. C&rsquo;est garanti !<\/p>\n<p style=\"text-align: center;\">Nous ne t&rsquo;enverrons pas de spam et tu peux te d\u00e9sinscrire \u00e0 tout moment.<\/p>\n<p>            OUI, INSCRIVEZ-MOI !        <\/p>\n","protected":false},"excerpt":{"rendered":"<p>Utilise les connaissances ancestrales de l&rsquo;Ayurveda pour am\u00e9liorer ta sant\u00e9 et ton bonheur. L&rsquo;Ayurveda est un syst\u00e8me de gu\u00e9rison holistique qui a vu le jour il y a des milliers d&rsquo;ann\u00e9es en Inde. Il repose sur la notion qu&rsquo;une bonne sant\u00e9 d\u00e9pend de l&rsquo;\u00e9quilibre entre l&rsquo;esprit, le corps et l&rsquo;\u00e2me. L&rsquo;Ayurveda met l&rsquo;accent sur la [&hellip;]<\/p>\n","protected":false},"author":1,"featured_media":0,"parent":0,"menu_order":0,"comment_status":"closed","ping_status":"closed","template":"","meta":{"footnotes":""},"_links":{"self":[{"href":"https:\/\/justgopink.com\/fr\/wp-json\/wp\/v2\/pages\/5117"}],"collection":[{"href":"https:\/\/justgopink.com\/fr\/wp-json\/wp\/v2\/pages"}],"about":[{"href":"https:\/\/justgopink.com\/fr\/wp-json\/wp\/v2\/types\/page"}],"author":[{"embeddable":true,"href":"https:\/\/justgopink.com\/fr\/wp-json\/wp\/v2\/users\/1"}],"replies":[{"embeddable":true,"href":"https:\/\/justgopink.com\/fr\/wp-json\/wp\/v2\/comments?post=5117"}],"version-history":[{"count":0,"href":"https:\/\/justgopink.com\/fr\/wp-json\/wp\/v2\/pages\/5117\/revisions"}],"wp:attachment":[{"href":"https:\/\/justgopink.com\/fr\/wp-json\/wp\/v2\/media?parent=5117"}],"curies":[{"name":"wp","href":"https:\/\/api.w.org\/{rel}","templated":true}]}}