{"id":5119,"date":"2021-03-11T16:21:31","date_gmt":"2021-03-11T16:21:31","guid":{"rendered":"http:\/\/justgopink.com\/health\/"},"modified":"2021-09-07T14:52:39","modified_gmt":"2021-09-07T14:52:39","slug":"health-4","status":"publish","type":"page","link":"https:\/\/justgopink.com\/fr\/health-4\/","title":{"rendered":"Sant\u00e9"},"content":{"rendered":"<h1>Sant\u00e9<\/h1>\n<p>\u00abLa sant\u00e9 est un mot vaste. &nbsp;Il n&rsquo;englobe pas seulement le corps, mais aussi l&rsquo;esprit et l&rsquo;\u00e2me ; &#8230; et pas seulement la douleur ou le plaisir d&rsquo;aujourd&rsquo;hui, mais l&rsquo;\u00eatre entier et les perspectives de l&rsquo;Homme.\u00bb<\/p>\n<p style=\"text-align: right;\">\u2013 <strong>James H. West<\/strong><\/p>\n<p style=\"\">\u00abLe m\u00e9decin de l&rsquo;avenir ne donnera aucun m\u00e9dicament, mais instruira ses patients sur les soins \u00e0 apporter au corps humain, sur le r\u00e9gime alimentaire, sur la cause et la pr\u00e9vention des maladies.\u00bb<\/p>\n<p style=\"text-align: right;\">\u2013 <strong>Thomas Edison<\/strong><\/p>\n<div class=\"tcb-post-list tve-content-list thrv_wrapper\" data-type=\"grid\" data-pagination-type=\"load_more\" data-pages_near_current=\"2\" data-css=\"tve-u-171796136a5\" data-total_post_count=\"10\" data-total_sticky_count=\"0\" data-disabled-links=\"0\" data-no_posts_text=\"There are no posts to display.\" data-featured-list=\"tve-u-17178f1595a\"><article id=\"post-5294\" class=\"post-5294 post type-post status-publish format-standard has-post-thumbnail hentry category-sante post-wrapper thrv_wrapper thrive-animated-item \" tcb_hover_state_parent=\"\" data-id=\"5294\" data-selector=\".post-wrapper\"><style class=\"tcb-post-list-dynamic-style\" type=\"text\/css\">@media (min-width: 300px){[].tcb-post-list #post-5294 []{background-image: linear-gradient(rgba(0, 0, 0, 0.27) 0%, rgba(0, 0, 0, 0) 100%), url(\u00ab\u00a0https:\/\/justgopink.com\/wp-content\/uploads\/2021\/04\/Jeu\u0302ne-1024x685.jpg\u00ab\u00a0) !important;}}<\/style><a href=\"https:\/\/justgopink.com\/fr\/est-ce-que-le-jeune-a-des-avantages-pour-la-sante\/\" dynamic-postlink=\"tcb_post_the_permalink\" data-shortcode-id=\"4325\"><\/a><\/p>\n<p><a data-dynamic-link=\"tcb_post_date_link\" data-shortcode-id=\"4325\" dynamic-postlink=\"tcb_post_date_link\" href=\"https:\/\/justgopink.com\/fr\/2021\/04\/23\"><span data-attr-date-format=\"F j, Y\" data-attr-date-format-select=\"F j, Y\" data-attr-link=\"0\" data-attr-rel=\"0\" data-attr-show-time=\"0\" data-attr-target=\"1\" data-attr-time-format=\"\" data-attr-time-format-select=\"g:i a\" data-attr-type=\"published\" data-extra_key=\"\" data-option-inline=\"1\" data-shortcode=\"tcb_post_published_date\" data-shortcode-name=\"Post date\">avril 23, 2021 <\/span><\/a><\/p>\n<h2><span data-attr-css=\"\" data-attr-link=\"1\" data-attr-rel=\"0\" data-attr-static-link=\"{&quot;className&quot;:&quot;&quot;,&quot;href&quot;:&quot;http:\/\/justgopink.com\/does-fasting-have-any-health-benefits\/&quot;,&quot;title&quot;:&quot;Does Fasting have any Health Benefits?&quot;,&quot;class&quot;:&quot;&quot;}\" data-attr-target=\"0\" data-extra_key=\"\" data-option-inline=\"1\" data-shortcode=\"tcb_post_title\" data-shortcode-name=\"Post title\"><a href=\"https:\/\/justgopink.com\/fr\/est-ce-que-le-jeune-a-des-avantages-pour-la-sante\/\" title=\"Est-ce que le Je\u00fbne a des Avantages pour la Sant\u00e9?\" data-css=\"\" class=\"\">Est-ce que le Je\u00fbne a des Avantages pour la Sant\u00e9?<\/a><\/span><\/h2>\n<p><a href=\"https:\/\/justgopink.com\/fr\/est-ce-que-le-jeune-a-des-avantages-pour-la-sante\/\"><span style=\"\"><\/span><span style=\"\"><span style=\"\">Read More<\/span><\/span><\/a><\/article><article id=\"post-4337\" class=\"post-4337 post type-post status-publish format-standard has-post-thumbnail hentry category-sante post-wrapper thrv_wrapper thrive-animated-item \" tcb_hover_state_parent=\"\" data-id=\"4337\" data-selector=\".post-wrapper\"><style class=\"tcb-post-list-dynamic-style\" type=\"text\/css\">@media (min-width: 300px){[].tcb-post-list #post-4337 []{background-image: linear-gradient(rgba(0, 0, 0, 0.27) 0%, rgba(0, 0, 0, 0) 100%), url(\u00ab\u00a0https:\/\/justgopink.com\/wp-content\/uploads\/2020\/11\/wade-lambert-EbrgMJsK4do-unsplash-2.jpg\u00ab\u00a0) !important;}}<\/style><a href=\"https:\/\/justgopink.com\/fr\/faits-scientifiques-importants-qualite-et-quantite-sommeil\/\" dynamic-postlink=\"tcb_post_the_permalink\" data-shortcode-id=\"4325\"><\/a><\/p>\n<p><a data-dynamic-link=\"tcb_post_date_link\" data-shortcode-id=\"4325\" dynamic-postlink=\"tcb_post_date_link\" href=\"https:\/\/justgopink.com\/fr\/2020\/11\/27\"><span data-attr-date-format=\"F j, Y\" data-attr-date-format-select=\"F j, Y\" data-attr-link=\"0\" data-attr-rel=\"0\" data-attr-show-time=\"0\" data-attr-target=\"1\" data-attr-time-format=\"\" data-attr-time-format-select=\"g:i a\" data-attr-type=\"published\" data-extra_key=\"\" data-option-inline=\"1\" data-shortcode=\"tcb_post_published_date\" data-shortcode-name=\"Post date\">novembre 27, 2020 <\/span><\/a><\/p>\n<h2><span data-attr-css=\"\" data-attr-link=\"1\" data-attr-rel=\"0\" data-attr-static-link=\"{&quot;className&quot;:&quot;&quot;,&quot;href&quot;:&quot;http:\/\/justgopink.com\/does-fasting-have-any-health-benefits\/&quot;,&quot;title&quot;:&quot;Does Fasting have any Health Benefits?&quot;,&quot;class&quot;:&quot;&quot;}\" data-attr-target=\"0\" data-extra_key=\"\" data-option-inline=\"1\" data-shortcode=\"tcb_post_title\" data-shortcode-name=\"Post title\"><a href=\"https:\/\/justgopink.com\/fr\/faits-scientifiques-importants-qualite-et-quantite-sommeil\/\" title=\"Faits Scientifiques Importants sur la Qualit\u00e9 et Quantit\u00e9 de Sommeil, sur Lesquels Tout le Monde Devrait Agir\" data-css=\"\" class=\"\">Faits Scientifiques Importants sur la Qualit\u00e9 et Quantit\u00e9 de Sommeil, sur Lesquels Tout le Monde Devrait Agir<\/a><\/span><\/h2>\n<p><a href=\"https:\/\/justgopink.com\/fr\/faits-scientifiques-importants-qualite-et-quantite-sommeil\/\"><span style=\"\"><\/span><span style=\"\"><span style=\"\">Read More<\/span><\/span><\/a><\/article><article id=\"post-4228\" class=\"post-4228 post type-post status-publish format-standard has-post-thumbnail hentry category-sante post-wrapper thrv_wrapper thrive-animated-item \" tcb_hover_state_parent=\"\" data-id=\"4228\" data-selector=\".post-wrapper\"><style class=\"tcb-post-list-dynamic-style\" type=\"text\/css\">@media (min-width: 300px){[].tcb-post-list #post-4228 []{background-image: linear-gradient(rgba(0, 0, 0, 0.27) 0%, rgba(0, 0, 0, 0) 100%), url(\u00ab\u00a0https:\/\/justgopink.com\/wp-content\/uploads\/2020\/11\/Supermarket-1-1024x589.jpg\u00ab\u00a0) !important;}}<\/style><a href=\"https:\/\/justgopink.com\/fr\/faire-confiance-aux-produits-alimentaires\/\" dynamic-postlink=\"tcb_post_the_permalink\" data-shortcode-id=\"4325\"><\/a><\/p>\n<p><a data-dynamic-link=\"tcb_post_date_link\" data-shortcode-id=\"4325\" dynamic-postlink=\"tcb_post_date_link\" href=\"https:\/\/justgopink.com\/fr\/2020\/11\/21\"><span data-attr-date-format=\"F j, Y\" data-attr-date-format-select=\"F j, Y\" data-attr-link=\"0\" data-attr-rel=\"0\" data-attr-show-time=\"0\" data-attr-target=\"1\" data-attr-time-format=\"\" data-attr-time-format-select=\"g:i a\" data-attr-type=\"published\" data-extra_key=\"\" data-option-inline=\"1\" data-shortcode=\"tcb_post_published_date\" data-shortcode-name=\"Post date\">novembre 21, 2020 <\/span><\/a><\/p>\n<h2><span data-attr-css=\"\" data-attr-link=\"1\" data-attr-rel=\"0\" data-attr-static-link=\"{&quot;className&quot;:&quot;&quot;,&quot;href&quot;:&quot;http:\/\/justgopink.com\/does-fasting-have-any-health-benefits\/&quot;,&quot;title&quot;:&quot;Does Fasting have any Health Benefits?&quot;,&quot;class&quot;:&quot;&quot;}\" data-attr-target=\"0\" data-extra_key=\"\" data-option-inline=\"1\" data-shortcode=\"tcb_post_title\" data-shortcode-name=\"Post title\"><a href=\"https:\/\/justgopink.com\/fr\/faire-confiance-aux-produits-alimentaires\/\" title=\"Faire confiance aux produits alimentaires?\" data-css=\"\" class=\"\">Faire confiance aux produits alimentaires?<\/a><\/span><\/h2>\n<p><a href=\"https:\/\/justgopink.com\/fr\/faire-confiance-aux-produits-alimentaires\/\"><span style=\"\"><\/span><span style=\"\"><span style=\"\">Read More<\/span><\/span><\/a><\/article><\/div>\n<p><span><span>Prendre soin de soi n&rsquo;est pas \u00e9go\u00efste.C&rsquo;est essentiel pour ta survie et ton bien-\u00eatre.<\/span><\/span><\/p>\n<p style=\"\"><span><span><\/span><\/span>\u2013 Renee Peterson Trudeau<\/p>\n<div class=\"tcb-post-list tve-content-list thrv_wrapper\" data-type=\"grid\" data-pagination-type=\"load_more\" data-pages_near_current=\"2\" data-css=\"tve-u-17831602288\" data-total_post_count=\"3\" data-total_sticky_count=\"0\" data-disabled-links=\"0\" data-no_posts_text=\"There are no posts to display.\" data-featured-list=\"tve-u-17178f1595a\"><article id=\"post-2553\" class=\"post-2553 post type-post status-publish format-standard has-post-thumbnail hentry category-sante post-wrapper thrv_wrapper thrive-animated-item \" tcb_hover_state_parent=\"\" data-id=\"2553\" data-selector=\".post-wrapper\"><style class=\"tcb-post-list-dynamic-style\" type=\"text\/css\">@media (min-width: 300px){[].tcb-post-list #post-2553 []{background-image: linear-gradient(rgba(0, 0, 0, 0.27) 0%, rgba(0, 0, 0, 0) 100%), url(\u00ab\u00a0https:\/\/justgopink.com\/wp-content\/uploads\/2020\/07\/How-Correct-Nutrition-Cured-Me-From-Endometriosis.jpg\u00ab\u00a0) !important;}}<\/style><a href=\"https:\/\/justgopink.com\/fr\/comment-une-alimentation-saine-ma-gueri-de-endometriose-une-maladie-incurable-et-redonne-vie\/\" dynamic-postlink=\"tcb_post_the_permalink\" data-shortcode-id=\"2541\"><\/a><\/p>\n<p><a data-dynamic-link=\"tcb_post_date_link\" data-shortcode-id=\"2541\" dynamic-postlink=\"tcb_post_date_link\" href=\"https:\/\/justgopink.com\/fr\/2020\/06\/26\"><span data-attr-date-format=\"F j, Y\" data-attr-date-format-select=\"F j, Y\" data-attr-link=\"0\" data-attr-rel=\"0\" data-attr-show-time=\"0\" data-attr-target=\"1\" data-attr-time-format=\"\" data-attr-time-format-select=\"g:i a\" data-attr-type=\"published\" data-extra_key=\"\" data-option-inline=\"1\" data-shortcode=\"tcb_post_published_date\" data-shortcode-name=\"Post date\">juin 26, 2020 <\/span><\/a><\/p>\n<h2><span data-attr-css=\"\" data-attr-link=\"1\" data-attr-rel=\"0\" data-attr-static-link=\"{&quot;className&quot;:&quot;&quot;,&quot;href&quot;:&quot;http:\/\/justgopink.com\/how-correct-nutrition-cured-me-from-endometriosis-an-incurable-disease-and-gave-me-back-my-life\/&quot;,&quot;title&quot;:&quot;How Correct Nutrition Cured Me From Endometriosis (An Incurable Disease!) And Gave Me Back My Life&quot;,&quot;class&quot;:&quot;&quot;}\" data-attr-target=\"0\" data-extra_key=\"\" data-option-inline=\"1\" data-shortcode=\"tcb_post_title\" data-shortcode-name=\"Post title\"><a href=\"https:\/\/justgopink.com\/fr\/comment-une-alimentation-saine-ma-gueri-de-endometriose-une-maladie-incurable-et-redonne-vie\/\" title=\"Comment Une Alimentation Saine m\u2019a Gu\u00e9ri de l\u2019Endom\u00e9triose (une Maladie Incurable!) et Redonn\u00e9 Vie\" data-css=\"\" class=\"\">Comment Une Alimentation Saine m\u2019a Gu\u00e9ri de l\u2019Endom\u00e9triose (une Maladie Incurable!) et Redonn\u00e9 Vie<\/a><\/span><\/h2>\n<p><a href=\"https:\/\/justgopink.com\/fr\/comment-une-alimentation-saine-ma-gueri-de-endometriose-une-maladie-incurable-et-redonne-vie\/\"><span style=\"\"><\/span><span style=\"\"><span style=\"\">Read More<\/span><\/span><\/a><\/article><article id=\"post-2562\" class=\"post-2562 post type-post status-publish format-standard has-post-thumbnail hentry category-sante post-wrapper thrv_wrapper thrive-animated-item \" tcb_hover_state_parent=\"\" data-id=\"2562\" data-selector=\".post-wrapper\"><style class=\"tcb-post-list-dynamic-style\" type=\"text\/css\">@media (min-width: 300px){[].tcb-post-list #post-2562 []{background-image: linear-gradient(rgba(0, 0, 0, 0.27) 0%, rgba(0, 0, 0, 0) 100%), url(\u00ab\u00a0https:\/\/justgopink.com\/wp-content\/uploads\/2020\/07\/Can-We-Trust-Synthetic-Medicines.jpg\u00ab\u00a0) !important;}}<\/style><a href=\"https:\/\/justgopink.com\/fr\/peut-on-faire-confiance-aux-medicaments-de-synthese\/\" dynamic-postlink=\"tcb_post_the_permalink\" data-shortcode-id=\"2541\"><\/a><\/p>\n<p><a data-dynamic-link=\"tcb_post_date_link\" data-shortcode-id=\"2541\" dynamic-postlink=\"tcb_post_date_link\" href=\"https:\/\/justgopink.com\/fr\/2020\/06\/17\"><span data-attr-date-format=\"F j, Y\" data-attr-date-format-select=\"F j, Y\" data-attr-link=\"0\" data-attr-rel=\"0\" data-attr-show-time=\"0\" data-attr-target=\"1\" data-attr-time-format=\"\" data-attr-time-format-select=\"g:i a\" data-attr-type=\"published\" data-extra_key=\"\" data-option-inline=\"1\" data-shortcode=\"tcb_post_published_date\" data-shortcode-name=\"Post date\">juin 17, 2020 <\/span><\/a><\/p>\n<h2><span data-attr-css=\"\" data-attr-link=\"1\" data-attr-rel=\"0\" data-attr-static-link=\"{&quot;className&quot;:&quot;&quot;,&quot;href&quot;:&quot;http:\/\/justgopink.com\/how-correct-nutrition-cured-me-from-endometriosis-an-incurable-disease-and-gave-me-back-my-life\/&quot;,&quot;title&quot;:&quot;How Correct Nutrition Cured Me From Endometriosis (An Incurable Disease!) And Gave Me Back My Life&quot;,&quot;class&quot;:&quot;&quot;}\" data-attr-target=\"0\" data-extra_key=\"\" data-option-inline=\"1\" data-shortcode=\"tcb_post_title\" data-shortcode-name=\"Post title\"><a href=\"https:\/\/justgopink.com\/fr\/peut-on-faire-confiance-aux-medicaments-de-synthese\/\" title=\"Peut-on Faire Confiance Aux M\u00e9dicaments de Synth\u00e8se?\" data-css=\"\" class=\"\">Peut-on Faire Confiance Aux M\u00e9dicaments de Synth\u00e8se?<\/a><\/span><\/h2>\n<p><a href=\"https:\/\/justgopink.com\/fr\/peut-on-faire-confiance-aux-medicaments-de-synthese\/\"><span style=\"\"><\/span><span style=\"\"><span style=\"\">Read More<\/span><\/span><\/a><\/article><article id=\"post-1537\" class=\"post-1537 post type-post status-publish format-standard has-post-thumbnail hentry category-sante post-wrapper thrv_wrapper thrive-animated-item \" tcb_hover_state_parent=\"\" data-id=\"1537\" data-selector=\".post-wrapper\"><style class=\"tcb-post-list-dynamic-style\" type=\"text\/css\">@media (min-width: 300px){[].tcb-post-list #post-1537 []{background-image: linear-gradient(rgba(0, 0, 0, 0.27) 0%, rgba(0, 0, 0, 0) 100%), url(\u00ab\u00a0https:\/\/justgopink.com\/wp-content\/uploads\/2020\/05\/Everything-You\u2019ve-Always-Wanted-To-Know-About-Drinking-Water-But-Were-Afraid-To-Ask-1024x682.jpg\u00ab\u00a0) !important;}}<\/style><a href=\"https:\/\/justgopink.com\/fr\/tout-ce-que-vous-avez-toujours-voulu-savoir-sur-lart-de-boire-de-leau\/\" dynamic-postlink=\"tcb_post_the_permalink\" data-shortcode-id=\"2541\"><\/a><\/p>\n<p><a data-dynamic-link=\"tcb_post_date_link\" data-shortcode-id=\"2541\" dynamic-postlink=\"tcb_post_date_link\" href=\"https:\/\/justgopink.com\/fr\/2020\/05\/29\"><span data-attr-date-format=\"F j, Y\" data-attr-date-format-select=\"F j, Y\" data-attr-link=\"0\" data-attr-rel=\"0\" data-attr-show-time=\"0\" data-attr-target=\"1\" data-attr-time-format=\"\" data-attr-time-format-select=\"g:i a\" data-attr-type=\"published\" data-extra_key=\"\" data-option-inline=\"1\" data-shortcode=\"tcb_post_published_date\" data-shortcode-name=\"Post date\">mai 29, 2020 <\/span><\/a><\/p>\n<h2><span data-attr-css=\"\" data-attr-link=\"1\" data-attr-rel=\"0\" data-attr-static-link=\"{&quot;className&quot;:&quot;&quot;,&quot;href&quot;:&quot;http:\/\/justgopink.com\/how-correct-nutrition-cured-me-from-endometriosis-an-incurable-disease-and-gave-me-back-my-life\/&quot;,&quot;title&quot;:&quot;How Correct Nutrition Cured Me From Endometriosis (An Incurable Disease!) And Gave Me Back My Life&quot;,&quot;class&quot;:&quot;&quot;}\" data-attr-target=\"0\" data-extra_key=\"\" data-option-inline=\"1\" data-shortcode=\"tcb_post_title\" data-shortcode-name=\"Post title\"><a href=\"https:\/\/justgopink.com\/fr\/tout-ce-que-vous-avez-toujours-voulu-savoir-sur-lart-de-boire-de-leau\/\" title=\"Tout Ce Que Vous Avez Toujours Voulu Savoir Sur l\u2019Art De Boire de l\u2019Eau\" data-css=\"\" class=\"\">Tout Ce Que Vous Avez Toujours Voulu Savoir Sur l\u2019Art De Boire de l\u2019Eau<\/a><\/span><\/h2>\n<p><a href=\"https:\/\/justgopink.com\/fr\/tout-ce-que-vous-avez-toujours-voulu-savoir-sur-lart-de-boire-de-leau\/\"><span style=\"\"><\/span><span style=\"\"><span style=\"\">Read More<\/span><\/span><\/a><\/article><\/div>\n<p style=\"\"><span><span>Les m\u00e9decins ne te rendront pas en bonne sant\u00e9. Les nutritionnistes ne te feront pas maigrir. Les enseignants ne te rendront pas intelligent. Les gourous ne te rendront pas calme. Les mentors ne te rendront pas riche. Les entra\u00eeneurs ne te mettront pas en forme. En fin de compte, tu dois prendre tes responsabilit\u00e9s. Sauve-toi toi-m\u00eame.<\/span><\/span><\/p>\n<p style=\"\">\u2013 Naval Ravikant<\/p>\n<div class=\"tcb-post-list tve-content-list thrv_wrapper\" data-type=\"grid\" data-pagination-type=\"load_more\" data-pages_near_current=\"2\" data-css=\"tve-u-17831690296\" data-total_post_count=\"3\" data-total_sticky_count=\"0\" data-disabled-links=\"0\" data-no_posts_text=\"There are no posts to display.\" data-featured-list=\"tve-u-17178f1595a\"><article id=\"post-1368\" class=\"post-1368 post type-post status-publish format-standard has-post-thumbnail hentry category-sante post-wrapper thrv_wrapper thrive-animated-item \" tcb_hover_state_parent=\"\" data-id=\"1368\" data-selector=\".post-wrapper\"><style class=\"tcb-post-list-dynamic-style\" type=\"text\/css\">@media (min-width: 300px){[].tcb-post-list #post-1368 []{background-image: linear-gradient(rgba(0, 0, 0, 0.27) 0%, rgba(0, 0, 0, 0) 100%), url(\u00ab\u00a0https:\/\/justgopink.com\/wp-content\/uploads\/2020\/05\/Bacterias-1024x512.jpg\u00ab\u00a0) !important;}}<\/style><a href=\"https:\/\/justgopink.com\/fr\/pour-une-bonne-sante-voici-comment-comprendre-ta-flore-intestinale-cest-facile\/\" dynamic-postlink=\"tcb_post_the_permalink\" data-shortcode-id=\"1324\"><\/a><\/p>\n<p><a data-dynamic-link=\"tcb_post_date_link\" data-shortcode-id=\"1324\" dynamic-postlink=\"tcb_post_date_link\" href=\"https:\/\/justgopink.com\/fr\/2020\/05\/22\"><span data-attr-date-format=\"F j, Y\" data-attr-date-format-select=\"F j, Y\" data-attr-link=\"0\" data-attr-rel=\"0\" data-attr-show-time=\"0\" data-attr-target=\"1\" data-attr-time-format=\"\" data-attr-time-format-select=\"g:i a\" data-attr-type=\"published\" data-extra_key=\"\" data-option-inline=\"1\" data-shortcode=\"tcb_post_published_date\" data-shortcode-name=\"Post date\">mai 22, 2020 <\/span><\/a><\/p>\n<h2><span data-attr-css=\"\" data-attr-link=\"1\" data-attr-rel=\"0\" data-attr-static-link=\"{&quot;className&quot;:&quot;&quot;,&quot;href&quot;:&quot;http:\/\/justgopink.com\/how-to-treat-your-gut-flora-well-for-good-health-its-easy\/&quot;,&quot;title&quot;:&quot;How to Treat Your Gut Flora Well For Good Health, It\u2019s Easy!&quot;,&quot;class&quot;:&quot;&quot;}\" data-attr-target=\"0\" data-extra_key=\"\" data-option-inline=\"1\" data-shortcode=\"tcb_post_title\" data-shortcode-name=\"Post title\"><a href=\"https:\/\/justgopink.com\/fr\/pour-une-bonne-sante-voici-comment-comprendre-ta-flore-intestinale-cest-facile\/\" title=\"Pour Une Bonne Sant\u00e9, Voici Comment Comprendre Ta Flore Intestinale, C\u2019est Facile!\" data-css=\"\" class=\"\">Pour Une Bonne Sant\u00e9, Voici Comment Comprendre Ta Flore Intestinale, C\u2019est Facile!<\/a><\/span><\/h2>\n<p><a href=\"https:\/\/justgopink.com\/fr\/pour-une-bonne-sante-voici-comment-comprendre-ta-flore-intestinale-cest-facile\/\"><span style=\"\"><\/span><span style=\"\"><span style=\"\">Read More<\/span><\/span><\/a><\/article><article id=\"post-1411\" class=\"post-1411 post type-post status-publish format-standard has-post-thumbnail hentry category-sante post-wrapper thrv_wrapper thrive-animated-item \" tcb_hover_state_parent=\"\" data-id=\"1411\" data-selector=\".post-wrapper\"><style class=\"tcb-post-list-dynamic-style\" type=\"text\/css\">@media (min-width: 300px){[].tcb-post-list #post-1411 []{background-image: linear-gradient(rgba(0, 0, 0, 0.27) 0%, rgba(0, 0, 0, 0) 100%), url(\u00ab\u00a0https:\/\/justgopink.com\/wp-content\/uploads\/2020\/05\/How-to-Optimise-Your-Lifestyle-to-Prevent-Disease.jpg\u00ab\u00a0) !important;}}<\/style><a href=\"https:\/\/justgopink.com\/fr\/comment-optimiser-ton-mode-de-vie-pour-prevenir-les-maladies\/\" dynamic-postlink=\"tcb_post_the_permalink\" data-shortcode-id=\"1324\"><\/a><\/p>\n<p><a data-dynamic-link=\"tcb_post_date_link\" data-shortcode-id=\"1324\" dynamic-postlink=\"tcb_post_date_link\" href=\"https:\/\/justgopink.com\/fr\/2020\/05\/08\"><span data-attr-date-format=\"F j, Y\" data-attr-date-format-select=\"F j, Y\" data-attr-link=\"0\" data-attr-rel=\"0\" data-attr-show-time=\"0\" data-attr-target=\"1\" data-attr-time-format=\"\" data-attr-time-format-select=\"g:i a\" data-attr-type=\"published\" data-extra_key=\"\" data-option-inline=\"1\" data-shortcode=\"tcb_post_published_date\" data-shortcode-name=\"Post date\">mai 8, 2020 <\/span><\/a><\/p>\n<h2><span data-attr-css=\"\" data-attr-link=\"1\" data-attr-rel=\"0\" data-attr-static-link=\"{&quot;className&quot;:&quot;&quot;,&quot;href&quot;:&quot;http:\/\/justgopink.com\/how-to-treat-your-gut-flora-well-for-good-health-its-easy\/&quot;,&quot;title&quot;:&quot;How to Treat Your Gut Flora Well For Good Health, It\u2019s Easy!&quot;,&quot;class&quot;:&quot;&quot;}\" data-attr-target=\"0\" data-extra_key=\"\" data-option-inline=\"1\" data-shortcode=\"tcb_post_title\" data-shortcode-name=\"Post title\"><a href=\"https:\/\/justgopink.com\/fr\/comment-optimiser-ton-mode-de-vie-pour-prevenir-les-maladies\/\" title=\"Comment Optimiser ton Mode de Vie pour Pr\u00e9venir les Maladies?\" data-css=\"\" class=\"\">Comment Optimiser ton Mode de Vie pour Pr\u00e9venir les Maladies?<\/a><\/span><\/h2>\n<p><a href=\"https:\/\/justgopink.com\/fr\/comment-optimiser-ton-mode-de-vie-pour-prevenir-les-maladies\/\"><span style=\"\"><\/span><span style=\"\"><span style=\"\">Read More<\/span><\/span><\/a><\/article><article id=\"post-1115\" class=\"post-1115 post type-post status-publish format-standard has-post-thumbnail hentry category-sante post-wrapper thrv_wrapper thrive-animated-item \" tcb_hover_state_parent=\"\" data-id=\"1115\" data-selector=\".post-wrapper\"><style class=\"tcb-post-list-dynamic-style\" type=\"text\/css\">@media (min-width: 300px){[].tcb-post-list #post-1115 []{background-image: linear-gradient(rgba(0, 0, 0, 0.27) 0%, rgba(0, 0, 0, 0) 100%), url(\u00ab\u00a0https:\/\/justgopink.com\/wp-content\/uploads\/2020\/04\/The-6-Most-Important-Healthy-Living-Factors-That-Will-Add-Years-To-Your-Life-s.jpg\u00ab\u00a0) !important;}}<\/style><a href=\"https:\/\/justgopink.com\/fr\/les-6-facteurs-les-plus-importants-dune-vie-saine-qui-ajouteront-des-annees-heureuse-a-ta-vie\/\" dynamic-postlink=\"tcb_post_the_permalink\" data-shortcode-id=\"1324\"><\/a><\/p>\n<p><a data-dynamic-link=\"tcb_post_date_link\" data-shortcode-id=\"1324\" dynamic-postlink=\"tcb_post_date_link\" href=\"https:\/\/justgopink.com\/fr\/2020\/04\/20\"><span data-attr-date-format=\"F j, Y\" data-attr-date-format-select=\"F j, Y\" data-attr-link=\"0\" data-attr-rel=\"0\" data-attr-show-time=\"0\" data-attr-target=\"1\" data-attr-time-format=\"\" data-attr-time-format-select=\"g:i a\" data-attr-type=\"published\" data-extra_key=\"\" data-option-inline=\"1\" data-shortcode=\"tcb_post_published_date\" data-shortcode-name=\"Post date\">avril 20, 2020 <\/span><\/a><\/p>\n<h2><span data-attr-css=\"\" data-attr-link=\"1\" data-attr-rel=\"0\" data-attr-static-link=\"{&quot;className&quot;:&quot;&quot;,&quot;href&quot;:&quot;http:\/\/justgopink.com\/how-to-treat-your-gut-flora-well-for-good-health-its-easy\/&quot;,&quot;title&quot;:&quot;How to Treat Your Gut Flora Well For Good Health, It\u2019s Easy!&quot;,&quot;class&quot;:&quot;&quot;}\" data-attr-target=\"0\" data-extra_key=\"\" data-option-inline=\"1\" data-shortcode=\"tcb_post_title\" data-shortcode-name=\"Post title\"><a href=\"https:\/\/justgopink.com\/fr\/les-6-facteurs-les-plus-importants-dune-vie-saine-qui-ajouteront-des-annees-heureuse-a-ta-vie\/\" title=\"Les 6 Facteurs Les Plus Importants D\u2019une Vie Saine Qui Ajouteront Des Ann\u00e9es Heureuse \u00c0 Ta Vie\" data-css=\"\" class=\"\">Les 6 Facteurs Les Plus Importants D\u2019une Vie Saine Qui Ajouteront Des Ann\u00e9es Heureuse \u00c0 Ta Vie<\/a><\/span><\/h2>\n<p><a href=\"https:\/\/justgopink.com\/fr\/les-6-facteurs-les-plus-importants-dune-vie-saine-qui-ajouteront-des-annees-heureuse-a-ta-vie\/\"><span style=\"\"><\/span><span style=\"\"><span style=\"\">Read More<\/span><\/span><\/a><\/article><\/div>\n<h2 style=\"\">Rejoins-nous et ne rate jamais un article!<\/h2>\n<p style=\"\">Et obtiens en plus gratuitement notre <strong>Fiche de Changement<\/strong>. Utilise-la pour commencer \u00e0 mettre en \u0153uvre sans difficult\u00e9 de petits ajustements, tout en \u00e9vitant ta r\u00e9sistance inn\u00e9e au changement. \u00c0 long terme, elle t&rsquo;aidera \u00e0 faire de grands changements vers plus de sant\u00e9 et de bonheur. C&rsquo;est garanti !<\/p>\n<p style=\"text-align: center;\">Nous ne t&rsquo;enverrons pas de spam et tu peux te d\u00e9sinscrire \u00e0 tout moment.<\/p>\n<p>            OUI, INSCRIVEZ-MOI !        <\/p>\n","protected":false},"excerpt":{"rendered":"<p>Sant\u00e9 \u00abLa sant\u00e9 est un mot vaste. &nbsp;Il n&rsquo;englobe pas seulement le corps, mais aussi l&rsquo;esprit et l&rsquo;\u00e2me ; &#8230; et pas seulement la douleur ou le plaisir d&rsquo;aujourd&rsquo;hui, mais l&rsquo;\u00eatre entier et les perspectives de l&rsquo;Homme.\u00bb \u2013 James H. West \u00abLe m\u00e9decin de l&rsquo;avenir ne donnera aucun m\u00e9dicament, mais instruira ses patients sur les [&hellip;]<\/p>\n","protected":false},"author":1,"featured_media":0,"parent":0,"menu_order":0,"comment_status":"closed","ping_status":"closed","template":"","meta":{"footnotes":""},"_links":{"self":[{"href":"https:\/\/justgopink.com\/fr\/wp-json\/wp\/v2\/pages\/5119"}],"collection":[{"href":"https:\/\/justgopink.com\/fr\/wp-json\/wp\/v2\/pages"}],"about":[{"href":"https:\/\/justgopink.com\/fr\/wp-json\/wp\/v2\/types\/page"}],"author":[{"embeddable":true,"href":"https:\/\/justgopink.com\/fr\/wp-json\/wp\/v2\/users\/1"}],"replies":[{"embeddable":true,"href":"https:\/\/justgopink.com\/fr\/wp-json\/wp\/v2\/comments?post=5119"}],"version-history":[{"count":0,"href":"https:\/\/justgopink.com\/fr\/wp-json\/wp\/v2\/pages\/5119\/revisions"}],"wp:attachment":[{"href":"https:\/\/justgopink.com\/fr\/wp-json\/wp\/v2\/media?parent=5119"}],"curies":[{"name":"wp","href":"https:\/\/api.w.org\/{rel}","templated":true}]}}