{"id":5120,"date":"2021-03-11T16:20:49","date_gmt":"2021-03-11T16:20:49","guid":{"rendered":"http:\/\/justgopink.com\/environment\/"},"modified":"2021-04-23T14:19:30","modified_gmt":"2021-04-23T14:19:30","slug":"environnement","status":"publish","type":"page","link":"https:\/\/justgopink.com\/fr\/environnement\/","title":{"rendered":"Environnement"},"content":{"rendered":"<h1 style=\"text-align: center;\">Environnement<\/h1>\n<p style=\"\">Pourquoi avons-nous fait de l\u00abenvironnement\u00bb un th\u00e8me majeur sur un site web qui traite de la sant\u00e9 et du bonheur? Permets-nous de t&rsquo;expliquer; ce n&rsquo;est pas aussi farfelu que cela peut para\u00eetre \u00e0 premi\u00e8re vue&#8230;<\/p>\n<h2 style=\"\"><strong>La relation entre l&rsquo;Environnement, la Sant\u00e9 et le Bonheur<\/strong><\/h2>\n<p style=\"text-align: left;\">L&rsquo; \u00abenvironnement\u00bb est tout ce qui nous entoure. C&rsquo;est l&rsquo;air que nous respirons, l&rsquo;eau que nous buvons et que nous utilisons pour nous laver; c&rsquo;est la nourriture que nous mangeons et les personnes avec lesquelles nous interagissons. Tous les facteurs de notre environnement influencent notre sant\u00e9 physique, mentale et spirituelle ainsi que notre bonheur.<\/p>\n<p style=\"text-align: left;\">Tout et tout le monde est connect\u00e9. Vous connaissez probablement l&rsquo;expression \u00abun esprit sain dans un corps sain\u00bb. Mais si ce corps existe dans un environnement pollu\u00e9 par toutes sortes de poisons, comment peut-il \u00eatre r\u00e9ellement sain?<\/p>\n<p style=\"text-align: justify;\">Lorsque nous parlons de \u00abquestions environnementales\u00bb, nous pouvons facilement \u00eatre d\u00e9pass\u00e9s. La situation \u00e9cologique actuelle est telle que l&rsquo;on pourrait se demander quelle importance a encore ce que je fais? Je ne suis qu&rsquo;un grain de poussi\u00e8re sur cette plan\u00e8te, mes actions ne peuvent en aucun cas influencer le r\u00e9sultat.C&rsquo;est l\u00e0 que vous aurais tort. Car nous cr\u00e9ons notre propre monde. Tous ensemble. Donc, si nous avons \u00e9t\u00e9 capables de cr\u00e9er la crise environnementale actuelle, nous sommes aussi capables de la r\u00e9soudre. Et nous le devons. Parce que chacun d&rsquo;entre nous a besoin d&rsquo;air pur \u00e0 respirer, de nourriture saine \u00e0 manger et d&rsquo;eau propre \u00e0 boire.Alors prends courage et lis ce qui suit. Tes actions font toute la diff\u00e9rence pour notre avenir commun!<\/p>\n<h2 style=\"\">Articles<\/h2>\n<div class=\"tcb-post-list tve-content-list thrv_wrapper\" data-type=\"list\" data-pagination-type=\"load_more\" data-pages_near_current=\"2\" data-css=\"tve-u-1719d11b741\" data-total_post_count=\"5\" data-total_sticky_count=\"0\" data-no_posts_text=\"There are no posts to display.\" data-featured-list=\"tve-u-1719c75620f\" data-disabled-links=\"0\"><article id=\"post-4673\" class=\"post-4673 post type-post status-publish format-standard has-post-thumbnail hentry category-environnement-fr post-wrapper thrv_wrapper thrive-animated-item  tve_evt_manager_listen tve_ea_thrive_animation tve_et_mouseover tve_anim_bob\" shortcode=\"tcb_post_list\" tcb_hover_state_parent=\"\" class=\"tve_evt_manager_listen tve_ea_thrive_animation tve_et_mouseover tve_anim_bob\" data-id=\"4673\" data-selector=\".post-wrapper\"><style class=\"tcb-post-list-dynamic-style\" type=\"text\/css\">@media (min-width: 300px){[].tcb-post-list #post-4673 []{background-image: url(\u00ab\u00a0https:\/\/justgopink.com\/wp-content\/uploads\/2021\/02\/cows-1000-3-300x225.jpg\u00ab\u00a0) !important;}[].tcb-post-list #post-4673 []:hover []{background-image: url(\u00ab\u00a0https:\/\/justgopink.com\/wp-content\/uploads\/2021\/02\/cows-1000-3-300x225.jpg\u00ab\u00a0) !important;}}<\/style><a href=\"https:\/\/justgopink.com\/fr\/impact-consommation-produits-animaux\/\" dynamic-postlink=\"tcb_post_the_permalink\" data-shortcode-id=\"4744\"><span data-attr-date-format=\"F j, Y\" data-attr-date-format-select=\"F j, Y\" data-attr-show-time=\"0\" data-attr-time-format=\"\" data-attr-time-format-select=\"g:i a\" data-attr-type=\"published\" data-extra_key=\"\" data-option-inline=\"1\" data-shortcode=\"tcb_post_published_date\" data-shortcode-name=\"Post date\" style=\"\">f\u00e9vrier 7, 2021 <\/span><\/a><\/p>\n<h2><span data-attr-css=\"\" data-attr-link=\"1\" data-attr-rel=\"0\" data-attr-static-link=\"{&quot;className&quot;:&quot;&quot;,&quot;href&quot;:&quot;http:\/\/justgopink.com\/the-impact-of-the-consumption-of-animal-products\/&quot;,&quot;title&quot;:&quot;The Impact of the Consumption of Animal Products&quot;,&quot;class&quot;:&quot;&quot;}\" data-attr-target=\"0\" data-extra_key=\"\" data-option-inline=\"1\" data-shortcode=\"tcb_post_title\" data-shortcode-name=\"Post title\"><a href=\"https:\/\/justgopink.com\/fr\/impact-consommation-produits-animaux\/\" title=\"L\u2019Impact de la Consommation de Produits Animaux\" data-css=\"\" class=\"\">L\u2019Impact de la Consommation de Produits Animaux<\/a><\/span><\/h2>\n<p><a href=\"https:\/\/justgopink.com\/fr\/impact-consommation-produits-animaux\/\"><span style=\"\"><\/span><span style=\"\"><span style=\"\"><\/span><\/span><\/a><\/article><article id=\"post-2836\" class=\"post-2836 post type-post status-publish format-standard has-post-thumbnail hentry category-environnement-fr post-wrapper thrv_wrapper thrive-animated-item  tve_evt_manager_listen tve_ea_thrive_animation tve_et_mouseover tve_anim_bob\" shortcode=\"tcb_post_list\" tcb_hover_state_parent=\"\" class=\"tve_evt_manager_listen tve_ea_thrive_animation tve_et_mouseover tve_anim_bob\" data-id=\"2836\" data-selector=\".post-wrapper\"><style class=\"tcb-post-list-dynamic-style\" type=\"text\/css\">@media (min-width: 300px){[].tcb-post-list #post-2836 []{background-image: url(\u00ab\u00a0https:\/\/justgopink.com\/wp-content\/uploads\/2020\/08\/poor-indian-boy-300x200.jpg\u00ab\u00a0) !important;}[].tcb-post-list #post-2836 []:hover []{background-image: url(\u00ab\u00a0https:\/\/justgopink.com\/wp-content\/uploads\/2020\/08\/poor-indian-boy-300x200.jpg\u00ab\u00a0) !important;}}<\/style><a href=\"https:\/\/justgopink.com\/fr\/ethique-dans-notre-vie-quotidienne\/\" dynamic-postlink=\"tcb_post_the_permalink\" data-shortcode-id=\"4744\"><span data-attr-date-format=\"F j, Y\" data-attr-date-format-select=\"F j, Y\" data-attr-show-time=\"0\" data-attr-time-format=\"\" data-attr-time-format-select=\"g:i a\" data-attr-type=\"published\" data-extra_key=\"\" data-option-inline=\"1\" data-shortcode=\"tcb_post_published_date\" data-shortcode-name=\"Post date\" style=\"\">ao\u00fbt 3, 2020 <\/span><\/a><\/p>\n<h2><span data-attr-css=\"\" data-attr-link=\"1\" data-attr-rel=\"0\" data-attr-static-link=\"{&quot;className&quot;:&quot;&quot;,&quot;href&quot;:&quot;http:\/\/justgopink.com\/the-impact-of-the-consumption-of-animal-products\/&quot;,&quot;title&quot;:&quot;The Impact of the Consumption of Animal Products&quot;,&quot;class&quot;:&quot;&quot;}\" data-attr-target=\"0\" data-extra_key=\"\" data-option-inline=\"1\" data-shortcode=\"tcb_post_title\" data-shortcode-name=\"Post title\"><a href=\"https:\/\/justgopink.com\/fr\/ethique-dans-notre-vie-quotidienne\/\" title=\"L\u2019\u00c9thique dans notre Vie Quotidienne\" data-css=\"\" class=\"\">L\u2019\u00c9thique dans notre Vie Quotidienne<\/a><\/span><\/h2>\n<p><a href=\"https:\/\/justgopink.com\/fr\/ethique-dans-notre-vie-quotidienne\/\"><span style=\"\"><\/span><span style=\"\"><span style=\"\"><\/span><\/span><\/a><\/article><article id=\"post-2597\" class=\"post-2597 post type-post status-publish format-standard has-post-thumbnail hentry category-environnement-fr post-wrapper thrv_wrapper thrive-animated-item  tve_evt_manager_listen tve_ea_thrive_animation tve_et_mouseover tve_anim_bob\" shortcode=\"tcb_post_list\" tcb_hover_state_parent=\"\" class=\"tve_evt_manager_listen tve_ea_thrive_animation tve_et_mouseover tve_anim_bob\" data-id=\"2597\" data-selector=\".post-wrapper\"><style class=\"tcb-post-list-dynamic-style\" type=\"text\/css\">@media (min-width: 300px){[].tcb-post-list #post-2597 []{background-image: url(\u00ab\u00a0https:\/\/justgopink.com\/wp-content\/uploads\/2020\/07\/Globe-open-letter-300x200.jpg\u00ab\u00a0) !important;}[].tcb-post-list #post-2597 []:hover []{background-image: url(\u00ab\u00a0https:\/\/justgopink.com\/wp-content\/uploads\/2020\/07\/Globe-open-letter-300x200.jpg\u00ab\u00a0) !important;}}<\/style><a href=\"https:\/\/justgopink.com\/fr\/lettre-ouverte-aux-multi-milliardaires-ainsi-quaux-personnes-les-plus-influentes-du-monde\/\" dynamic-postlink=\"tcb_post_the_permalink\" data-shortcode-id=\"4744\"><span data-attr-date-format=\"F j, Y\" data-attr-date-format-select=\"F j, Y\" data-attr-show-time=\"0\" data-attr-time-format=\"\" data-attr-time-format-select=\"g:i a\" data-attr-type=\"published\" data-extra_key=\"\" data-option-inline=\"1\" data-shortcode=\"tcb_post_published_date\" data-shortcode-name=\"Post date\" style=\"\">juillet 15, 2020 <\/span><\/a><\/p>\n<h2><span data-attr-css=\"\" data-attr-link=\"1\" data-attr-rel=\"0\" data-attr-static-link=\"{&quot;className&quot;:&quot;&quot;,&quot;href&quot;:&quot;http:\/\/justgopink.com\/the-impact-of-the-consumption-of-animal-products\/&quot;,&quot;title&quot;:&quot;The Impact of the Consumption of Animal Products&quot;,&quot;class&quot;:&quot;&quot;}\" data-attr-target=\"0\" data-extra_key=\"\" data-option-inline=\"1\" data-shortcode=\"tcb_post_title\" data-shortcode-name=\"Post title\"><a href=\"https:\/\/justgopink.com\/fr\/lettre-ouverte-aux-multi-milliardaires-ainsi-quaux-personnes-les-plus-influentes-du-monde\/\" title=\"Lettre Ouverte Aux Multi-Milliardaires Ainsi Qu\u2019aux Personnes Les Plus Influentes du Monde\" data-css=\"\" class=\"\">Lettre Ouverte Aux Multi-Milliardaires Ainsi Qu\u2019aux Personnes Les Plus Influentes du Monde<\/a><\/span><\/h2>\n<p><a href=\"https:\/\/justgopink.com\/fr\/lettre-ouverte-aux-multi-milliardaires-ainsi-quaux-personnes-les-plus-influentes-du-monde\/\"><span style=\"\"><\/span><span style=\"\"><span style=\"\"><\/span><\/span><\/a><\/article><article id=\"post-2528\" class=\"post-2528 post type-post status-publish format-standard has-post-thumbnail hentry category-environnement-fr post-wrapper thrv_wrapper thrive-animated-item  tve_evt_manager_listen tve_ea_thrive_animation tve_et_mouseover tve_anim_bob\" shortcode=\"tcb_post_list\" tcb_hover_state_parent=\"\" class=\"tve_evt_manager_listen tve_ea_thrive_animation tve_et_mouseover tve_anim_bob\" data-id=\"2528\" data-selector=\".post-wrapper\"><style class=\"tcb-post-list-dynamic-style\" type=\"text\/css\">@media (min-width: 300px){[].tcb-post-list #post-2528 []{background-image: url(\u00ab\u00a0https:\/\/justgopink.com\/wp-content\/uploads\/2020\/07\/Bar-Soap-Or-Liquid-Soap-What\u2019s-The-Best-Choice-For-The-Environment-And-For-You-300x125.jpg\u00ab\u00a0) !important;}[].tcb-post-list #post-2528 []:hover []{background-image: url(\u00ab\u00a0https:\/\/justgopink.com\/wp-content\/uploads\/2020\/07\/Bar-Soap-Or-Liquid-Soap-What\u2019s-The-Best-Choice-For-The-Environment-And-For-You-300x125.jpg\u00ab\u00a0) !important;}}<\/style><a href=\"https:\/\/justgopink.com\/fr\/savon-solide-ou-savon-liquide-quel-est-le-meilleur-choix-pour-lenvironnement-et-pour-toi\/\" dynamic-postlink=\"tcb_post_the_permalink\" data-shortcode-id=\"4744\"><span data-attr-date-format=\"F j, Y\" data-attr-date-format-select=\"F j, Y\" data-attr-show-time=\"0\" data-attr-time-format=\"\" data-attr-time-format-select=\"g:i a\" data-attr-type=\"published\" data-extra_key=\"\" data-option-inline=\"1\" data-shortcode=\"tcb_post_published_date\" data-shortcode-name=\"Post date\" style=\"\">juin 12, 2020 <\/span><\/a><\/p>\n<h2><span data-attr-css=\"\" data-attr-link=\"1\" data-attr-rel=\"0\" data-attr-static-link=\"{&quot;className&quot;:&quot;&quot;,&quot;href&quot;:&quot;http:\/\/justgopink.com\/the-impact-of-the-consumption-of-animal-products\/&quot;,&quot;title&quot;:&quot;The Impact of the Consumption of Animal Products&quot;,&quot;class&quot;:&quot;&quot;}\" data-attr-target=\"0\" data-extra_key=\"\" data-option-inline=\"1\" data-shortcode=\"tcb_post_title\" data-shortcode-name=\"Post title\"><a href=\"https:\/\/justgopink.com\/fr\/savon-solide-ou-savon-liquide-quel-est-le-meilleur-choix-pour-lenvironnement-et-pour-toi\/\" title=\"Savon Solide ou Savon Liquide: quel est le Meilleur Choix pour l\u2019Environnement et pour Toi?\" data-css=\"\" class=\"\">Savon Solide ou Savon Liquide: quel est le Meilleur Choix pour l\u2019Environnement et pour Toi?<\/a><\/span><\/h2>\n<p><a href=\"https:\/\/justgopink.com\/fr\/savon-solide-ou-savon-liquide-quel-est-le-meilleur-choix-pour-lenvironnement-et-pour-toi\/\"><span style=\"\"><\/span><span style=\"\"><span style=\"\"><\/span><\/span><\/a><\/article><article id=\"post-2596\" class=\"post-2596 post type-post status-publish format-standard has-post-thumbnail hentry category-environnement-fr post-wrapper thrv_wrapper thrive-animated-item  tve_evt_manager_listen tve_ea_thrive_animation tve_et_mouseover tve_anim_bob\" shortcode=\"tcb_post_list\" tcb_hover_state_parent=\"\" class=\"tve_evt_manager_listen tve_ea_thrive_animation tve_et_mouseover tve_anim_bob\" data-id=\"2596\" data-selector=\".post-wrapper\"><style class=\"tcb-post-list-dynamic-style\" type=\"text\/css\">@media (min-width: 300px){[].tcb-post-list #post-2596 []{background-image: url(\u00ab\u00a0https:\/\/justgopink.com\/wp-content\/uploads\/2020\/07\/Leau-potable-300x200.jpg\u00ab\u00a0) !important;}[].tcb-post-list #post-2596 []:hover []{background-image: url(\u00ab\u00a0https:\/\/justgopink.com\/wp-content\/uploads\/2020\/07\/Leau-potable-300x200.jpg\u00ab\u00a0) !important;}}<\/style><a href=\"https:\/\/justgopink.com\/fr\/6-vital-facts-that-everyone-needs-to-know-about-drinking-water\/\" dynamic-postlink=\"tcb_post_the_permalink\" data-shortcode-id=\"4744\"><span data-attr-date-format=\"F j, Y\" data-attr-date-format-select=\"F j, Y\" data-attr-show-time=\"0\" data-attr-time-format=\"\" data-attr-time-format-select=\"g:i a\" data-attr-type=\"published\" data-extra_key=\"\" data-option-inline=\"1\" data-shortcode=\"tcb_post_published_date\" data-shortcode-name=\"Post date\" style=\"\">juin 5, 2020 <\/span><\/a><\/p>\n<h2><span data-attr-css=\"\" data-attr-link=\"1\" data-attr-rel=\"0\" data-attr-static-link=\"{&quot;className&quot;:&quot;&quot;,&quot;href&quot;:&quot;http:\/\/justgopink.com\/the-impact-of-the-consumption-of-animal-products\/&quot;,&quot;title&quot;:&quot;The Impact of the Consumption of Animal Products&quot;,&quot;class&quot;:&quot;&quot;}\" data-attr-target=\"0\" data-extra_key=\"\" data-option-inline=\"1\" data-shortcode=\"tcb_post_title\" data-shortcode-name=\"Post title\"><a href=\"https:\/\/justgopink.com\/fr\/6-vital-facts-that-everyone-needs-to-know-about-drinking-water\/\" title=\"6 Explications Vitales Que Tout le Monde Doit Savoir au Sujet De l\u2019Eau Potable!\" data-css=\"\" class=\"\">6 Explications Vitales Que Tout le Monde Doit Savoir au Sujet De l\u2019Eau Potable!<\/a><\/span><\/h2>\n<p><a href=\"https:\/\/justgopink.com\/fr\/6-vital-facts-that-everyone-needs-to-know-about-drinking-water\/\"><span style=\"\"><\/span><span style=\"\"><span style=\"\"><\/span><\/span><\/a><\/article><\/div>\n<h2 style=\"\">Rejoins-nous et ne rate jamais un article!<\/h2>\n<p style=\"\">Et obtiens en plus gratuitement notre <strong>Fiche de Changement<\/strong>. Utilise-la pour commencer \u00e0 mettre en \u0153uvre sans difficult\u00e9 de petits ajustements, tout en \u00e9vitant ta r\u00e9sistance inn\u00e9e au changement. \u00c0 long terme, elle t&rsquo;aidera \u00e0 faire de grands changements vers plus de sant\u00e9 et de bonheur. C&rsquo;est garanti !<\/p>\n<p style=\"text-align: center;\">Nous ne t&rsquo;enverrons pas de spam et tu peux te d\u00e9sinscrire \u00e0 tout moment.<\/p>\n<p>            OUI, INSCRIVEZ-MOI !        <\/p>\n","protected":false},"excerpt":{"rendered":"<p>Environnement Pourquoi avons-nous fait de l\u00abenvironnement\u00bb un th\u00e8me majeur sur un site web qui traite de la sant\u00e9 et du bonheur? Permets-nous de t&rsquo;expliquer; ce n&rsquo;est pas aussi farfelu que cela peut para\u00eetre \u00e0 premi\u00e8re vue&#8230; La relation entre l&rsquo;Environnement, la Sant\u00e9 et le Bonheur L&rsquo; \u00abenvironnement\u00bb est tout ce qui nous entoure. C&rsquo;est l&rsquo;air [&hellip;]<\/p>\n","protected":false},"author":1,"featured_media":0,"parent":0,"menu_order":0,"comment_status":"closed","ping_status":"closed","template":"","meta":{"footnotes":""},"_links":{"self":[{"href":"https:\/\/justgopink.com\/fr\/wp-json\/wp\/v2\/pages\/5120"}],"collection":[{"href":"https:\/\/justgopink.com\/fr\/wp-json\/wp\/v2\/pages"}],"about":[{"href":"https:\/\/justgopink.com\/fr\/wp-json\/wp\/v2\/types\/page"}],"author":[{"embeddable":true,"href":"https:\/\/justgopink.com\/fr\/wp-json\/wp\/v2\/users\/1"}],"replies":[{"embeddable":true,"href":"https:\/\/justgopink.com\/fr\/wp-json\/wp\/v2\/comments?post=5120"}],"version-history":[{"count":0,"href":"https:\/\/justgopink.com\/fr\/wp-json\/wp\/v2\/pages\/5120\/revisions"}],"wp:attachment":[{"href":"https:\/\/justgopink.com\/fr\/wp-json\/wp\/v2\/media?parent=5120"}],"curies":[{"name":"wp","href":"https:\/\/api.w.org\/{rel}","templated":true}]}}