{"id":917,"date":"2020-03-12T13:08:20","date_gmt":"2020-03-12T13:08:20","guid":{"rendered":"https:\/\/staging.justgopink.com\/about-just-go-pink\/"},"modified":"2021-02-05T22:06:39","modified_gmt":"2021-02-05T22:06:39","slug":"apropos-just-go-pink","status":"publish","type":"page","link":"https:\/\/justgopink.com\/fr\/apropos-just-go-pink\/","title":{"rendered":"\u00c0 propos"},"content":{"rendered":"<h2 style=\"text-align: center;\">Te Motiver et t&rsquo;Habiliter \u00e0 Vivre uneVie Plus Saine et Plus Heureuse<\/h2>\n<h2>Notre Mission<\/h2>\n<p>Nous sommes <strong>passionn\u00e9s par la vie<\/strong> et nous la vivons consciemment et pleinement. Et nous voulons aider le plus grand nombre possible de personnes \u00e0 faire de m\u00eame, afin que cette plan\u00e8te soit un endroit meilleur. Nous voulons <strong>te motiver<\/strong> et <strong>te donner les moyens<\/strong> de prendre des d\u00e9cisions qui conduisent \u00e0 plus de sant\u00e9 et de bonheur. Pour toi-m\u00eame, et pour le plus grand bien de tous.<\/p>\n<h2 style=\"text-align: right;\">Notre Vision<\/h2>\n<p style=\"text-align: left;\">D&rsquo;aider le plus de gens possible \u00e0 vivre en meilleure sant\u00e9 et plus heureux. Faire prendre conscience du <strong>pouvoir<\/strong> et de la <strong>responsabilit\u00e9 de chacun<\/strong>. Aider \u00e0 faire de cette plan\u00e8te un endroit meilleur pour toutes les cr\u00e9atures, grandes et petites. Penser globalement, agir localement. <strong>Change le monde<\/strong>, commence par toi-m\u00eame \u00e0 vivre plus sainement et \u00eatre plus heureux.<\/p>\n<h2>Nos Valeurs<\/h2>\n<p><strong><em>L&rsquo;Honn\u00eatet\u00e9<\/em><\/strong> et <em><strong>l&rsquo;Int\u00e9grit\u00e9<\/strong> <\/em>sont les valeurs qui nous sont les plus ch\u00e8res. Sans elles, \u00e0 notre <strong><em>Humble<\/em><\/strong> avis, la <em><strong>Confiance<\/strong><\/em> ne peut \u00eatre gagn\u00e9e. Nous sommes anim\u00e9s par une <em><strong>Passion<\/strong><\/em> pour ce que nous faisons et par notre <em><strong>Engagement<\/strong><\/em> envers les personnes que nous servons. Nous faisons de notre mieux pour que les choses restent <em><strong>Simples<\/strong><\/em> mais <em><strong>Amusantes<\/strong><\/em>, tout en continuant \u00e0 <em><strong>Apprendre<\/strong><\/em> et \u00e0 nous <em><strong>Am\u00e9liorer<\/strong><\/em>.<\/p>\n<h2 style=\"text-align: right;\">Notre Approche<\/h2>\n<p>Nous avons tous une approche diff\u00e9rente pour vivre et changer notre style de vie. Sur la base de nos connaissances et de nos exp\u00e9riences personnelles, <strong>nous pensons que la plupart des gens b\u00e9n\u00e9ficient plus d&rsquo;une approche\u00a0 \u00ab douce mais persuasive \u00bb<\/strong>, faite de petits pas apparemment insignifiants. Pas de programme de 7 jours pour une sant\u00e9 parfaite, pas de programmes <strong>\u00ab<\/strong> purs et durs <strong>\u00bb<\/strong>\u00a0 pour te faire changer radicalement la fa\u00e7on dont tu as fait les choses toute ta vie&#8230;<\/p>\n<p><strong>Pourquoi pas ?<\/strong> Parce que cela ne fonctionne pas \u00e0 la longue.<\/p>\n<h2>L&rsquo;Art du Kaizen<\/h2>\n<p>D&rsquo;un point de vue \u00e9volutionniste, nous sommes <strong>con\u00e7us pour r\u00e9sister au changement<\/strong>. Ton m\u00e9senc\u00e9phale ou cerveau moyen (centre de contr\u00f4le) actionnera le frein de secours d\u00e8s que tu commenceras \u00e0 manifester des pens\u00e9es d\u2019un changement radical. Pour r\u00e9ussir \u00e0 changer quoi que ce soit sans avoir \u00e0 surmonter cette r\u00e9sistance, nous proposons l&rsquo;art du Kaizen, \u00e0 petits pas ou <strong>baby-step<\/strong>. Une fois que tu as compris ce principe, tu peux r\u00e9aliser beaucoup de choses avec <strong>tr\u00e8s peu d&rsquo;efforts<\/strong>.<\/p>\n<p>Pour te mettre<strong> en position de r\u00e9ussir<\/strong>, tu dois faire des pas si petits que tes objectifs te semblent insignifiants. Car lorsque tu fais cela, ton cerveau moyen est rassur\u00e9 en sachant que ce n&rsquo;est rien de s\u00e9rieux, et il s&rsquo;endort. Et quand le m\u00e9senc\u00e9phale est endormi, il n&rsquo;y a <strong>pas de r\u00e9sistance<\/strong>. Et c&rsquo;est alors que la magie op\u00e8re ????<\/p>\n<h2 style=\"text-align: right;\">Ayurveda<\/h2>\n<p>Nous utilisons nos connaissances et notre exp\u00e9rience de l&rsquo;Ayurveda pour te donner le plus de pouvoir possible. L&rsquo;Ayurveda est la \u00ab\u00a0<strong>Science de la vie<\/strong>\u00a0\u00bb et a accumul\u00e9 beaucoup de <strong>sagesse<\/strong> au cours des 5000 derni\u00e8res ann\u00e9es. C&rsquo;est une approche <strong>holistique<\/strong> de la vie et de la sant\u00e9 qui offre beaucoup de bons <strong>conseils ax\u00e9s sur l&rsquo;individu<\/strong>. Parce que, soyons r\u00e9alistes, nous sommes tous des individus avec des besoins et des capacit\u00e9s diff\u00e9rentes.<\/p>\n<p>Nous sommes l\u00e0 pour t&rsquo;aider en te proposant des informations, des formations, des conseils et <strong>des programmes de \u00ab petits pas \u00bb<\/strong>. Pour que tu puisses, \u00e0 ton propre rythme, <strong>changer ta vie pour le mieux<\/strong>. Pour te sentir en meilleure sant\u00e9 et plus heureux.<\/p>\n<p>Que tu souhaites commencer \u00e0 m\u00e9diter, changer ton alimentation, faire du yoga ou d\u00e9velopper une routine quotidienne saine, <strong>nous sommes l\u00e0 pour t&rsquo;aider<\/strong>. De plus, si tu nous fais savoir quelle habitude tu veux changer ou commencer, pour changer ta vie pour le mieux, nous \u00e9laborerons le programme \u00ab petits pas \u00bb n\u00e9cessaire pour toi.<\/p>\n<p><a href=\"https:\/\/justgopink.com\/fr\/contact\/\">Contacte-nous<\/a> et fais-nous savoir comment nous pouvons t&rsquo;aider.<\/p>\n<p><span><img decoding=\"async\" alt=\"Ayurveda for healthier and happier living\" data-id=\"2770\" width=\"60\" data-init-width=\"87\" height=\"60\" data-init-height=\"87\" title=\"Ayurveda-s\" loading=\"lazy\" src=\"http:\/\/justgopink.com\/wp-content\/uploads\/2020\/08\/Ayurveda-s.png\" data-width=\"60\" data-height=\"60\" style=\"\"><\/span><div class=\"tcb-post-list tve-content-list thrv_wrapper\" data-type=\"grid\" data-pagination-type=\"none\" data-pages_near_current=\"2\" data-css=\"tve-u-17101bb1167\" data-no_posts_text=\"There are no posts to display.\" data-total_post_count=\"29\" data-total_sticky_count=\"0\" data-disabled-links=\"0\"><article id=\"post-5448\" class=\"post-5448 post type-post status-publish format-standard has-post-thumbnail hentry category-ayurveda-fr post-wrapper thrv_wrapper thrive-animated-item \" tcb_hover_state_parent=\"\" data-id=\"5448\" data-selector=\".post-wrapper\"><style class=\"tcb-post-list-dynamic-style\" type=\"text\/css\">@media (min-width: 300px){[].tcb-post-list #post-5448 []{background-image: linear-gradient(rgba(255, 255, 255, 0) 55%, rgba(0, 0, 0, 0.4) 100%), url(\u00ab\u00a0https:\/\/justgopink.com\/wp-content\/uploads\/2021\/06\/Screenshot-2021-06-17-at-15.28.47-300x134.png\u00ab\u00a0) !important;}}<\/style><a href=\"https:\/\/justgopink.com\/fr\/hypothyroidie-6-methodes-naturelles-pour-taider-si-tu-souffres-de-cette-maladie\/\" dynamic-postlink=\"tcb_post_the_permalink\" data-shortcode-id=\"810\"><\/a><\/p>\n<h2 style=\"\"><span data-attr-link=\"1\" data-attr-rel=\"0\" data-attr-target=\"0\" data-extra_key=\"\" data-option-inline=\"1\" data-shortcode=\"tcb_post_title\" data-shortcode-name=\"Post title\" data-attr-css=\"tve-u-17101bb1172\" data-attr-static-link=\"{&quot;className&quot;:&quot;&quot;,&quot;href&quot;:&quot;http:\/\/justgopink.com\/fr\/faits-scientifiques-importants-qualite-et-quantite-sommeil\/&quot;,&quot;title&quot;:&quot;Faits Scientifiques Importants sur la Qualit\u00e9 et Quantit\u00e9 de Sommeil, sur Lesquels Tout le Monde Devrait Agir&quot;,&quot;data-css&quot;:&quot;tve-u-17101bb1172&quot;,&quot;class&quot;:&quot;&quot;}\"><a href=\"https:\/\/justgopink.com\/fr\/hypothyroidie-6-methodes-naturelles-pour-taider-si-tu-souffres-de-cette-maladie\/\" title=\"Hypothyro\u00efdie : 6 M\u00e9thodes Naturelles Pour t\u2019Aider Si Tu Souffres De Cette Maladie\" data-css=\"tve-u-17101bb1172\" class=\"\">Hypothyro\u00efdie : 6 M\u00e9thodes Naturelles Pour t\u2019Aider Si Tu Souffres De Cette Maladie<\/a><\/span><\/h2>\n<p><\/article><article id=\"post-5294\" class=\"post-5294 post type-post status-publish format-standard has-post-thumbnail hentry category-sante post-wrapper thrv_wrapper thrive-animated-item \" tcb_hover_state_parent=\"\" data-id=\"5294\" data-selector=\".post-wrapper\"><style class=\"tcb-post-list-dynamic-style\" type=\"text\/css\">@media (min-width: 300px){[].tcb-post-list #post-5294 []{background-image: linear-gradient(rgba(255, 255, 255, 0) 55%, rgba(0, 0, 0, 0.4) 100%), url(\u00ab\u00a0https:\/\/justgopink.com\/wp-content\/uploads\/2021\/04\/Jeu\u0302ne-300x201.jpg\u00ab\u00a0) !important;}}<\/style><a href=\"https:\/\/justgopink.com\/fr\/est-ce-que-le-jeune-a-des-avantages-pour-la-sante\/\" dynamic-postlink=\"tcb_post_the_permalink\" data-shortcode-id=\"810\"><\/a><\/p>\n<h2 style=\"\"><span data-attr-link=\"1\" data-attr-rel=\"0\" data-attr-target=\"0\" data-extra_key=\"\" data-option-inline=\"1\" data-shortcode=\"tcb_post_title\" data-shortcode-name=\"Post title\" data-attr-css=\"tve-u-17101bb1172\" data-attr-static-link=\"{&quot;className&quot;:&quot;&quot;,&quot;href&quot;:&quot;http:\/\/justgopink.com\/fr\/faits-scientifiques-importants-qualite-et-quantite-sommeil\/&quot;,&quot;title&quot;:&quot;Faits Scientifiques Importants sur la Qualit\u00e9 et Quantit\u00e9 de Sommeil, sur Lesquels Tout le Monde Devrait Agir&quot;,&quot;data-css&quot;:&quot;tve-u-17101bb1172&quot;,&quot;class&quot;:&quot;&quot;}\"><a href=\"https:\/\/justgopink.com\/fr\/est-ce-que-le-jeune-a-des-avantages-pour-la-sante\/\" title=\"Est-ce que le Je\u00fbne a des Avantages pour la Sant\u00e9?\" data-css=\"tve-u-17101bb1172\" class=\"\">Est-ce que le Je\u00fbne a des Avantages pour la Sant\u00e9?<\/a><\/span><\/h2>\n<p><\/article><article id=\"post-4894\" class=\"post-4894 post type-post status-publish format-standard has-post-thumbnail hentry category-bonheur post-wrapper thrv_wrapper thrive-animated-item \" tcb_hover_state_parent=\"\" data-id=\"4894\" data-selector=\".post-wrapper\"><style class=\"tcb-post-list-dynamic-style\" type=\"text\/css\">@media (min-width: 300px){[].tcb-post-list #post-4894 []{background-image: linear-gradient(rgba(255, 255, 255, 0) 55%, rgba(0, 0, 0, 0.4) 100%), url(\u00ab\u00a0https:\/\/justgopink.com\/wp-content\/uploads\/2021\/02\/accumulation-of-stuff0-300x200.jpg\u00ab\u00a0) !important;}}<\/style><a href=\"https:\/\/justgopink.com\/fr\/est-ce-que-laccumulation-de-choses-te-rend-vraiment-heureux\/\" dynamic-postlink=\"tcb_post_the_permalink\" data-shortcode-id=\"810\"><\/a><\/p>\n<h2 style=\"\"><span data-attr-link=\"1\" data-attr-rel=\"0\" data-attr-target=\"0\" data-extra_key=\"\" data-option-inline=\"1\" data-shortcode=\"tcb_post_title\" data-shortcode-name=\"Post title\" data-attr-css=\"tve-u-17101bb1172\" data-attr-static-link=\"{&quot;className&quot;:&quot;&quot;,&quot;href&quot;:&quot;http:\/\/justgopink.com\/fr\/faits-scientifiques-importants-qualite-et-quantite-sommeil\/&quot;,&quot;title&quot;:&quot;Faits Scientifiques Importants sur la Qualit\u00e9 et Quantit\u00e9 de Sommeil, sur Lesquels Tout le Monde Devrait Agir&quot;,&quot;data-css&quot;:&quot;tve-u-17101bb1172&quot;,&quot;class&quot;:&quot;&quot;}\"><a href=\"https:\/\/justgopink.com\/fr\/est-ce-que-laccumulation-de-choses-te-rend-vraiment-heureux\/\" title=\"Est-ce que l\u2019Accumulation de Choses te rend Vraiment Heureux?\" data-css=\"tve-u-17101bb1172\" class=\"\">Est-ce que l\u2019Accumulation de Choses te rend Vraiment Heureux?<\/a><\/span><\/h2>\n<p><\/article><\/div>                    <\/p>\n<h2 style=\"text-align: left;\">Les personnes derri\u00e8re Just Go Pink!<\/h2>\n<p>Nous sommes Karen et Christophe, un couple dans la cinquantaine et la soixantaine. Nous sommes ensemble depuis f\u00e9vrier 2017. Avant cela, nous avons tous deux eu une relation \u00e0 long terme avec une autre personne. Ainsi, lorsque nous nous sommes rencontr\u00e9s et que nous sommes tomb\u00e9s amoureux, nous avons chacun eu un sac \u00e0 dos bien rempli d&rsquo;exp\u00e9riences, bonnes et mauvaises.<\/p>\n<p>Ce qui nous a attir\u00e9s l&rsquo;un vers l&rsquo;autre, c&rsquo;est (et c&rsquo;est toujours le cas !) que nous sommes tous deux tr\u00e8s int\u00e9ress\u00e9s par la sant\u00e9 au sens large du terme. Karen a un dipl\u00f4me de th\u00e9rapeute nutritionnel ayurv\u00e9dique et Christophe est un professeur de yoga certifi\u00e9. Et nous nous sommes rencontr\u00e9s gr\u00e2ce \u00e0 l&rsquo;application de m\u00e9ditation Insight Timer.<\/p>\n<h4>Au sujet de Karen<\/h4>\n<p><span><img decoding=\"async\" alt=\"Karen\" data-id=\"848\" width=\"304\" data-init-width=\"1024\" height=\"231\" data-init-height=\"789\" title=\"About Karen\" loading=\"lazy\" src=\"http:\/\/justgopink.com\/wp-content\/uploads\/2020\/04\/About-Karen.jpg\" data-width=\"304\" data-height=\"231\" style=\"\"><\/span><\/p>\n<p>Biologiste, cr\u00e9atrice de sites web, professionnelle des soins des sabots sans fer \u00ab\u00a0m\u00e9thode Strasser\u00a0\u00bb, chef cuisini\u00e8re priv\u00e9, consultante en affaires, th\u00e9rapeute nutritionnel ayurv\u00e9dique sont quelques-uns des titres qu&rsquo;elle d\u00e9tient. Elle est passionn\u00e9e par la nutrition, les chevaux et la pr\u00e9servation de l&rsquo;environnement (entre autres choses). Elle aime lire, \u00e9crire, \u00eatre entour\u00e9e d&rsquo;animaux, apprendre de nouvelles choses, pour n&rsquo;en citer que quelques-unes&#8230;Parle le n\u00e9erlandais, l&rsquo;anglais, le fran\u00e7ais et l&rsquo;allemand.<\/p>\n<h4>Au sujet de Christophe<\/h4>\n<p><span><img decoding=\"async\" alt=\"Chris\" data-id=\"870\" width=\"304\" data-init-width=\"300\" height=\"224\" data-init-height=\"221\" title=\"About Chris\" loading=\"lazy\" src=\"http:\/\/justgopink.com\/wp-content\/uploads\/2020\/05\/About-Chris-300x221.jpg\" data-width=\"304\" data-height=\"224\" style=\"\" ml-d=\"-1\"><\/span><\/p>\n<p>Chris est programmeur sur gros ordinateur (Mainframe) depuis pr\u00e8s de 30 ans. Son amour pour le yoga a commenc\u00e9 il y a plus de 20 ans. Son int\u00e9r\u00eat pour la sant\u00e9, le corps et la m\u00e9ditation l&rsquo;a amen\u00e9 \u00e0 s&rsquo;inscrire en 2014 \u00e0 une formation de professeur de yoga de deux ans. Depuis, il commence ses journ\u00e9es par une s\u00e9rie d&rsquo;exercices, de respiration et de m\u00e9ditation. Sa passion est d&rsquo;aider les autres \u00e0 trouver leurs \u00e9quilibres et \u00e0 \u00eatre sain. Avec sa partenaire Karen, il a appris \u00e0 cr\u00e9er des sites web et de toucher un public plus large.Parle le fran\u00e7ais, l&rsquo;allemand, l&rsquo;espagnol et l&rsquo;anglais.<\/p>\n<h3>L&rsquo;int\u00e9r\u00eat mutuel pour la sant\u00e9 et le bonheur<\/h3>\n<p>Lorsque nous nous sommes r\u00e9unis, nos int\u00e9r\u00eats mutuels ont donc \u00e9t\u00e9 renforc\u00e9s. Nous aimons essayer de nouvelles recettes (v\u00e9g\u00e9tariennes), ou nous surprendre mutuellement avec des encas sains et d&rsquo;autres d\u00e9lices. Mais nous sommes aussi des amateurs de chocolat (un peu accros ? ????), et nous aimons les bonnes p\u00e2tisseries. Ah oui, et la pizza!<\/p>\n<p>En g\u00e9n\u00e9ral, nous sommes assez disciplin\u00e9s. En tant que travailleur ind\u00e9pendant, il faut l&rsquo;\u00eatre. Nous nous levons donc t\u00f4t, faisons notre routine de yoga, suivie d&rsquo;une m\u00e9ditation et d&rsquo;un d\u00e9licieux petit d\u00e9jeuner. Puis nous ouvrons nos ordinateurs portables et nous nous mettons au travail. Mais parfois, nous faisons la grasse matin\u00e9e (le dimanche) et nous avons une journ\u00e9e de paresse. Pas de yoga, pas de m\u00e9ditation, et c&rsquo;est tr\u00e8s bien ainsi.<\/p>\n<h3><strong>Objections au changement<\/strong><\/h3>\n<p>En tant que nomades digitaux, nous faisons r\u00e9guli\u00e8rement de nouvelles rencontres. C&rsquo;est l&rsquo;un des nombreux aspects agr\u00e9ables de notre vie. Beaucoup de gens que nous rencontrons s&rsquo;int\u00e9ressent aussi \u00e0 la sant\u00e9 et \u00e0 la joie de vivre. Cependant, lorsque nous entamons une conversation, nous entendons souvent des objections quant aux raisons pour lesquelles une personne ne peut pas m\u00e9diter, pratiquer le yoga ou autre type d\u2019exercices, manger plus sainement, etc.<\/p>\n<h3><strong>Surmonter notre r\u00e9sistance inn\u00e9e au changement<\/strong><\/h3>\n<p>Les gens ont tendance \u00e0 r\u00e9sister au changement et ils nous pr\u00e9sentent (et, plus important encore, se convainquent eux-m\u00eames) des raisons de s&rsquo;opposer au changement. M\u00eame s&rsquo;ils savent et comprennent (rationnellement) qu&rsquo;il serait pr\u00e9f\u00e9rable pour eux de <strong>modifier leur mode de vie<\/strong>.<\/p>\n<p>Nous comprenons cela. Nous n&rsquo;\u00e9tions pas diff\u00e9rents. Mais nous avons quand m\u00eame r\u00e9ussi \u00e0 apporter lentement des changements assez importants \u00e0 notre mode de vie. Sans devenir dogmatiques et sans en \u00ab\u00a0faire tout un plat\u00a0\u00bb. C&rsquo;est d&rsquo;ailleurs l&rsquo;un des \u00ab\u00a0<strong>secrets<\/strong>\u00a0\u00bb d&rsquo;un changement r\u00e9ussi.<\/p>\n<h3><strong>Changez vos pens\u00e9es, changez votre vie !<\/strong><\/h3>\n<p>Cela ne veut pas dire que nous sommes parfaits. Loin de l\u00e0, en fait. Mais nous sommes en bonne sant\u00e9 et heureux (la plupart du temps en tout cas). Le plus grand d\u00e9fi consiste \u00e0 \u00eatre attentif et \u00e0 changer nos pens\u00e9es. Nous ne pouvons pas changer beaucoup des choses qui nous arrivent, mais nous pouvons changer notre attitude \u00e0 leur \u00e9gard. Lorsque vous r\u00e9ussissez \u00e0 <strong>changer vos pens\u00e9es<\/strong>, vous <strong>changez votre vie<\/strong>. Nous en sommes la preuve vivante ????<\/p>\n<h3 style=\"text-align: left;\">Que signifie cette licorne ?<\/h3>\n<p>Une licorne est un terme utilis\u00e9 dans le secteur du <a href=\"https:\/\/fr.wikipedia.org\/wiki\/Licorne_(%C3%A9conomie)\">capital-risque<\/a> pour d\u00e9crire une jeune entreprise priv\u00e9e d&rsquo;une valeur de plus d&rsquo;un milliard de dollars ????En <a href=\"https:\/\/www.techopedia.com\/definition\/31308\/unicorn-technology\">informatique<\/a>, une licorne d\u00e9signe un projet ou une entreprise au potentiel unique. Nous aimons penser \u00e0 notre entreprise de cette mani\u00e8re : comme ayant un potentiel unique. ????<\/p>\n<p>Pour nous personnellement, la licorne repr\u00e9sente un \u00eatre ind\u00e9pendant dot\u00e9 d&rsquo;une \u00e9nergie positive, de g\u00e9n\u00e9rosit\u00e9 et de passion. Une licorne est quelque chose de tr\u00e8s d\u00e9sirable, mais difficile \u00e0 trouver ou \u00e0 obtenir. Tout comme, pour de nombreuses personnes, l&rsquo;obtention d&rsquo;une sant\u00e9 et d&rsquo;un bien-\u00eatre complets dans le corps et l&rsquo;esprit.<\/p>\n<p>Cependant, avec un peu d&rsquo;aide et de conseils, et les 3P (Patience, Pers\u00e9v\u00e9rance et Point de mire [But]), vous aussi pouvez atteindre un \u00e9tat de sant\u00e9 et de joie qui vous permet de vivre chaque instant avec gratitude.<\/p>\n<h3>Pourquoi le rose ?<\/h3>\n<p>Parce que nous aimons le rose. Nous aimons la couleur et nous aimons ce qu&rsquo;elle repr\u00e9sente. Regarder la vie avec des lunettes roses par exemple est tr\u00e8s recommandable. En tout cas mieux qu\u2019avec des lunettes noires.<\/p>\n<p>La couleur rose repr\u00e9sente aussi, pour nous en tout cas, quelque chose d&rsquo;un peu frivole. Comme dans : ne pas prendre les choses (en g\u00e9n\u00e9ral) et nous-m\u00eames (en particulier) trop au s\u00e9rieux. Sourire davantage, rire m\u00eame et s&rsquo;amuser. En d&rsquo;autres termes : <strong>La vie en rose avec <em>Just Go Pink!<\/em><\/strong><\/p>\n","protected":false},"excerpt":{"rendered":"<p>Te Motiver et t&rsquo;Habiliter \u00e0 Vivre uneVie Plus Saine et Plus Heureuse Notre Mission Nous sommes passionn\u00e9s par la vie et nous la vivons consciemment et pleinement. Et nous voulons aider le plus grand nombre possible de personnes \u00e0 faire de m\u00eame, afin que cette plan\u00e8te soit un endroit meilleur. Nous voulons te motiver et [&hellip;]<\/p>\n","protected":false},"author":1,"featured_media":1015,"parent":0,"menu_order":0,"comment_status":"closed","ping_status":"closed","template":"","meta":{"footnotes":""},"_links":{"self":[{"href":"https:\/\/justgopink.com\/fr\/wp-json\/wp\/v2\/pages\/917"}],"collection":[{"href":"https:\/\/justgopink.com\/fr\/wp-json\/wp\/v2\/pages"}],"about":[{"href":"https:\/\/justgopink.com\/fr\/wp-json\/wp\/v2\/types\/page"}],"author":[{"embeddable":true,"href":"https:\/\/justgopink.com\/fr\/wp-json\/wp\/v2\/users\/1"}],"replies":[{"embeddable":true,"href":"https:\/\/justgopink.com\/fr\/wp-json\/wp\/v2\/comments?post=917"}],"version-history":[{"count":0,"href":"https:\/\/justgopink.com\/fr\/wp-json\/wp\/v2\/pages\/917\/revisions"}],"wp:featuredmedia":[{"embeddable":true,"href":"https:\/\/justgopink.com\/fr\/wp-json\/wp\/v2\/media\/1015"}],"wp:attachment":[{"href":"https:\/\/justgopink.com\/fr\/wp-json\/wp\/v2\/media?parent=917"}],"curies":[{"name":"wp","href":"https:\/\/api.w.org\/{rel}","templated":true}]}}