{"id":920,"date":"2020-04-11T11:04:54","date_gmt":"2020-04-11T11:04:54","guid":{"rendered":"https:\/\/staging.justgopink.com\/join-us\/"},"modified":"2020-07-31T10:02:08","modified_gmt":"2020-07-31T10:02:08","slug":"rejoins-nous","status":"publish","type":"page","link":"https:\/\/justgopink.com\/fr\/rejoins-nous\/","title":{"rendered":"Rejoins-nous"},"content":{"rendered":"<h2 style=\"text-align: center; color: rgb(0, 0, 0) !important; --tcb-applied-color:rgb(0, 0, 0)  !important;\">&nbsp;Et <span style=\"color: var(--tcb-color-0);\">commence<\/span> d\u00e8s aujourd&rsquo;hui <span style=\"color: rgb(0, 0, 0);\">\u00e0<\/span><span style=\"color: var(--tcb-color-0);\"> modifier<\/span> tes <span style=\"color: var(--tcb-color-0);\">habitudes<\/span> pour vivre <span style=\"color: var(--tcb-color-0);\">plus sainement<\/span> et <span style=\"color: var(--tcb-color-0);\">plus heureux<\/span> !<\/h2>\n<p style=\"text-align: center; color: rgb(0, 0, 0) !important; --tcb-applied-color:rgb(0, 0, 0)  !important;\">D\u00e9couvre des moyens simples pour changer ta vie et \u00eatre en meilleure sant\u00e9, plus heureux et vivre plus longtemps.<\/p>\n<p>Rejoins-nous ! Inscris-toi \u00e0 notre liste de diffusion et nous t&rsquo;enverrons notre &nbsp;<strong>\u00ab Fiche de changement \u00bb<\/strong>. Elle t&rsquo;aidera \u00e0 apporter des changements durables d\u00e8s aujourd&rsquo;hui. Nous t&rsquo;enverrons des courriels lorsque nous publierons de nouveaux articles et cours, afin de te tenir inform\u00e9, motiv\u00e9 et inspir\u00e9.<\/p>\n<p><span><img decoding=\"async\" alt=\"Join us to receive our free Change sheet\" data-id=\"411\" width=\"273\" height=\"193\" title=\"Cover of Change sheet\" src=\"http:\/\/justgopink.com\/wp-content\/uploads\/2020\/04\/Cover-of-Change-sheet-e1586611619716.png\" data-width=\"273\" data-height=\"193\" data-init-width=\"400\" data-init-height=\"283\"><\/span><span style=\"\"><img decoding=\"async\" alt=\"Karen &amp; Christophe\" data-id=\"2679\" width=\"173\" height=\"231\" title=\"KarenChristophe\" src=\"http:\/\/justgopink.com\/wp-content\/uploads\/2020\/07\/KarenChristophe-225x300.jpg\" style=\"\" ml-d=\"-1\" center-h-d=\"false\" data-width=\"173\" data-height=\"231\" data-init-width=\"225\" data-init-height=\"300\" loading=\"lazy\" mt-d=\"0\" center-v-d=\"false\"><\/span><\/p>\n<p>Nous avons cr\u00e9\u00e9 cette <strong>\u00ab Fiche de changement \u00bb<\/strong> pour toi, en nous basant sur notre propre exp\u00e9rience de ce qui fonctionne lorsqu&rsquo;on change ses habitudes existantes ou qu&rsquo;on en adopte de nouvelles. Elle est faite pour toi et nous esp\u00e9rons sinc\u00e8rement qu&rsquo;elle t&rsquo;aidera \u00e0 commencer \u00e0 faire les changements que tu souhaites voir dans ta vie.<\/p>\n<p><span><img decoding=\"async\" alt=\"Karen and Christophe\" data-id=\"372\" width=\"181\" height=\"29\" title=\"Karen and Christophe\" src=\"http:\/\/justgopink.com\/wp-content\/uploads\/2020\/04\/Signature_Karen_Christophe.png\" style=\"\" data-width=\"181\" data-height=\"29\" data-init-width=\"504\" data-init-height=\"82\"><\/span><\/p>\n","protected":false},"excerpt":{"rendered":"<p>&nbsp;Et commence d\u00e8s aujourd&rsquo;hui \u00e0 modifier tes habitudes pour vivre plus sainement et plus heureux ! D\u00e9couvre des moyens simples pour changer ta vie et \u00eatre en meilleure sant\u00e9, plus heureux et vivre plus longtemps. Rejoins-nous ! Inscris-toi \u00e0 notre liste de diffusion et nous t&rsquo;enverrons notre &nbsp;\u00ab Fiche de changement \u00bb. Elle t&rsquo;aidera \u00e0 [&hellip;]<\/p>\n","protected":false},"author":1,"featured_media":0,"parent":0,"menu_order":0,"comment_status":"closed","ping_status":"closed","template":"","meta":{"footnotes":""},"_links":{"self":[{"href":"https:\/\/justgopink.com\/fr\/wp-json\/wp\/v2\/pages\/920"}],"collection":[{"href":"https:\/\/justgopink.com\/fr\/wp-json\/wp\/v2\/pages"}],"about":[{"href":"https:\/\/justgopink.com\/fr\/wp-json\/wp\/v2\/types\/page"}],"author":[{"embeddable":true,"href":"https:\/\/justgopink.com\/fr\/wp-json\/wp\/v2\/users\/1"}],"replies":[{"embeddable":true,"href":"https:\/\/justgopink.com\/fr\/wp-json\/wp\/v2\/comments?post=920"}],"version-history":[{"count":0,"href":"https:\/\/justgopink.com\/fr\/wp-json\/wp\/v2\/pages\/920\/revisions"}],"wp:attachment":[{"href":"https:\/\/justgopink.com\/fr\/wp-json\/wp\/v2\/media?parent=920"}],"curies":[{"name":"wp","href":"https:\/\/api.w.org\/{rel}","templated":true}]}}