{"id":921,"date":"2020-04-16T16:36:50","date_gmt":"2020-04-16T16:36:50","guid":{"rendered":"https:\/\/staging.justgopink.com\/cookie-policy\/"},"modified":"2020-05-14T11:15:38","modified_gmt":"2020-05-14T11:15:38","slug":"politique-de-cookies","status":"publish","type":"page","link":"https:\/\/justgopink.com\/fr\/politique-de-cookies\/","title":{"rendered":"Politique de cookies"},"content":{"rendered":"<p style=\"line-height: 1.75em !important;\"><em><span style=\"font-size: 13px;\">Derni\u00e8re mise \u00e0 jour: 12 Mai 2020<\/span><\/em><\/p>\n<p><strong> Just Go Pink! <\/strong>(\u00ab\u00a0nous\u00a0\u00bb, \u00ab\u00a0notre\u00a0\u00bb ou \u00ab\u00a0nos\u00a0\u00bb) utilise des cookies sur son site web (le \u00ab\u00a0Service\u00a0\u00bb). En utilisant le Service, tu &nbsp;consens \u00e0 l&rsquo;utilisation de cookies. Notre politique en mati\u00e8re de cookies explique ce que sont les cookies, comment nous les utilisons, comment les tiers avec lesquels nous pouvons nous associer peuvent utiliser des cookies sur le Service, tes choix concernant les cookies et de plus amples informations sur les cookies.<\/p>\n<p>Cette page permet de comprendre ce qu\u2019est un Cookie, \u00e0 quoi il sert et comment le param\u00e9trer.<\/p>\n<p><span><img decoding=\"async\" alt=\"Cookie Policy\" data-id=\"765\" width=\"640\" data-init-width=\"640\" height=\"354\" data-init-height=\"354\" title=\"Cookie Policy\" loading=\"lazy\" src=\"http:\/\/justgopink.com\/wp-content\/uploads\/2020\/04\/cookies.jpg\"><\/span><\/p>\n<h3>Comment Just Go Pink! utilise les cookies<\/h3>\n<p>Lorsque tu utilises et acc\u00e8de au Service, nous pouvons placer un certain nombre de fichiers de cookies dans ton navigateur web.<\/p>\n<p>Nous utilisons les cookies dans les buts suivants : pour activer certaines fonctions du Service, pour fournir des analyses, pour stocker vos pr\u00e9f\u00e9rences, pour permettre la diffusion de publicit\u00e9s, y compris la publicit\u00e9 comportementale.<\/p>\n<h3>Que sont les cookies ?<\/h3>\n<p>Les cookies sont des petits fichiers de textes d\u00e9pos\u00e9 par les serveurs du Service consult\u00e9 ou par des serveurs tiers attribuer \u00e0 ce Service, dans un espace d\u00e9di\u00e9 du disque dur de ton terminal (ordinateur, tablette, t\u00e9l\u00e9phone mobile ou tout autre appareil optimis\u00e9 pour Internet), lors de la consultation d\u2019un contenu. Il enregistre des informations relatives \u00e0 ta navigation sur internet.<\/p>\n<p>Ce fichier Cookie ne peut \u00eatre lu que par son \u00e9metteur \u00e0 qui il permet, pendant sa dur\u00e9e de validit\u00e9, de reconna\u00eetre le terminal concern\u00e9 \u00e0 chaque fois que ce terminal acc\u00e8de \u00e0 un contenu num\u00e9rique comportant des Cookies dudit \u00e9metteur. <strong>Le Cookie ne t\u2019identifie pas personnellement, mais uniquement le navigateur de ton terminal.<\/strong><\/p>\n<p>Lors de ta connexion sur nos sites, une banni\u00e8re s\u2019affiche. Sous r\u00e9serve de ton choix, des Cookies seront stock\u00e9s dans la m\u00e9moire de ton ordinateur, smartphone, tablette, mobile etc. Les informations ainsi collect\u00e9es peuvent \u00eatre utilis\u00e9es par le site consult\u00e9s ou par un tiers, telle qu\u2019une r\u00e9gie publicitaire, ou tout autre partenaire.<\/p>\n<p>La dur\u00e9e de validit\u00e9 du cookie est de 13 (treize) mois maximum \u00e0 compter du jour o\u00f9 tu avez donn\u00e9 ton consentement \u00e0 l\u2019int\u00e9gration dudit cookie.<\/p>\n<h3>Quels sont tes choix concernant les cookies ?<\/h3>\n<p>Tu as la possibilit\u00e9 de refuser l\u2019enregistrement des Cookies sur ton appareil et tu peux le faire \u00e0 tout moment via ton logiciel de navigation. Cependant, le refus de certains Cookies peut causer la d\u00e9gradation d\u2019un certain nombre de fonctionnalit\u00e9s n\u00e9cessaires \u00e0 la navigation sur le Service (difficult\u00e9s d\u2019enregistrement ou d\u2019affichage, etc.). Nous ne saurions, en pareil cas, \u00eatre responsables de ces dysfonctionnements.<\/p>\n<p>Tu as aussi, \u00e0 tout moment, la possibilit\u00e9 de les effacer de ton terminal.<\/p>\n<h3><strong>\u00c0 <\/strong><strong>quoi<\/strong><strong> <\/strong><strong>servent les<\/strong><strong> <\/strong><strong>cookies<\/strong><strong> <\/strong><strong>que<\/strong><strong> <\/strong><strong>nous<\/strong><strong> <\/strong><strong>utilisons<\/strong><strong> ? <\/strong><\/h3>\n<p>Afin de te permettre de comprendre leurs utilisations, voici une pr\u00e9sentation des diff\u00e9rents types de cookies.<\/p>\n<p><strong>Les cookies strictement n\u00e9cessaires<\/strong><\/p>\n<p> Ces cookies sont indispensables afin de naviguer sur le site et profiter de ses fonctionnalit\u00e9s, telles que l&rsquo;acc\u00e8s aux zones s\u00e9curis\u00e9es du site Web.<\/p>\n<p><strong>Cookies de performance<\/strong><\/p>\n<p>Ces cookies recueillent des informations sur la fa\u00e7on dont les visiteurs utilisent un site Web. Par exemple, les pages les plus visit\u00e9es et si des messages d&rsquo;erreur sont \u00e9mis. <strong>Les cookies ne recueillent pas de donn\u00e9es<\/strong><strong> permettant d\u2019identifier les visiteurs<\/strong>. Dans la mesure o\u00f9 toutes les informations recueillies par ces cookies sont rassembl\u00e9es, <strong>elles demeurent anonymes<\/strong>. Ces cookies sont uniquement destin\u00e9s \u00e0 am\u00e9liorer le fonctionnement du site Web.<\/p>\n<p>Ces Cookies permettent de mesurer le trafic ou l\u2019audience, associ\u00e9 \u00e0 notre Service, aux pages visit\u00e9es et aux interactions r\u00e9alis\u00e9es sur le Site lors de ta visite.<\/p>\n<p><strong>Cookies de fonctionnalit\u00e9s<\/strong><\/p>\n<p>Ces cookies permettent au site de m\u00e9moriser les choix que tu as effectu\u00e9s (comme ton nom d&rsquo;utilisateur, la langue choisie ou la r\u00e9gion o\u00f9 tu te trouves) et fournir des caract\u00e9ristiques plus pr\u00e9cises et personnelles. Ces cookies peuvent aussi \u00eatre utilis\u00e9s pour m\u00e9moriser les modifications apport\u00e9es par l&rsquo;utilisateur, comme la taille du texte ou la police de caract\u00e8res. Ils peuvent \u00e9galement servir pour fournir des services que tu as sollicit\u00e9s, comme regarder une vid\u00e9o ou laisser un commentaire sur un blog. Les informations collect\u00e9es par ces cookies peuvent \u00eatre rendues anonymes et ne peuvent pas suivre ton activit\u00e9 de navigation sur d&rsquo;autres sites.<\/p>\n<p><strong>Cookies provenant des sites internet tiers<\/strong><\/p>\n<p>Notre Service contient des liens renvoyant vers d\u2019autres sites, et nous ne savons pas quels sont les cookies utilis\u00e9s par ces derniers. Pour en savoir plus, veuillez consulter les informations fournies par ces sites tiers sur leurs propres cookies.<\/p>\n<h3>O\u00f9 peux-tu trouver plus d&rsquo;informations sur les cookies ?<\/h3>\n<p>Tu peux en savoir plus sur les cookies sur les sites web tiers suivants :<\/p>\n<ul>\n<li><a href=\"http:\/\/www.allaboutcookies.org\/\" style=\"outline: none;\" target=\"_blank\" rel=\"noopener noreferrer\">Tout sur les cookies<\/a><\/li>\n<li><a href=\"http:\/\/www.networkadvertising.org\/\" style=\"outline: none;\" target=\"_blank\" rel=\"noopener noreferrer\">Initiative de publicit\u00e9 en r\u00e9seau<\/a><\/li>\n<\/ul>\n","protected":false},"excerpt":{"rendered":"<p>Derni\u00e8re mise \u00e0 jour: 12 Mai 2020 Just Go Pink! (\u00ab\u00a0nous\u00a0\u00bb, \u00ab\u00a0notre\u00a0\u00bb ou \u00ab\u00a0nos\u00a0\u00bb) utilise des cookies sur son site web (le \u00ab\u00a0Service\u00a0\u00bb). En utilisant le Service, tu &nbsp;consens \u00e0 l&rsquo;utilisation de cookies. Notre politique en mati\u00e8re de cookies explique ce que sont les cookies, comment nous les utilisons, comment les tiers avec lesquels nous [&hellip;]<\/p>\n","protected":false},"author":1,"featured_media":922,"parent":0,"menu_order":0,"comment_status":"closed","ping_status":"closed","template":"","meta":{"footnotes":""},"_links":{"self":[{"href":"https:\/\/justgopink.com\/fr\/wp-json\/wp\/v2\/pages\/921"}],"collection":[{"href":"https:\/\/justgopink.com\/fr\/wp-json\/wp\/v2\/pages"}],"about":[{"href":"https:\/\/justgopink.com\/fr\/wp-json\/wp\/v2\/types\/page"}],"author":[{"embeddable":true,"href":"https:\/\/justgopink.com\/fr\/wp-json\/wp\/v2\/users\/1"}],"replies":[{"embeddable":true,"href":"https:\/\/justgopink.com\/fr\/wp-json\/wp\/v2\/comments?post=921"}],"version-history":[{"count":0,"href":"https:\/\/justgopink.com\/fr\/wp-json\/wp\/v2\/pages\/921\/revisions"}],"wp:featuredmedia":[{"embeddable":true,"href":"https:\/\/justgopink.com\/fr\/wp-json\/wp\/v2\/media\/922"}],"wp:attachment":[{"href":"https:\/\/justgopink.com\/fr\/wp-json\/wp\/v2\/media?parent=921"}],"curies":[{"name":"wp","href":"https:\/\/api.w.org\/{rel}","templated":true}]}}