{"id":924,"date":"2020-03-12T15:04:26","date_gmt":"2020-03-12T15:04:26","guid":{"rendered":"https:\/\/staging.justgopink.com\/privacy-policy\/"},"modified":"2020-05-14T11:15:31","modified_gmt":"2020-05-14T11:15:31","slug":"politique-de-confidentialite","status":"publish","type":"page","link":"https:\/\/justgopink.com\/fr\/politique-de-confidentialite\/","title":{"rendered":"Politique de confidentialit\u00e9"},"content":{"rendered":"<p style=\"\"><em><span>Derni\u00e8re mise \u00e0 jour: 12 Mai 2020<\/span><\/em><\/p>\n<p>Merci de nous rendre visite. Ta vie priv\u00e9e est importante pour nous, et c&rsquo;est pourquoi nous avons \u00e9labor\u00e9 cette politique de confidentialit\u00e9 pour faire en sorte que notre site web soit un espace positif et constructif o\u00f9 tu te sents en s\u00e9curit\u00e9.Cette politique de confidentialit\u00e9 d\u00e9crit nos lignes directrices concernant l&rsquo;utilisation de tes informations personnelles, y compris les efforts que nous faisons pour prot\u00e9ger tes informations personnelles et les choix que tu as concernant notre utilisation de ces informations.Lis attentivement la pr\u00e9sente politique de confidentialit\u00e9. Nous pouvons modifier cette politique de confidentialit\u00e9 de temps \u00e0 autre sans pr\u00e9avis. Nous afficherons toute modification ici afin que tu puisses toujours conna\u00eetre notre politique concernant les informations que nous recueillons et la mani\u00e8re dont nous utilisons et partageons ces informations. Consulte r\u00e9guli\u00e8rement la pr\u00e9sente politique de confidentialit\u00e9 pour prendre connaissance des modifications \u00e9ventuelles. La pr\u00e9sente politique de confidentialit\u00e9 est incorpor\u00e9e par r\u00e9f\u00e9rence \u00e0 nos conditions d&rsquo;utilisation.<\/p>\n<h2>Cadre de la politique de protection de la vie priv\u00e9e<\/h2>\n<p>La pr\u00e9sente politique de confidentialit\u00e9 ne couvre que les informations recueillies sur le site afin de te fournir certains services (tels que, mais sans s&rsquo;y limiter, toutes les informations et possibilit\u00e9s qui te sont communiqu\u00e9es par le biais de notre site web et de notre courrier \u00e9lectronique). Elle ne couvre pas les informations que nous recueillons hors ligne, ni la conduite des sites tiers. Nous t&rsquo;encourageons \u00e0 consulter les politiques de confidentialit\u00e9 des sites ou services tiers avant de leur communiquer tes informations personnelles.<\/p>\n<h2>Informations personnelles<\/h2>\n<p>Tu peux visiter notre site de mani\u00e8re anonyme. Dans le cadre des services, nous pouvons te demander des informations personnelles (telles que ton nom, ton adresse, ton num\u00e9ro de t\u00e9l\u00e9phone, ton num\u00e9ro de carte de cr\u00e9dit, ton adresse \u00e9lectronique) en rapport avec ton utilisation ou ta participation au site ou aux services. Nous ne recueillons des informations personnelles que si tu nous les communiques volontairement. Nous ne divulguerons jamais intentionnellement d&rsquo;informations personnelles \u00e0 un tiers sans ton autorisation (par le biais d&rsquo;un opting-in ou de proc\u00e9dures similaires), sauf dans les cas pr\u00e9vus par les pr\u00e9sentes ou dans les cas autoris\u00e9s ou requis par les lois en vigueur. <strong>Nous ne vendons pas, n&rsquo;\u00e9changeons pas et ne transf\u00e9rons pas \u00e0 des tiers tes informations personnelles<\/strong>, sauf dans les cas pr\u00e9vus dans le pr\u00e9sent document.<\/p>\n<p>Nous recueillons tes informations :<\/p>\n<ul>\n<li>Pour personnaliser ton exp\u00e9rience ;<\/li>\n<li>Pour am\u00e9liorer notre site ;<\/li>\n<li>Pour am\u00e9liorer le service \u00e0 la client\u00e8le ;&nbsp;<\/li>\n<li>Pour traiter les transactions.<\/li>\n<\/ul>\n<p>Nous pouvons te contacter sur la base des informations que tu fournis en ligne dans le cadre des services ou utiliser ces informations dans le cadre de l&rsquo;ex\u00e9cution des services. Nous partagerons les informations avec les tiers n\u00e9cessaires \u00e0 l&rsquo;ex\u00e9cution des services. Ta participation aux services constitue ton consentement \u00e0 la divulgation et \u00e0 l&rsquo;utilisation de ces informations. Dans le cas o\u00f9 tes informations personnelles sont demand\u00e9es dans le cadre de nos enqu\u00eates, sondages ou promotions, ces informations personnelles peuvent \u00eatre ajout\u00e9es \u00e0 tes informations d&rsquo;enregistrement.<\/p>\n<p>Si tu nous donnez ta permission ou si tu choisissez de t&rsquo;inscrire, nous pouvons utiliser les informations personnelles \u00e0 des fins de marketing et de promotion. Nous te donnerons la possibilit\u00e9 d&rsquo;exercer tes droit d&rsquo;acceptation au moment o\u00f9 nous te demanderons tes informations personnelles. Note toutefois que, dans certaines circonstances, si tu choisis de ne pas accepter ou de refuser, tu risques de ne pas pouvoir b\u00e9n\u00e9ficier de certains avantages ou services pour lesquels des informations personnelles sont requises<\/p>\n<p>Ces politiques comportent les exceptions suivantes : Nous divulguerons des informations sp\u00e9cifiques pour nous conformer \u00e0 toute enqu\u00eate ou proc\u00e9dure l\u00e9gale valide ou \u00e0 toute loi applicable. Nous communiquerons \u00e9galement des informations sp\u00e9cifiques dans des cas particuliers, par exemple en cas de tentative de violation de la s\u00e9curit\u00e9 du site ou de menace physique ou mat\u00e9rielle pour toi ou d&rsquo;autres personnes. Nous pouvons donner acc\u00e8s \u00e0 tes informations personnelles \u00e0 nos sous-traitants qui fournissent des services en rapport avec notre site ou les services que tu as demand\u00e9s. Toute information que tu fournis lors d&rsquo;un achat sera partag\u00e9e avec les responsables du traitement des paiements, les passerelles financi\u00e8res, les soci\u00e9t\u00e9s de cartes de cr\u00e9dit et tout autre tiers n\u00e9cessaire. Si tu publies des informations personnelles sur notre site, ces informations peuvent \u00eatre collect\u00e9es et utilis\u00e9es par des tiers. Bien que nous nous efforcions de prot\u00e9ger la vie priv\u00e9e de nos utilisateurs, nous ne pouvons pas garantir la s\u00e9curit\u00e9 des informations que tu publies sur le site et n&rsquo;avons aucun contr\u00f4le sur la mani\u00e8re dont ces tiers peuvent utiliser tes informations. Tu divulgues ces informations \u00e0 tes propres risques. Nous te conseillons vivement de ne jamais publier tin nom de famille, ton adresse ou ton num\u00e9ro de t\u00e9l\u00e9phone sur notre site.<\/p>\n<p>Tu es responsable du maintien de la confidentialit\u00e9 des informations de ton compte et de ton mot de passe. Tu es responsable de toutes les utilisations de ton compte, qu&rsquo;elles soient autoris\u00e9es ou non par toi. Tu t&rsquo;engages \u00e0 nous informer imm\u00e9diatement de toute utilisation non autoris\u00e9e de ton compte ou de ton mot de passe.<\/p>\n<p>Si tu es dans l&rsquo;Union europ\u00e9enne ou dans l&rsquo;\u00c9tat de Californie, voir ci-dessous (Opt-Out et GDPR \/ CCPA) pour comprendre les choix qui s&rsquo;offrent \u00e0 toi quant \u00e0 la mani\u00e8re dont nous utilisons tes informations personnelles.<\/p>\n<h2>Informations d&rsquo;identification non personnelles<\/h2>\n<p>Nous pouvons recueillir des informations non personnelles par l&rsquo;utilisation, sans limitation, de cookies, de suivi d&rsquo;adresse IP et de balises web.<\/p>\n<p>Les informations non personnelles peuvent comprendre le navigateur que tu utilises, le type d&rsquo;ordinateur que tu utilises, ton syst\u00e8me d&rsquo;exploitation ou ton fournisseur d&rsquo;acc\u00e8s internet. Nos syst\u00e8mes peuvent \u00e9galement recueillir automatiquement des informations sur ta localisation, les zones que tu visites et les termes de recherche que tu utilises sur notre site, ainsi que sur les liens que tu peux s\u00e9lectionner \u00e0 l&rsquo;int\u00e9rieur de notre site vers d&rsquo;autres zones du web ou ailleurs en ligne.<\/p>\n<p>Nous utilisons ces informations \u00e0 des fins commerciales, pour administrer le site, pour mieux g\u00e9rer la publicit\u00e9 sur le site, pour comprendre comment nos utilisateurs utilisent notre site et pour am\u00e9liorer notre site.<\/p>\n<p>Nous pouvons agr\u00e9ger et partager des informations non personnelles avec nos partenaires, fournisseurs et autres tiers, mais nous ne partagerons aucun nom individuel, aucune information de navigation personnelle ou autre information personnelle sans ton consentement et nous gardons le contr\u00f4le sur la fa\u00e7on dont tes informations non personnelles seront utilis\u00e9es. Par exemple, nous pouvons faire appel \u00e0 une soci\u00e9t\u00e9 de publicit\u00e9 tierce pour personnaliser les annonces et partager les informations d\u00e9mographiques et les pr\u00e9f\u00e9rences pour afficher les annonces qui te conviennent. Nous pouvons passer un contrat avec un fournisseur tiers d&rsquo;analyse web pour nous aider \u00e0 optimiser notre site.<\/p>\n<p>En savoir plus sur les adresses IP : Une \u00ab\u00a0adresse IP\u00a0\u00bb est un num\u00e9ro unique qui est automatiquement attribu\u00e9 \u00e0 ton ordinateur lorsque tu te connectes \u00e0 l&rsquo;internet. Elle est utilis\u00e9e pour identifier la \u00ab\u00a0localisation\u00a0\u00bb de ton ordinateur dans le cyberespace, afin que les informations que tu demandes puissent t&rsquo;\u00eatre fournies. Les adresses IP ne comprennent pas ton nom, ton adresse \u00e9lectronique ou d&rsquo;autres informations qui t&rsquo;identifient personnellement, mais dans certains cas, elles peuvent \u00eatre utilis\u00e9es pour t&rsquo;identifier. Par exemple, si tu t&rsquo;es inscrit sur ce site, nous pouvons associer ton adresse IP \u00e0 des informations de compte qui t&rsquo;identifient personnellement. Nous pouvons \u00e9galement fournir ton adresse IP \u00e0 nos fournisseurs de services tiers qui peuvent l&rsquo;utiliser pour identifier ton \u00e9tat et ton code postal. Cela nous permet d&rsquo;obtenir des informations d\u00e9mographiques pr\u00e9cieuses sur les personnes qui utilisent ce site. En outre, si nous soup\u00e7onnons une activit\u00e9 inappropri\u00e9e ou criminelle ou une menace pour la s\u00e9curit\u00e9 de ce site ou de ses utilisateurs, nous pouvons partager les fichiers journaux de nos serveurs &#8211; qui contiennent les adresses IP des utilisateurs &#8211; avec les autorit\u00e9s d&rsquo;investigation appropri\u00e9es, qui pourraient utiliser ces informations pour retrouver et identifier des individus.<\/p>\n<h2>Opt-out et GDPR \/ CCPA<\/h2>\n<p>Nous offrons la possibilit\u00e9 de se d\u00e9sabonner\/se retirer de nos services dans toutes les lettres d&rsquo;information et tous les courriers \u00e9lectroniques de marketing et tu peux choisir de le faire \u00e0 tout moment.Si tu r\u00e9sides dans l&rsquo;Union europ\u00e9enne ou dans l&rsquo;\u00c9tat de Californie, tu peux \u00e9galement utiliser les fonctions de d\u00e9sabonnement et d&rsquo;exclusion pour nous demander d&rsquo;effacer tes informations personnelles de nos dossiers. Nous nous y conformerons dans un d\u00e9lai raisonnable et, en tout \u00e9tat de cause, dans les d\u00e9lais fix\u00e9s par la loi applicable. Nous pouvons te demander des informations suppl\u00e9mentaires pour v\u00e9rifier ton identit\u00e9. Dans certains cas, cependant, nous pouvons limiter ou refuser ta demande si la loi nous permet ou nous oblige \u00e0 le faire ou si nous ne sommes pas en mesure de v\u00e9rifier ton identit\u00e9.Si tu as besoin d&rsquo;une assistance suppl\u00e9mentaire pour te d\u00e9sabonner ou te retirer de l&rsquo;un des services, ou pour expurger tes informations personnelles, envoie-nous un courriel \u00e0 contact@justgopink.com pour obtenir de l&rsquo;aide. Note que nous ne pourrons peut-\u00eatre pas supprimer tes informations des dossiers des tiers qui ont re\u00e7u tes informations conform\u00e9ment \u00e0 la pr\u00e9sente politique de confidentialit\u00e9. \u00c0 notre discr\u00e9tion, nous pouvons d\u00e9terminer que ton manque d&rsquo;engagement dans les services indique ton d\u00e9sir de te retirer des services. Par exemple, tu peux \u00eatre retir\u00e9 de notre liste de diffusion si tu n&rsquo;as pas ouvert un courriel de notre part pendant un certain temps. Tu peux \u00e0 nouveau t&rsquo;inscrire \u00e0 tout moment.<\/p>\n<h2>Combien de temps conservons-nous tes informations ?<\/h2>\n<p>Nous conserverons tes informations ind\u00e9finiment jusqu&rsquo;\u00e0 ce que tu te d\u00e9sengages, demande leur suppression ou leur expurgation, ou que nous d\u00e9cidions de les supprimer.<\/p>\n<h2>Vie priv\u00e9e des enfants<\/h2>\n<p>Nous sommes en conformit\u00e9 avec les exigences de la loi sur la protection de la vie priv\u00e9e des enfants en ligne. Le site n&rsquo;est pas destin\u00e9 aux enfants de moins de 13 ans et, par cons\u00e9quent, nous ne recueillerons pas sciemment d&rsquo;informations personnelles identifiables aupr\u00e8s d&rsquo;enfants de moins de 13 ans. Nous demandons aux utilisateurs de moins de 18 ans d&rsquo;obtenir le consentement d&rsquo;un parent ou d&rsquo;un tuteur pour consulter le site. Tu acceptes de te conformer \u00e0 ces restrictions et de ne pas aider qui que ce soit \u00e0 les \u00e9viter.<\/p>\n<h2>Politique de s\u00e9curit\u00e9<\/h2>\n<p>En utilisant le site, tu assumes le risque d&rsquo;une faille de s\u00e9curit\u00e9 non autoris\u00e9e. M\u00eame si nous prenons des mesures prudentes et raisonnables pour s\u00e9curiser tes informations personnelles, nos serveurs et nos locaux physiques, nous ne pouvons pas garantir que nos efforts seront totalement efficaces.<\/p>\n<h2>Consentement au transfert<\/h2>\n<p>Le site est g\u00e9r\u00e9 depuis le Royaume-Uni. Si tu es situ\u00e9 en dehors du Royaume-Uni, sache que toute information que tu nous fournis sera transf\u00e9r\u00e9e au Royaume-Uni. En utilisant notre site, en participant \u00e0 l&rsquo;un des services et\/ou en nous fournissant tes informations, tu consens \u00e0 ce transfert.<\/p>\n<h2>Changements dans la propri\u00e9t\u00e9 du site<\/h2>\n<p>En cas de fusion, d&rsquo;acquisition ou de vente de l&rsquo;un de nos actifs ou du site, tu consens \u00e0 la divulgation et \u00e0 l&rsquo;utilisation par tout propri\u00e9taire ou op\u00e9rateur ult\u00e9rieur du site, de toute information te concernant, contenue dans nos bases de donn\u00e9es.<\/p>\n","protected":false},"excerpt":{"rendered":"<p>Derni\u00e8re mise \u00e0 jour: 12 Mai 2020 Merci de nous rendre visite. Ta vie priv\u00e9e est importante pour nous, et c&rsquo;est pourquoi nous avons \u00e9labor\u00e9 cette politique de confidentialit\u00e9 pour faire en sorte que notre site web soit un espace positif et constructif o\u00f9 tu te sents en s\u00e9curit\u00e9.Cette politique de confidentialit\u00e9 d\u00e9crit nos lignes [&hellip;]<\/p>\n","protected":false},"author":1,"featured_media":0,"parent":0,"menu_order":0,"comment_status":"closed","ping_status":"closed","template":"","meta":{"footnotes":""},"_links":{"self":[{"href":"https:\/\/justgopink.com\/fr\/wp-json\/wp\/v2\/pages\/924"}],"collection":[{"href":"https:\/\/justgopink.com\/fr\/wp-json\/wp\/v2\/pages"}],"about":[{"href":"https:\/\/justgopink.com\/fr\/wp-json\/wp\/v2\/types\/page"}],"author":[{"embeddable":true,"href":"https:\/\/justgopink.com\/fr\/wp-json\/wp\/v2\/users\/1"}],"replies":[{"embeddable":true,"href":"https:\/\/justgopink.com\/fr\/wp-json\/wp\/v2\/comments?post=924"}],"version-history":[{"count":0,"href":"https:\/\/justgopink.com\/fr\/wp-json\/wp\/v2\/pages\/924\/revisions"}],"wp:attachment":[{"href":"https:\/\/justgopink.com\/fr\/wp-json\/wp\/v2\/media?parent=924"}],"curies":[{"name":"wp","href":"https:\/\/api.w.org\/{rel}","templated":true}]}}