{"id":925,"date":"2020-03-12T15:04:09","date_gmt":"2020-03-12T15:04:09","guid":{"rendered":"https:\/\/staging.justgopink.com\/terms-of-use\/"},"modified":"2020-06-02T10:48:48","modified_gmt":"2020-06-02T10:48:48","slug":"conditions-dutilisation","status":"publish","type":"page","link":"https:\/\/justgopink.com\/fr\/conditions-dutilisation\/","title":{"rendered":"Conditions d&#8217;utilisation"},"content":{"rendered":"<p>Bienvenue sur notre site web. Si tu continues \u00e0 naviguer et \u00e0 utiliser ce site web, tu acceptes de respecter et d&rsquo;\u00eatre li\u00e9 par les conditions d&rsquo;utilisation suivantes, qui avec notre politique de confidentialit\u00e9, r\u00e9gissent la relation entre Just Go Pink! et toi en ce qui concerne ce site web. Si tu n&rsquo;es pas d&rsquo;accord avec une partie quelconque de ces conditions g\u00e9n\u00e9rales, n&rsquo;utilise pas notre site web.Les termes \u00ab\u00a0Just Go Pink!\u00a0\u00bb, \u00ab\u00a0nous\u00a0\u00bb ou \u00ab\u00a0notre\u00a0\u00bb font r\u00e9f\u00e9rence au propri\u00e9taire du site web dont le si\u00e8ge social est situ\u00e9 au 27 Old Gloucester Street, Londres, WC1N 3AX Royaume-Uni. Notre num\u00e9ro d&rsquo;immatriculation est OC420707, Companies House, Cardiff (Royaume-Uni). Le terme \u00ab\u00a0tu\u00a0\u00bb fait r\u00e9f\u00e9rence \u00e0 l&rsquo;utilisateur ou au visiteur de notre site web.L&rsquo;utilisation de ce site web est soumise aux conditions d&rsquo;utilisation suivantes :<\/p>\n<ul>\n<li>Le contenu des pages de ce site web est destin\u00e9 \u00e0 ton information g\u00e9n\u00e9rale et \u00e0 ton utilisation uniquement. Il est susceptible d&rsquo;\u00eatre modifi\u00e9 sans pr\u00e9avis.<\/li>\n<li>Ni nous ni aucun tiers ne fournissons de garantie quant \u00e0 l&rsquo;exactitude, l&rsquo;actualit\u00e9, les performances, l&rsquo;exhaustivit\u00e9 ou l&rsquo;ad\u00e9quation des informations et du mat\u00e9riel trouv\u00e9s ou propos\u00e9s sur ce site web pour un usage particulier. Tu reconnais que ces informations et mat\u00e9riels peuvent contenir des inexactitudes ou des erreurs et nous excluons express\u00e9ment toute responsabilit\u00e9 pour de telles inexactitudes ou erreurs dans toute la mesure permise par la loi.<\/li>\n<li>Ce site web utilise des cookies pour surveiller les pr\u00e9f\u00e9rences de navigation. Reportes-toi \u00e0 notre politique en mati\u00e8re de cookies pour plus d&rsquo;informations.<\/li>\n<li>L&rsquo;utilisation de toute information ou mat\u00e9riel sur ce site web est enti\u00e8rement \u00e0 tes propres risques, pour lesquels nous ne sommes pas responsables. Il t&rsquo;appartient de t&rsquo;assurer que les produits, services ou informations disponibles sur ce site r\u00e9pondent \u00e0 tes besoins sp\u00e9cifiques.<\/li>\n<li>Ce site web contient du mat\u00e9riel qui nous appartient ou pour lequel nous d\u00e9tenons une licence. Ce mat\u00e9riel inclut, mais n&rsquo;est pas limit\u00e9 \u00e0, la conception, la mise en page, l&rsquo;aspect, l&rsquo;apparence et les graphiques. Toute reproduction est interdite, sauf en conformit\u00e9 avec l&rsquo;avis de copyright, qui fait partie des pr\u00e9sentes conditions g\u00e9n\u00e9rales.<\/li>\n<li>Toutes les marques commerciales reproduites sur ce site web, qui ne sont pas la propri\u00e9t\u00e9 de l&rsquo;op\u00e9rateur ou ne font pas l&rsquo;objet d&rsquo;une licence, sont reconnues sur le site web.<\/li>\n<li>L&rsquo;utilisation non autoris\u00e9e de ce site web peut donner lieu \u00e0 une demande de dommages-int\u00e9r\u00eats et\/ou constituer une infraction p\u00e9nale.<\/li>\n<li>De temps en temps, ce site web peut \u00e9galement inclure des liens vers d&rsquo;autres sites web. Ces liens sont fournis pour te permettre d&rsquo;obtenir des informations compl\u00e9mentaires. Ils ne signifient pas que nous approuvons le(s) site(s) web. Nous n&rsquo;avons aucune responsabilit\u00e9 quant au contenu des sites web li\u00e9s.<\/li>\n<li>L&rsquo;utilisation de ce site web et tout litige d\u00e9coulant de cette utilisation sont soumis aux lois de l&rsquo;Angleterre, de l&rsquo;Irlande du Nord, de l&rsquo;\u00c9cosse et du Pays de Galles.<\/li>\n<\/ul>\n<h2>Conseils personnels<\/h2>\n<p>Le contenu du site ne peut remplacer ou se substituer aux services de professionnels qualifi\u00e9s dans quelque domaine que ce soit, y compris, mais sans s&rsquo;y limiter, les questions financi\u00e8res, m\u00e9dicales ou juridiques. Nous t&rsquo;encourageons \u00e0 demander l&rsquo;avis de professionnels, le cas \u00e9ch\u00e9ant, concernant l&rsquo;\u00e9valuation de toute information sp\u00e9cifique trouv\u00e9e sur les sites. Ton acc\u00e8s et ton utilisation des sites ne cr\u00e9ent en aucune fa\u00e7on une relation m\u00e9decin\/patient, confidentielle ou privil\u00e9gi\u00e9e, ou toute autre relation qui donnerait lieu \u00e0 des devoirs de notre part ou de la part de ses contributeurs. Tu te fies \u00e0 toute information fournie sur les sites \u00e0 tes propres risques. Nous ne faisons aucune d\u00e9claration ou garantie concernant tout traitement, action ou application de m\u00e9dicaments ou de pr\u00e9parations par toute personne suite aux informations propos\u00e9es ou fournies sur ou par l&rsquo;interm\u00e9diaire des sites. Nous ne sommes pas responsables des dommages directs, indirects, cons\u00e9cutifs, sp\u00e9ciaux, exemplaires ou autres qui pourraient en r\u00e9sulter, y compris, mais sans s&rsquo;y limiter, les pertes \u00e9conomiques, les blessures, les maladies ou les d\u00e9c\u00e8s.<\/p>\n<h2>Pas de conseils m\u00e9dicaux<\/h2>\n<p>Le contenu de ce site et des sites connexes ne constitue en aucun cas un avis m\u00e9dical et n&rsquo;est pas destin\u00e9 \u00e0 se substituer \u00e0 un avis, un diagnostic ou un traitement m\u00e9dical. Pour toute question concernant un probl\u00e8me m\u00e9dical, demandes toujours l&rsquo;avis de ton m\u00e9decin ou d&rsquo;un autre prestataire de soins qualifi\u00e9. Nous te conseillons \u00e9galement de consulter ton m\u00e9decin avant de modifier ton r\u00e9gime alimentaire ou ton mode de vie. Ne n\u00e9glige jamais un avis m\u00e9dical professionnel et ne tarde jamais \u00e0 le demander en raison de ton utilisation du contenu du site. Nous ne donnons aucune garantie quant \u00e0 ton exp\u00e9rience ou aux r\u00e9sultats de ton utilisation du contenu et tu d\u00e9gage Just Go Pink! ainsi que ses dirigeants, employ\u00e9s et consultants de toute responsabilit\u00e9 li\u00e9e \u00e0 son utilisation.&nbsp;<\/p>\n","protected":false},"excerpt":{"rendered":"<p>Bienvenue sur notre site web. Si tu continues \u00e0 naviguer et \u00e0 utiliser ce site web, tu acceptes de respecter et d&rsquo;\u00eatre li\u00e9 par les conditions d&rsquo;utilisation suivantes, qui avec notre politique de confidentialit\u00e9, r\u00e9gissent la relation entre Just Go Pink! et toi en ce qui concerne ce site web. Si tu n&rsquo;es pas d&rsquo;accord [&hellip;]<\/p>\n","protected":false},"author":1,"featured_media":0,"parent":0,"menu_order":0,"comment_status":"closed","ping_status":"closed","template":"","meta":{"footnotes":""},"_links":{"self":[{"href":"https:\/\/justgopink.com\/fr\/wp-json\/wp\/v2\/pages\/925"}],"collection":[{"href":"https:\/\/justgopink.com\/fr\/wp-json\/wp\/v2\/pages"}],"about":[{"href":"https:\/\/justgopink.com\/fr\/wp-json\/wp\/v2\/types\/page"}],"author":[{"embeddable":true,"href":"https:\/\/justgopink.com\/fr\/wp-json\/wp\/v2\/users\/1"}],"replies":[{"embeddable":true,"href":"https:\/\/justgopink.com\/fr\/wp-json\/wp\/v2\/comments?post=925"}],"version-history":[{"count":0,"href":"https:\/\/justgopink.com\/fr\/wp-json\/wp\/v2\/pages\/925\/revisions"}],"wp:attachment":[{"href":"https:\/\/justgopink.com\/fr\/wp-json\/wp\/v2\/media?parent=925"}],"curies":[{"name":"wp","href":"https:\/\/api.w.org\/{rel}","templated":true}]}}