{"id":988,"date":"2020-04-16T11:08:57","date_gmt":"2020-04-16T11:08:57","guid":{"rendered":"https:\/\/staging.justgopink.com\/join-us\/download-change-sheet\/"},"modified":"2020-11-06T15:07:07","modified_gmt":"2020-11-06T15:07:07","slug":"telecharger-la-fiche-de-changement","status":"publish","type":"page","link":"https:\/\/justgopink.com\/fr\/rejoins-nous\/telecharger-la-fiche-de-changement\/","title":{"rendered":"T\u00e9l\u00e9charger la Fiche de Changement"},"content":{"rendered":"<h2 style=\"text-align: center;\"><span style=\"color: var(--tcb-color-0);\">Merci<\/span> pour ton inscription!<\/h2>\n<p style=\"text-align: center;\">Regarde la vid\u00e9o ci-dessous pour la prochaine \u00e9tape :<\/p>\n<p><span><img decoding=\"async\" alt=\"Cover of Change sheet\" data-id=\"411\" width=\"200\" height=\"142\" title=\"Cover of Change sheet\" src=\"http:\/\/justgopink.com\/wp-content\/uploads\/2020\/04\/Cover-of-Change-sheet-e1586611619716.png\" data-width=\"200\" data-height=\"142\" data-init-width=\"400\" data-init-height=\"283\"><\/span><\/p>\n<p><strong>Tu n&rsquo;as plus qu&rsquo;un pas \u00e0 faire pour avoir acc\u00e8s \u00e0 ta&nbsp;<\/strong><strong>\u00ab Fiche de Changement<strong>&nbsp;<strong><strong>\u00bb<\/strong><\/strong><\/strong> gratuite<strong><strong>&nbsp;<\/strong><\/strong>!<\/strong><\/p>\n<p>Regarde dans ta bo\u00eete aux lettres \u00e9lectronique et recherche le courriel que nous venons de t&rsquo;envoyer.<\/p>\n<p><em>Si nous connaissons d\u00e9j\u00e0 ton adresse \u00e9lectronique<\/em>, tu recevras un courriel de Just Go Pink! avec pour objet \u00ab\u00a0Voici ton lien de t\u00e9l\u00e9chargement&#8230;\u00a0\u00bb.&nbsp;<\/p>\n<p><em>Si nous ne connaissons pas encore ton adresse \u00e9lectronique<\/em>, l&rsquo;objet sera \u00ab\u00a0S\u2019il-te-pla\u00eet confirme ton adresse email&#8230;\u00a0\u00bb.<\/p>\n<p><strong><strong><strong>Ensuite il suffit d&rsquo;ouvrir le courriel et de cliquer sur le lien pour acc\u00e9der directement \u00e0 la page de t\u00e9l\u00e9chargement.. ou bien de cliquez sur le lien de confirmation.<\/strong><\/strong><\/strong><\/p>\n<p>C&rsquo;est fait ! C&rsquo;est tout ce dont nous avons besoin, pour nous assurer de la bonne adresse \u00e9lectronique pour que tu re\u00e7oives nos informations !<\/p>\n<p><span><img decoding=\"async\" alt=\"Karen and Christophe\" data-id=\"372\" width=\"504\" height=\"82\" title=\"Karen and Christophe\" src=\"http:\/\/justgopink.com\/wp-content\/uploads\/2020\/04\/Signature_Karen_Christophe.png\" style=\"\"><\/span><\/p>\n<p style=\"text-align: center;\"><a href=\"http:\/\/justgopink.com\/fr\/\" style=\"outline: none;\">&lt;&lt;&lt; Retour \u00e0 la page d&rsquo;accueil<\/a><\/p>\n","protected":false},"excerpt":{"rendered":"<p>Merci pour ton inscription! Regarde la vid\u00e9o ci-dessous pour la prochaine \u00e9tape : Tu n&rsquo;as plus qu&rsquo;un pas \u00e0 faire pour avoir acc\u00e8s \u00e0 ta&nbsp;\u00ab Fiche de Changement&nbsp;\u00bb gratuite&nbsp;! Regarde dans ta bo\u00eete aux lettres \u00e9lectronique et recherche le courriel que nous venons de t&rsquo;envoyer. Si nous connaissons d\u00e9j\u00e0 ton adresse \u00e9lectronique, tu recevras un [&hellip;]<\/p>\n","protected":false},"author":1,"featured_media":0,"parent":920,"menu_order":0,"comment_status":"closed","ping_status":"closed","template":"","meta":{"footnotes":""},"_links":{"self":[{"href":"https:\/\/justgopink.com\/fr\/wp-json\/wp\/v2\/pages\/988"}],"collection":[{"href":"https:\/\/justgopink.com\/fr\/wp-json\/wp\/v2\/pages"}],"about":[{"href":"https:\/\/justgopink.com\/fr\/wp-json\/wp\/v2\/types\/page"}],"author":[{"embeddable":true,"href":"https:\/\/justgopink.com\/fr\/wp-json\/wp\/v2\/users\/1"}],"replies":[{"embeddable":true,"href":"https:\/\/justgopink.com\/fr\/wp-json\/wp\/v2\/comments?post=988"}],"version-history":[{"count":0,"href":"https:\/\/justgopink.com\/fr\/wp-json\/wp\/v2\/pages\/988\/revisions"}],"up":[{"embeddable":true,"href":"https:\/\/justgopink.com\/fr\/wp-json\/wp\/v2\/pages\/920"}],"wp:attachment":[{"href":"https:\/\/justgopink.com\/fr\/wp-json\/wp\/v2\/media?parent=988"}],"curies":[{"name":"wp","href":"https:\/\/api.w.org\/{rel}","templated":true}]}}