{"id":989,"date":"2020-04-12T11:11:44","date_gmt":"2020-04-12T11:11:44","guid":{"rendered":"https:\/\/staging.justgopink.com\/join-us\/change-sheet-download\/"},"modified":"2020-07-31T10:01:30","modified_gmt":"2020-07-31T10:01:30","slug":"voici-ton-telechargement-de-la-fiche-de-changement","status":"publish","type":"page","link":"https:\/\/justgopink.com\/fr\/rejoins-nous\/voici-ton-telechargement-de-la-fiche-de-changement\/","title":{"rendered":"Voici ton t\u00e9l\u00e9chargement de la Fiche de Changement"},"content":{"rendered":"<h2 style=\"text-align: center;\"><span>Merci<\/span> pour l&rsquo;inscription!<\/h2>\n<p style=\"text-align: center;\">Clique sur le bouton \u00ab\u00a0D\u00e9marre le t\u00e9l\u00e9chargement\u00a0\u00bb pour avoir le PDF.<\/p>\n<p>                    <span style=\"\"><img decoding=\"async\" alt=\"Karen &amp; Christophe\" data-id=\"2679\" width=\"118\" data-init-width=\"225\" height=\"157\" data-init-height=\"300\" title=\"KarenChristophe\" loading=\"lazy\" src=\"http:\/\/justgopink.com\/wp-content\/uploads\/2020\/07\/KarenChristophe-225x300.jpg\" data-width=\"118\" data-height=\"157\" ml-t=\"0\" style=\"\" mt-t=\"-3\" ml-m=\"0\" mt-m=\"-1\" mt-d=\"0\" ml-d=\"-1\"><\/span><\/p>\n<p><strong><strong>Profite bien de notre &nbsp;\u00ab <strong>Fiche de Changement <strong><strong>\u00bb<\/strong><\/strong><\/strong> !<\/strong><\/strong><\/p>\n<p>Nous esp\u00e9rons que ce sera le d\u00e9but de nombreuses am\u00e9liorations dans ta vie. N&rsquo;h\u00e9site pas \u00e0 <a href=\"https:\/\/justgopink.com\/fr\/contact\/\" style=\"outline: none;\" target=\"_blank\" rel=\"noopener noreferrer\">nous contacter<\/a> si tu as des questions.<\/p>\n<p><span><img decoding=\"async\" alt=\"Karen and Christophe\" data-id=\"372\" width=\"504\" height=\"82\" title=\"Karen and Christophe\" src=\"http:\/\/justgopink.com\/wp-content\/uploads\/2020\/04\/Signature_Karen_Christophe.png\" style=\"\"><\/span><\/p>\n","protected":false},"excerpt":{"rendered":"<p>Merci pour l&rsquo;inscription! Clique sur le bouton \u00ab\u00a0D\u00e9marre le t\u00e9l\u00e9chargement\u00a0\u00bb pour avoir le PDF. Profite bien de notre &nbsp;\u00ab Fiche de Changement \u00bb ! Nous esp\u00e9rons que ce sera le d\u00e9but de nombreuses am\u00e9liorations dans ta vie. N&rsquo;h\u00e9site pas \u00e0 nous contacter si tu as des questions.<\/p>\n","protected":false},"author":1,"featured_media":0,"parent":920,"menu_order":0,"comment_status":"closed","ping_status":"closed","template":"","meta":{"footnotes":""},"_links":{"self":[{"href":"https:\/\/justgopink.com\/fr\/wp-json\/wp\/v2\/pages\/989"}],"collection":[{"href":"https:\/\/justgopink.com\/fr\/wp-json\/wp\/v2\/pages"}],"about":[{"href":"https:\/\/justgopink.com\/fr\/wp-json\/wp\/v2\/types\/page"}],"author":[{"embeddable":true,"href":"https:\/\/justgopink.com\/fr\/wp-json\/wp\/v2\/users\/1"}],"replies":[{"embeddable":true,"href":"https:\/\/justgopink.com\/fr\/wp-json\/wp\/v2\/comments?post=989"}],"version-history":[{"count":0,"href":"https:\/\/justgopink.com\/fr\/wp-json\/wp\/v2\/pages\/989\/revisions"}],"up":[{"embeddable":true,"href":"https:\/\/justgopink.com\/fr\/wp-json\/wp\/v2\/pages\/920"}],"wp:attachment":[{"href":"https:\/\/justgopink.com\/fr\/wp-json\/wp\/v2\/media?parent=989"}],"curies":[{"name":"wp","href":"https:\/\/api.w.org\/{rel}","templated":true}]}}