{"id":990,"date":"2020-04-17T14:21:16","date_gmt":"2020-04-17T14:21:16","guid":{"rendered":"https:\/\/staging.justgopink.com\/join-us\/change-sheet-testimonial\/"},"modified":"2020-09-10T08:33:33","modified_gmt":"2020-09-10T08:33:33","slug":"fiche-changement-laisse-nous-un-temoignage","status":"publish","type":"page","link":"https:\/\/justgopink.com\/fr\/rejoins-nous\/fiche-changement-laisse-nous-un-temoignage\/","title":{"rendered":"Laisse-nous un t\u00e9moignage"},"content":{"rendered":"<p>Remove Picture<span>Pourquoi as-tu t\u00e9l\u00e9charg\u00e9 la \u00ab Fiche de Changement \u00bb  ?<\/span><span>Comment la \u00ab Fiche de Changement \u00bb t&rsquo;a-t-elle aid\u00e9 ?<\/span><span>Quels changements ont eu lieu depuis que tu as t\u00e9l\u00e9charg\u00e9 la \u00ab Fiche de Changement \u00bb  ?<\/span>Envoi<img decoding=\"async\" src=\"http:\/\/justgopink.com\/wp-content\/plugins\/thrive-ovation\/templates\/css\/images\/capture-default-image.png\" alt=\"\" height=\"94\" width=\"100\"\/><\/p>\n<p>Merci d&rsquo;avoir transmis ton t\u00e9moignage.<\/p>\n","protected":false},"excerpt":{"rendered":"<p>Remove PicturePourquoi as-tu t\u00e9l\u00e9charg\u00e9 la \u00ab Fiche de Changement \u00bb ?Comment la \u00ab Fiche de Changement \u00bb t&rsquo;a-t-elle aid\u00e9 ?Quels changements ont eu lieu depuis que tu as t\u00e9l\u00e9charg\u00e9 la \u00ab Fiche de Changement \u00bb ?Envoi Merci d&rsquo;avoir transmis ton t\u00e9moignage.<\/p>\n","protected":false},"author":1,"featured_media":0,"parent":920,"menu_order":0,"comment_status":"closed","ping_status":"closed","template":"","meta":{"footnotes":""},"_links":{"self":[{"href":"https:\/\/justgopink.com\/fr\/wp-json\/wp\/v2\/pages\/990"}],"collection":[{"href":"https:\/\/justgopink.com\/fr\/wp-json\/wp\/v2\/pages"}],"about":[{"href":"https:\/\/justgopink.com\/fr\/wp-json\/wp\/v2\/types\/page"}],"author":[{"embeddable":true,"href":"https:\/\/justgopink.com\/fr\/wp-json\/wp\/v2\/users\/1"}],"replies":[{"embeddable":true,"href":"https:\/\/justgopink.com\/fr\/wp-json\/wp\/v2\/comments?post=990"}],"version-history":[{"count":0,"href":"https:\/\/justgopink.com\/fr\/wp-json\/wp\/v2\/pages\/990\/revisions"}],"up":[{"embeddable":true,"href":"https:\/\/justgopink.com\/fr\/wp-json\/wp\/v2\/pages\/920"}],"wp:attachment":[{"href":"https:\/\/justgopink.com\/fr\/wp-json\/wp\/v2\/media?parent=990"}],"curies":[{"name":"wp","href":"https:\/\/api.w.org\/{rel}","templated":true}]}}