{"id":991,"date":"2020-04-16T10:55:23","date_gmt":"2020-04-16T10:55:23","guid":{"rendered":"https:\/\/staging.justgopink.com\/a-beginners-guide-to-healthier-and-happier-living\/download-beginners-guide\/"},"modified":"2020-11-06T15:09:54","modified_gmt":"2020-11-06T15:09:54","slug":"telecharger-le-guide-du-debutant","status":"publish","type":"page","link":"https:\/\/justgopink.com\/fr\/guide-du-debutant-pour-une-vie-plus-saine-et-plus-heureuse\/telecharger-le-guide-du-debutant\/","title":{"rendered":"T\u00e9l\u00e9charger le Guide du D\u00e9butant"},"content":{"rendered":"<h2 style=\"text-align: center;\"><span style=\"color: var(--tcb-color-0);\">Merci<\/span> pour l&rsquo;inscription!<\/h2>\n<p style=\"text-align: center;\">Regarde la vid\u00e9o ci-dessous pour la prochaine \u00e9tape :<\/p>\n<p><span><img decoding=\"async\" alt=\"Guide De\u0301butant Ebook\" data-id=\"1013\" width=\"175\" height=\"273\" title=\"Guide De\u0301butant Ebook\" src=\"http:\/\/justgopink.com\/wp-content\/uploads\/2020\/05\/GuideDe\u0301butantEbookCover-1-192x300.png\" data-init-width=\"192\" data-init-height=\"300\" loading=\"lazy\" data-width=\"175\" data-height=\"273\" style=\"\"><\/span><\/p>\n<p><strong><strong>Tu n&rsquo;as plus qu&rsquo;un pas \u00e0 faire pour avoir<\/strong>&nbsp;acc\u00e8s \u00e0 ton \u00ab\u00a0Guide du d\u00e9butant pour une vie plus saine et plus heureuse\u00a0\u00bb !<\/strong><\/p>\n<p>Regarde dans ta bo\u00eete aux lettres \u00e9lectronique et recherche le courriel que nous venons de t&rsquo;envoyer.&nbsp;<\/p>\n<p><em>Si nous connaissons d\u00e9j\u00e0 ton adresse email<\/em>, tu recevras un courriel de Just Go Pink! avec pour sujet \u00ab\u00a0Voici ton lien de t\u00e9l\u00e9chargement&#8230;\u00a0\u00bb.&nbsp;<\/p>\n<p><em>Si nous ne connaissons pas encore votre adresse email<\/em>, le sujet sera \u00ab\u00a0S\u2019il-te-pla\u00eet confirme ton adresse email&#8230;\u00a0\u00bb.<\/p>\n<p><strong><strong>Ensuite il suffit d&rsquo;ouvrir le courriel et de cliquer sur le lien pour acc\u00e9der directement \u00e0 la page de t\u00e9l\u00e9chargement.. ou bien de cliquez sur le lien de confirmation.<\/strong><\/strong><\/p>\n<p>C&rsquo;est fait ! C&rsquo;est tout ce dont nous avons besoin, pour nous assurer que nous avons la bonne adresse email \u00e9lectronique pour que tu re\u00e7oives nos informations !<\/p>\n<p><span><img decoding=\"async\" alt=\"Karen and Christophe\" data-id=\"372\" width=\"504\" height=\"82\" title=\"Karen and Christophe\" src=\"http:\/\/justgopink.com\/wp-content\/uploads\/2020\/04\/Signature_Karen_Christophe.png\" style=\"\"><\/span><\/p>\n<p style=\"text-align: center;\"><a href=\"http:\/\/justgopink.com\/fr\/\" style=\"outline: none;\">&lt;&lt;&lt; Retour \u00e0 la page d&rsquo;accueil<\/a><\/p>\n","protected":false},"excerpt":{"rendered":"<p>Merci pour l&rsquo;inscription! Regarde la vid\u00e9o ci-dessous pour la prochaine \u00e9tape : Tu n&rsquo;as plus qu&rsquo;un pas \u00e0 faire pour avoir&nbsp;acc\u00e8s \u00e0 ton \u00ab\u00a0Guide du d\u00e9butant pour une vie plus saine et plus heureuse\u00a0\u00bb ! Regarde dans ta bo\u00eete aux lettres \u00e9lectronique et recherche le courriel que nous venons de t&rsquo;envoyer.&nbsp; Si nous connaissons d\u00e9j\u00e0 [&hellip;]<\/p>\n","protected":false},"author":1,"featured_media":0,"parent":915,"menu_order":0,"comment_status":"closed","ping_status":"closed","template":"","meta":{"footnotes":""},"_links":{"self":[{"href":"https:\/\/justgopink.com\/fr\/wp-json\/wp\/v2\/pages\/991"}],"collection":[{"href":"https:\/\/justgopink.com\/fr\/wp-json\/wp\/v2\/pages"}],"about":[{"href":"https:\/\/justgopink.com\/fr\/wp-json\/wp\/v2\/types\/page"}],"author":[{"embeddable":true,"href":"https:\/\/justgopink.com\/fr\/wp-json\/wp\/v2\/users\/1"}],"replies":[{"embeddable":true,"href":"https:\/\/justgopink.com\/fr\/wp-json\/wp\/v2\/comments?post=991"}],"version-history":[{"count":0,"href":"https:\/\/justgopink.com\/fr\/wp-json\/wp\/v2\/pages\/991\/revisions"}],"up":[{"embeddable":true,"href":"https:\/\/justgopink.com\/fr\/wp-json\/wp\/v2\/pages\/915"}],"wp:attachment":[{"href":"https:\/\/justgopink.com\/fr\/wp-json\/wp\/v2\/media?parent=991"}],"curies":[{"name":"wp","href":"https:\/\/api.w.org\/{rel}","templated":true}]}}