{"id":992,"date":"2020-04-15T11:11:18","date_gmt":"2020-04-15T11:11:18","guid":{"rendered":"https:\/\/staging.justgopink.com\/a-beginners-guide-to-healthier-and-happier-living\/beginners-guide-download\/"},"modified":"2020-07-31T10:03:40","modified_gmt":"2020-07-31T10:03:40","slug":"voici-ton-telechargement","status":"publish","type":"page","link":"https:\/\/justgopink.com\/fr\/guide-du-debutant-pour-une-vie-plus-saine-et-plus-heureuse\/voici-ton-telechargement\/","title":{"rendered":"Voici ton t\u00e9l\u00e9chargement du Guide du D\u00e9butant"},"content":{"rendered":"<h2 style=\"text-align: center;\"><span style=\"color: var(--tcb-color-0);\">Merci<\/span> pour l&rsquo;inscription!<\/h2>\n<p style=\"text-align: center;\">Clique sur le bouton \u00ab\u00a0D\u00e9marre le t\u00e9l\u00e9chargement\u00a0\u00bb pour avoir le PDF.<\/p>\n<p>                    <span style=\"\"><img decoding=\"async\" alt=\"Karen &amp; Christophe\" data-id=\"2679\" width=\"150\" data-init-width=\"150\" height=\"150\" data-init-height=\"150\" title=\"KarenChristophe\" loading=\"lazy\" src=\"http:\/\/justgopink.com\/wp-content\/uploads\/2020\/07\/KarenChristophe-150x150.jpg\" data-width=\"150\" data-height=\"150\" style=\"\" ml-d=\"-8\" center-h-d=\"false\"><\/span><\/p>\n<p><strong>Profite bien de notre <strong><strong>\u00ab&nbsp;<\/strong><\/strong>Guide du D\u00e9butant pour une Vie Plus Saine et Plus Heureuse <strong><strong>\u00bb<\/strong><\/strong> !<\/strong><\/p>\n<p>Nous esp\u00e9rons que ce sera le d\u00e9but de nombreuses am\u00e9liorations dans ta vie. N&rsquo;h\u00e9site pas \u00e0 <a href=\"https:\/\/justgopink.com\/fr\/contact\/\" style=\"outline: none;\" target=\"_blank\" rel=\"noopener noreferrer\">nous contacter<\/a> si tu as des questions.<\/p>\n<p><span><img decoding=\"async\" alt=\"Karen and Christophe\" data-id=\"372\" width=\"214\" height=\"34\" title=\"Karen and Christophe\" src=\"http:\/\/justgopink.com\/wp-content\/uploads\/2020\/04\/Signature_Karen_Christophe.png\" style=\"\" data-width=\"214\" data-height=\"34\" data-init-width=\"504\" data-init-height=\"82\"><\/span><\/p>\n","protected":false},"excerpt":{"rendered":"<p>Merci pour l&rsquo;inscription! Clique sur le bouton \u00ab\u00a0D\u00e9marre le t\u00e9l\u00e9chargement\u00a0\u00bb pour avoir le PDF. Profite bien de notre \u00ab&nbsp;Guide du D\u00e9butant pour une Vie Plus Saine et Plus Heureuse \u00bb ! Nous esp\u00e9rons que ce sera le d\u00e9but de nombreuses am\u00e9liorations dans ta vie. N&rsquo;h\u00e9site pas \u00e0 nous contacter si tu as des questions.<\/p>\n","protected":false},"author":1,"featured_media":0,"parent":915,"menu_order":0,"comment_status":"closed","ping_status":"closed","template":"","meta":{"footnotes":""},"_links":{"self":[{"href":"https:\/\/justgopink.com\/fr\/wp-json\/wp\/v2\/pages\/992"}],"collection":[{"href":"https:\/\/justgopink.com\/fr\/wp-json\/wp\/v2\/pages"}],"about":[{"href":"https:\/\/justgopink.com\/fr\/wp-json\/wp\/v2\/types\/page"}],"author":[{"embeddable":true,"href":"https:\/\/justgopink.com\/fr\/wp-json\/wp\/v2\/users\/1"}],"replies":[{"embeddable":true,"href":"https:\/\/justgopink.com\/fr\/wp-json\/wp\/v2\/comments?post=992"}],"version-history":[{"count":0,"href":"https:\/\/justgopink.com\/fr\/wp-json\/wp\/v2\/pages\/992\/revisions"}],"up":[{"embeddable":true,"href":"https:\/\/justgopink.com\/fr\/wp-json\/wp\/v2\/pages\/915"}],"wp:attachment":[{"href":"https:\/\/justgopink.com\/fr\/wp-json\/wp\/v2\/media?parent=992"}],"curies":[{"name":"wp","href":"https:\/\/api.w.org\/{rel}","templated":true}]}}